{"id":432452,"date":"2025-11-19T15:52:25","date_gmt":"2025-11-19T15:52:25","guid":{"rendered":"https:\/\/oraculums.com\/?post_type=product&#038;p=432452"},"modified":"2025-11-30T15:29:49","modified_gmt":"2025-11-30T15:29:49","slug":"triple-love-ritual-gifts","status":"publish","type":"product","link":"https:\/\/oraculums.com\/sv\/produkt\/triple-love-ritual-gifts\/","title":{"rendered":"Ritual f\u00f6r trefaldig k\u00e4rlek + g\u00e5vor"},"content":{"rendered":"","protected":false},"excerpt":{"rendered":"<div style=\"text-align: center;\">\n<h1><\/h1>\n<h1><span style=\"color: #000000;\"><strong>Did you know there&#8217;s a magical ritual that helps win the heart of your beloved without side effects?<\/strong><\/span><\/h1>\n<p><span style=\"color: #000000; font-size: 105%;\">Are you in love but the other person doesn&#8217;t return your feelings? Do you want to strengthen your current relationship? Does it feel like fate is throwing obstacles in your way?<\/span><\/p>\n<p><span style=\"color: #000000; font-size: 105%;\"><strong>Now you can turn fate to your side and make it work in your favor. <\/strong>Believe that if you don&#8217;t try every possibility, you&#8217;ll regret it for the rest of your life and keep saying <em>what if<\/em>, but then it will be too late to change anything. <\/span><\/p>\n<p><span style=\"font-size: 105%;\"><span style=\"color: #000000;\"><strong> This magical ritual will connect your souls, allowing fate to help you find your way to each other.<\/strong><\/span><\/span><\/p>\n<p><span style=\"font-size: 105%;\"><span style=\"color: #000000;\">After ordering, <strong>we&#8217;ll perform a customized magical ritual for you within 24 hours<\/strong>. No black magic or side effects, just the pure power of the universe that works. Don&#8217;t wait until it&#8217;s too late &#8211; try it now. <\/span><strong>100% confidential!<\/strong><\/span><\/p>\n<\/div>","protected":false},"featured_media":409636,"template":"","meta":[],"product_brand":[],"product_cat":[6115,6113],"product_tag":[],"class_list":{"0":"post-432452","1":"product","2":"type-product","3":"status-publish","4":"has-post-thumbnail","6":"product_cat-ritualy","7":"product_cat-sluzby","9":"first","10":"instock","11":"sale","12":"virtual","13":"sold-individually","14":"purchasable","15":"product-type-simple"},"_links":{"self":[{"href":"https:\/\/oraculums.com\/sv\/wp-json\/wp\/v2\/product\/432452","targetHints":{"allow":["GET"]}}],"collection":[{"href":"https:\/\/oraculums.com\/sv\/wp-json\/wp\/v2\/product"}],"about":[{"href":"https:\/\/oraculums.com\/sv\/wp-json\/wp\/v2\/types\/product"}],"wp:featuredmedia":[{"embeddable":true,"href":"https:\/\/oraculums.com\/sv\/wp-json\/wp\/v2\/media\/409636"}],"wp:attachment":[{"href":"https:\/\/oraculums.com\/sv\/wp-json\/wp\/v2\/media?parent=432452"}],"wp:term":[{"taxonomy":"product_brand","embeddable":true,"href":"https:\/\/oraculums.com\/sv\/wp-json\/wp\/v2\/product_brand?post=432452"},{"taxonomy":"product_cat","embeddable":true,"href":"https:\/\/oraculums.com\/sv\/wp-json\/wp\/v2\/product_cat?post=432452"},{"taxonomy":"product_tag","embeddable":true,"href":"https:\/\/oraculums.com\/sv\/wp-json\/wp\/v2\/product_tag?post=432452"}],"curies":[{"name":"wp","href":"https:\/\/api.w.org\/{rel}","templated":true}]}}