{"id":432129,"date":"2025-11-11T18:58:41","date_gmt":"2025-11-11T18:58:41","guid":{"rendered":"https:\/\/oraculums.com\/?post_type=product&#038;p=432129"},"modified":"2025-11-23T10:54:26","modified_gmt":"2025-11-23T10:54:26","slug":"gyors","status":"publish","type":"product","link":"https:\/\/oraculums.com\/sv\/produkt\/gyors\/","title":{"rendered":"Gyors B\u0151s\u00e9gvonz\u00f3 Csomag"},"content":{"rendered":"","protected":false},"excerpt":{"rendered":"","protected":false},"featured_media":432130,"template":"","meta":[],"product_brand":[],"product_cat":[6128],"product_tag":[],"class_list":{"0":"post-432129","1":"product","2":"type-product","3":"status-publish","4":"has-post-thumbnail","6":"product_cat-nezarazene","8":"first","9":"instock","10":"sale","11":"virtual","12":"sold-individually","13":"purchasable","14":"product-type-simple"},"_links":{"self":[{"href":"https:\/\/oraculums.com\/sv\/wp-json\/wp\/v2\/product\/432129","targetHints":{"allow":["GET"]}}],"collection":[{"href":"https:\/\/oraculums.com\/sv\/wp-json\/wp\/v2\/product"}],"about":[{"href":"https:\/\/oraculums.com\/sv\/wp-json\/wp\/v2\/types\/product"}],"wp:featuredmedia":[{"embeddable":true,"href":"https:\/\/oraculums.com\/sv\/wp-json\/wp\/v2\/media\/432130"}],"wp:attachment":[{"href":"https:\/\/oraculums.com\/sv\/wp-json\/wp\/v2\/media?parent=432129"}],"wp:term":[{"taxonomy":"product_brand","embeddable":true,"href":"https:\/\/oraculums.com\/sv\/wp-json\/wp\/v2\/product_brand?post=432129"},{"taxonomy":"product_cat","embeddable":true,"href":"https:\/\/oraculums.com\/sv\/wp-json\/wp\/v2\/product_cat?post=432129"},{"taxonomy":"product_tag","embeddable":true,"href":"https:\/\/oraculums.com\/sv\/wp-json\/wp\/v2\/product_tag?post=432129"}],"curies":[{"name":"wp","href":"https:\/\/api.w.org\/{rel}","templated":true}]}}