{"id":5735,"date":"2018-10-03T18:44:13","date_gmt":"2018-10-03T18:44:13","guid":{"rendered":"https:\/\/dimgrey-whale-895460.hostingersite.com\/?page_id=5735"},"modified":"2025-08-23T10:21:07","modified_gmt":"2025-08-23T10:21:07","slug":"ochrana-osobnich-udaju","status":"publish","type":"page","link":"https:\/\/oraculums.com\/sv\/ochrana-osobnich-udaju\/","title":{"rendered":"Integritetspolicy"},"content":{"rendered":"<header><\/header>\r\n<div><header><header>Vi driver en e-butik p\u00e5 webbplatsen oraculums.com\r\n<p>F\u00f6r att kunna tillhandah\u00e5lla v\u00e5ra tj\u00e4nster, s\u00e4lja varor och sk\u00f6ta driften av v\u00e5r webbplats behandlar vi vissa personuppgifter.<\/p>\r\n<p>&nbsp;<\/p>\r\n<p>Behandlingen av personuppgifter regleras s\u00e4rskilt av Europaparlamentets och r\u00e5dets f\u00f6rordning (EU) 2016\/679 av den 27 april 2016 om skydd f\u00f6r enskilda personer med avseende p\u00e5 behandling av personuppgifter och om det fria fl\u00f6det av s\u00e5dana uppgifter och om upph\u00e4vande av direktiv 95\/46\/EG (allm\u00e4n dataskyddsf\u00f6rordning - personuppgifter) (\u201cGDPR\u201d)<\/p>\r\n<p>I. Behandling av personuppgifter<br \/>A. Behandling av personuppgifter vid anv\u00e4ndning av kontaktformul\u00e4ret<\/p>\r\n<p>&nbsp;<\/p>\r\n<p>Om du fr\u00e5gar om v\u00e5ra produkter och tj\u00e4nster kommer vi att arbeta med din kontaktinformation som du ger oss, fr\u00e4mst genom f\u00f6rfr\u00e5gningsformul\u00e4ret. De \u00e4r: ............................<\/p>\r\n<p>&nbsp;<\/p>\r\n<p>Av vilken anledning?<\/p>\r\n<p>Vi kommer att kontakta dig via dem f\u00f6r vidare arrangemang avseende varor och tj\u00e4nster.<\/p>\r\n<p>&nbsp;<\/p>\r\n<p>P\u00e5 vilken r\u00e4ttslig grund?<\/p>\r\n<p>Detta \u00e4r behandling p\u00e5 grundval av artikel 6.1 b i GDPR - f\u00f6rhandling om ett avtal eller genomf\u00f6rande av \u00e5tg\u00e4rder f\u00f6re avtalets ing\u00e5ende p\u00e5 din beg\u00e4ran.<\/p>\r\n<p>&nbsp;<\/p>\r\n<p>Hur l\u00e4nge kommer vi att behandla personuppgifter?<\/p>\r\n<p>Om vi inte inleder n\u00e5got ytterligare samarbete kommer vi att behandla dina uppgifter under h\u00f6gst 90 dagar efter v\u00e5r senaste kommunikation.<\/p>\r\n<p>&nbsp;<\/p>\r\n<p>B. Behandling av personuppgifter vid k\u00f6p<\/p>\r\n<p>&nbsp;<\/p>\r\n<p>Om du g\u00f6r ett k\u00f6p hos oss kommer vi att arbeta med de uppgifter du fyller i \u00e5t oss. Det \u00e4r fr\u00e4mst faktureringsuppgifter: namn, efternamn, adress.<\/p>\r\n<p>&nbsp;<\/p>\r\n<p>Av vilken anledning?<\/p>\r\n<p>Vi beh\u00f6ver behandla personuppgifter f\u00f6r att fullg\u00f6ra v\u00e5rt avtal - att leverera v\u00e5ra varor eller tj\u00e4nster till dig. Vi kommer ocks\u00e5 att kommunicera med dig via kontaktuppgifterna ang\u00e5ende status f\u00f6r din best\u00e4llning, eventuellt ang\u00e5ende klagom\u00e5l eller dina fr\u00e5gor.<\/p>\r\n<p>Vi kommer att forts\u00e4tta att behandla personuppgifter f\u00f6r att fullg\u00f6ra v\u00e5ra skyldigheter enligt lag (fr\u00e4mst f\u00f6r redovisnings- och skatte\u00e4ndam\u00e5l, eventuellt f\u00f6r att behandla klagom\u00e5l och annat).<\/p>\r\n<p>&nbsp;<\/p>\r\n<p>P\u00e5 vilken r\u00e4ttslig grund behandlar vi personuppgifter?<\/p>\r\n<p>Detta \u00e4r behandling p\u00e5 grundval av artikel 6.1 b i GDPR - fullg\u00f6rande av avtalet och artikel 6.1 c i GDPR - fullg\u00f6rande av v\u00e5r r\u00e4ttsliga skyldighet.<\/p>\r\n<p>&nbsp;<\/p>\r\n<p>Hur l\u00e4nge kommer vi att behandla personuppgifter?<\/p>\r\n<p>Under den tid som v\u00e5r tj\u00e4nst utf\u00f6rs och sedan ......... fr\u00e5n det sista tillhandah\u00e5llandet av s\u00e5dan tj\u00e4nst eller leverans av varor.<\/p>\r\n<p>&nbsp;<\/p>\r\n<p>C. Nyhetsbrev<\/p>\r\n<p>Om du \u00e4r en kund som handlar och inte valde bort oss vid k\u00f6ptillf\u00e4llet anv\u00e4nder vi din e-postadress f\u00f6r att skicka v\u00e5ra nyhetsbrev.<\/p>\r\n<p>&nbsp;<\/p>\r\n<p>P\u00e5 vilken r\u00e4ttslig grund?<\/p>\r\n<p>Vi har r\u00e4tt att g\u00f6ra detta enligt avsnitt 7, punkt 3 i lag nr 480\/2004 om vissa informationssamh\u00e4llets tj\u00e4nster, om du inte har f\u00f6rbjudit oss att g\u00f6ra detta under k\u00f6pet.<\/p>\r\n<p>&nbsp;<\/p>\r\n<p>Hur l\u00e4nge kommer vi att behandla personuppgifter?<\/p>\r\n<p>2 \u00e5r\/\u00e5r sedan ditt senaste k\u00f6p. Du kan n\u00e4r som helst avregistrera dig fr\u00e5n nyhetsbrevet via e-post eller kontakta oss p\u00e5 e-post: info@oraculums.com<\/p>\r\n<p>Vi behandlar personuppgifter endast inom Europeiska unionens territorium.<\/p>\r\n<p>&nbsp;<\/p>\r\n<p>III. Vad mer b\u00f6r du veta?<br \/>Vi har inte\/har inte utsett n\u00e5got dataskyddsombud i v\u00e5rt f\u00f6retag.<\/p>\r\n<p>&nbsp;<\/p>\r\n<p>V\u00e5rt f\u00f6retag fattar inte\/inte fattar beslut baserat p\u00e5 automatisk behandling eller profilering.<\/p>\r\n<p>&nbsp;<\/p>\r\n<p>Om du har n\u00e5gra fr\u00e5gor om personuppgifter, v\u00e4nligen kontakta oss p\u00e5 e-postadressen<strong> info@oraculums.com<\/strong><\/p>\r\n<p>&nbsp;<\/p>\r\n<p>IV. Anv\u00e4ndning av cookies<br \/>Cookies \u00e4r textfiler som inneh\u00e5ller en liten m\u00e4ngd information som laddas ner till din enhet n\u00e4r du bes\u00f6ker v\u00e5r webbplats. Cookies skickas sedan tillbaka till webbplatsen eller en annan webbplats som k\u00e4nner igen dem vid varje efterf\u00f6ljande bes\u00f6k.<\/p>\r\n<p>&nbsp;<\/p>\r\n<p>Cookies utf\u00f6r olika uppgifter, t.ex. m\u00f6jligg\u00f6r de effektiv navigering mellan webbsidor, kommer ih\u00e5g dina preferenser och f\u00f6rb\u00e4ttrar anv\u00e4ndarupplevelsen \u00f6verlag. De kan ocks\u00e5 se till att de annonser som visas online \u00e4r b\u00e4ttre anpassade till dig och dina intressen.<\/p>\r\n<p>&nbsp;<\/p>\r\n<p>Vi anv\u00e4nder f\u00f6ljande cookies p\u00e5 webbplatsen:<\/p>\r\n<p>N\u00f6dv\u00e4ndiga cookies: de \u00e4r n\u00f6dv\u00e4ndiga f\u00f6r att webbplatsen ska fungera, t.ex. f\u00f6r att du ska kunna logga in p\u00e5 s\u00e4kra delar av webbplatsen och andra grundl\u00e4ggande funktioner p\u00e5 webbplatsen.<\/p>\r\n<\/header><\/header><\/div>","protected":false},"excerpt":{"rendered":"<p>We operate an e-shop on the website oraculums.com For the provision of our services, the sale of goods and the operation of our website, we process some personal data. &nbsp; The processing of personal data is regulated in particular by Regulation (EU) 2016\/679 of the European Parliament and of the Council of 27 April 2016 [&#8230;]","protected":false},"author":1,"featured_media":0,"parent":0,"menu_order":0,"comment_status":"closed","ping_status":"closed","template":"","meta":{"footnotes":""},"class_list":["post-5735","page","type-page","status-publish","hentry"],"_links":{"self":[{"href":"https:\/\/oraculums.com\/sv\/wp-json\/wp\/v2\/pages\/5735","targetHints":{"allow":["GET"]}}],"collection":[{"href":"https:\/\/oraculums.com\/sv\/wp-json\/wp\/v2\/pages"}],"about":[{"href":"https:\/\/oraculums.com\/sv\/wp-json\/wp\/v2\/types\/page"}],"author":[{"embeddable":true,"href":"https:\/\/oraculums.com\/sv\/wp-json\/wp\/v2\/users\/1"}],"replies":[{"embeddable":true,"href":"https:\/\/oraculums.com\/sv\/wp-json\/wp\/v2\/comments?post=5735"}],"version-history":[{"count":0,"href":"https:\/\/oraculums.com\/sv\/wp-json\/wp\/v2\/pages\/5735\/revisions"}],"wp:attachment":[{"href":"https:\/\/oraculums.com\/sv\/wp-json\/wp\/v2\/media?parent=5735"}],"curies":[{"name":"wp","href":"https:\/\/api.w.org\/{rel}","templated":true}]}}