{"id":5733,"date":"2018-10-03T18:43:31","date_gmt":"2018-10-03T18:43:31","guid":{"rendered":"https:\/\/dimgrey-whale-895460.hostingersite.com\/?page_id=5733"},"modified":"2025-08-23T10:22:00","modified_gmt":"2025-08-23T10:22:00","slug":"zasady-pouzivani-souboru-cookies","status":"publish","type":"page","link":"https:\/\/oraculums.com\/sv\/zasady-pouzivani-souboru-cookies\/","title":{"rendered":"Policy f\u00f6r cookies"},"content":{"rendered":"<header>\n<header>\n<h1>Ecommerce Professionals Group LLC Sekretesspolicy.<\/h1>\n<p>Denna sekretesspolicy beskriver hur Ecommerce Professionals Group LLC (\u201cwebbplatsen\u201d, \u201cvi\u201d, \u201coss\u201d eller \u201cv\u00e5r\u201d) samlar in, anv\u00e4nder och avsl\u00f6jar dina personuppgifter<br \/>\ninformation n\u00e4r du bes\u00f6ker, anv\u00e4nder v\u00e5ra tj\u00e4nster eller g\u00f6r ett k\u00f6p fr\u00e5n oraculums.com (\u201cwebbplatsen\u201d) eller p\u00e5 annat s\u00e4tt kommunicerar med oss (kollektivt<br \/>\n\u201cTj\u00e4nster\u201d). I denna integritetspolicy avser \u201cdu\u201d och \u201cdin\u201d dig som anv\u00e4ndare av tj\u00e4nsterna, oavsett om du \u00e4r kund, webbplatsbes\u00f6kare eller<br \/>\nannan person vars information vi har samlat in i enlighet med denna integritetspolicy.<br \/>\nL\u00e4s denna integritetspolicy noggrant. Genom att anv\u00e4nda och f\u00e5 tillg\u00e5ng till n\u00e5gon av tj\u00e4nsterna samtycker du till insamling, anv\u00e4ndning och utl\u00e4mnande av din information<br \/>\nenligt vad som beskrivs i denna Integritetspolicy. Om du inte samtycker till denna Integritetspolicy ska du inte anv\u00e4nda eller f\u00e5 tillg\u00e5ng till n\u00e5gon av Tj\u00e4nsterna.<br \/>\n\u00c4ndringar av denna integritetspolicy<br \/>\nVi kan komma att uppdatera denna integritetspolicy fr\u00e5n tid till annan, bland annat f\u00f6r att \u00e5terspegla \u00e4ndringar i v\u00e5r praxis eller av andra operativa, juridiska eller regleringsm\u00e4ssiga sk\u00e4l.<br \/>\nVi kommer att l\u00e4gga upp den reviderade integritetspolicyn p\u00e5 webbplatsen, uppdatera datumet f\u00f6r \u201cSenast uppdaterad\u201d och vidta alla andra \u00e5tg\u00e4rder som kr\u00e4vs enligt till\u00e4mplig lag.<br \/>\nHur vi samlar in och anv\u00e4nder din personliga information<br \/>\nF\u00f6r att tillhandah\u00e5lla tj\u00e4nsterna samlar vi in och har under de senaste 12 m\u00e5naderna samlat in personuppgifter om dig fr\u00e5n en rad olika k\u00e4llor, enligt f\u00f6ljande<br \/>\nnedan. Den information som vi samlar in och anv\u00e4nder varierar beroende p\u00e5 hur du interagerar med oss.<br \/>\nUt\u00f6ver de specifika anv\u00e4ndningsomr\u00e5den som anges nedan kan vi anv\u00e4nda information som vi samlar in om dig f\u00f6r att kommunicera med dig, tillhandah\u00e5lla tj\u00e4nsterna, f\u00f6lja<br \/>\nalla till\u00e4mpliga r\u00e4ttsliga skyldigheter, genomdriva alla till\u00e4mpliga anv\u00e4ndarvillkor och skydda eller f\u00f6rsvara tj\u00e4nsterna, v\u00e5ra r\u00e4ttigheter och v\u00e5ra anv\u00e4ndares r\u00e4ttigheter eller<br \/>\nandra.<br \/>\nVilken personlig information vi samlar in<br \/>\nVilka typer av personuppgifter vi f\u00e5r om dig beror p\u00e5 hur du interagerar med v\u00e5r webbplats och anv\u00e4nder v\u00e5ra tj\u00e4nster. N\u00e4r vi anv\u00e4nder termen<br \/>\n\u201cMed \u201dpersonuppgifter\" avser vi information som identifierar, relaterar till, beskriver eller kan associeras med dig. F\u00f6ljande avsnitt<br \/>\nbeskriva de kategorier och specifika typer av personuppgifter som vi samlar in.<br \/>\nInformation som vi samlar in direkt fr\u00e5n dig<br \/>\nInformation som du direkt skickar till oss via v\u00e5ra tj\u00e4nster kan inkludera:<br \/>\n- Grundl\u00e4ggande kontaktuppgifter, t.ex. namn, adress, telefonnummer och e-post.<br \/>\n- Orderinformation inklusive ditt namn, faktureringsadress, leveransadress, betalningsbekr\u00e4ftelse, e-postadress, telefonnummer.<br \/>\n- Kontoinformation, inklusive ditt anv\u00e4ndarnamn, l\u00f6senord och s\u00e4kerhetsfr\u00e5gor.<br \/>\n- Shoppinginformation, inklusive de artiklar du tittar p\u00e5, l\u00e4gger i din kundvagn eller l\u00e4gger till i din \u00f6nskelista.<br \/>\n- Information om kundsupport, inklusive den information som du v\u00e4ljer att inkludera i kommunikationen med oss, till exempel n\u00e4r du skickar ett meddelande<br \/>\ngenom tj\u00e4nsterna.<br \/>\ngenom tj\u00e4nsterna.<br \/>\nVissa funktioner i tj\u00e4nsterna kan kr\u00e4va att du direkt f\u00f6rser oss med viss information om dig sj\u00e4lv. Du kan v\u00e4lja att inte tillhandah\u00e5lla denna<br \/>\ninformation, men om du g\u00f6r det kan det hindra dig fr\u00e5n att anv\u00e4nda eller f\u00e5 tillg\u00e5ng till dessa funktioner.<br \/>\nInformation som vi samlar in via cookies<br \/>\nVi samlar ocks\u00e5 automatiskt in viss information om din interaktion med tj\u00e4nsterna (\u201cAnv\u00e4ndningsdata\u201d). F\u00f6r att g\u00f6ra detta kan vi anv\u00e4nda cookies, pixlar och<br \/>\nliknande teknik (\u201cCookies\u201d). Anv\u00e4ndningsdata kan inneh\u00e5lla information om hur du kommer \u00e5t och anv\u00e4nder v\u00e5r webbplats och ditt konto, inklusive enhet<br \/>\ninformation, webbl\u00e4sarinformation, information om din n\u00e4tverksanslutning, din IP-adress och annan information om din interaktion med<br \/>\ntj\u00e4nsterna.<br \/>\nInformation som vi erh\u00e5ller fr\u00e5n tredje part<br \/>\nSlutligen kan vi f\u00e5 information om dig fr\u00e5n tredje part, inklusive fr\u00e5n s\u00e4ljare och tj\u00e4nsteleverant\u00f6rer som kan samla in information om v\u00e5r<br \/>\nuppdrag, till exempel:<br \/>\n- F\u00f6retag som st\u00f6der v\u00e5r webbplats och v\u00e5ra tj\u00e4nster, t.ex. Shopify.<br \/>\n- V\u00e5ra betalningsf\u00f6rmedlare, som samlar in betalningsinformation (t.ex. bankkonto, kredit- eller betalkortsinformation, faktureringsadress) f\u00f6r att behandla din<br \/>\nbetalning f\u00f6r att kunna fullg\u00f6ra dina best\u00e4llningar och f\u00f6rse dig med produkter eller tj\u00e4nster som du har beg\u00e4rt, f\u00f6r att kunna fullg\u00f6ra v\u00e5rt avtal med dig.<br \/>\n- N\u00e4r du bes\u00f6ker v\u00e5r webbplats, \u00f6ppnar eller klickar p\u00e5 e-postmeddelanden som vi skickar till dig eller interagerar med v\u00e5ra tj\u00e4nster eller annonser, kan vi eller tredje parter som vi arbetar med<br \/>\nautomatiskt samla in viss information med hj\u00e4lp av online-sp\u00e5rningsteknik som pixlar, webbfyrar, programvaruutvecklarkit och tredjepartsbibliotek,<br \/>\noch kakor.<br \/>\nAll information som vi erh\u00e5ller fr\u00e5n tredje part kommer att behandlas i enlighet med denna integritetspolicy. Vi \u00e4r inte ansvariga eller skadest\u00e5ndsskyldiga f\u00f6r riktigheten i<br \/>\nden information som tredje part tillhandah\u00e5ller oss och vi ansvarar inte f\u00f6r tredje parts policyer eller praxis. F\u00f6r mer information, se avsnittet<br \/>\nnedan, tredje parts webbplatser och l\u00e4nkar.<br \/>\nHur vi anv\u00e4nder din personliga information<br \/>\n- Tillhandah\u00e5lla produkter och tj\u00e4nster. Vi anv\u00e4nder dina personuppgifter f\u00f6r att f\u00f6rse dig med tj\u00e4nsterna i syfte att fullg\u00f6ra v\u00e5rt avtal med dig,<br \/>\ninklusive f\u00f6r att behandla dina betalningar, fullg\u00f6ra dina best\u00e4llningar, skicka meddelanden till dig om ditt konto, dina ink\u00f6p, returer, byten eller andra<br \/>\ntransaktioner, f\u00f6r att skapa, underh\u00e5lla och p\u00e5 annat s\u00e4tt hantera ditt konto, f\u00f6r att ordna med frakt, underl\u00e4tta eventuella returer och byten och f\u00f6r att g\u00f6ra det m\u00f6jligt f\u00f6r dig att<br \/>\npost recensioner.<br \/>\n- Marknadsf\u00f6ring och reklam. Vi anv\u00e4nder dina personuppgifter f\u00f6r marknadsf\u00f6rings- och reklam\u00e4ndam\u00e5l, till exempel f\u00f6r att skicka marknadsf\u00f6ring, reklam och<br \/>\nreklammeddelanden via e-post, sms eller post och f\u00f6r att visa dig reklam f\u00f6r produkter eller tj\u00e4nster. Detta kan omfatta anv\u00e4ndning av<br \/>\ndin personliga information f\u00f6r att b\u00e4ttre skr\u00e4ddarsy tj\u00e4nsterna och annonseringen p\u00e5 v\u00e5r webbplats och andra webbplatser.<br \/>\n- S\u00e4kerhet och bedr\u00e4geribek\u00e4mpning. Vi anv\u00e4nder dina personuppgifter f\u00f6r att uppt\u00e4cka, utreda eller vidta \u00e5tg\u00e4rder avseende eventuella bedr\u00e4gliga, olagliga eller<br \/>\nskadlig aktivitet. Om du v\u00e4ljer att anv\u00e4nda tj\u00e4nsterna och registrera ett konto \u00e4r du ansvarig f\u00f6r att h\u00e5lla dina kontouppgifter s\u00e4kra. Vi \u00e4r mycket<br \/>\nrekommenderar att du inte delar med dig av ditt anv\u00e4ndarnamn, l\u00f6senord eller andra \u00e5tkomstuppgifter till n\u00e5gon annan. Om du tror att ditt konto har blivit<br \/>\nkompromiss, v\u00e4nligen kontakta oss omedelbart.<br \/>\n- Kommunicera med dig. Vi anv\u00e4nder dina personuppgifter f\u00f6r att ge dig kundsupport och f\u00f6rb\u00e4ttra v\u00e5ra tj\u00e4nster. Detta \u00e4r i v\u00e5rt legitima<br \/>\nintressen f\u00f6r att kunna vara lyh\u00f6rd mot dig, tillhandah\u00e5lla effektiva tj\u00e4nster till dig och uppr\u00e4tth\u00e5lla v\u00e5r aff\u00e4rsrelation med dig.<br \/>\nKakor<br \/>\nLiksom m\u00e5nga webbplatser anv\u00e4nder vi cookies p\u00e5 v\u00e5r webbplats. F\u00f6r specifik information om de cookies som vi anv\u00e4nder i samband med att vi driver v\u00e5r butik med Shopify, se<br \/>\nhttps:\/\/www.shopify.com\/legal\/cookies. Vi anv\u00e4nder cookies f\u00f6r att driva och f\u00f6rb\u00e4ttra v\u00e5r webbplats och v\u00e5ra tj\u00e4nster (inklusive f\u00f6r att komma ih\u00e5g dina handlingar och<br \/>\npreferenser), f\u00f6r att genomf\u00f6ra analyser och b\u00e4ttre f\u00f6rst\u00e5 anv\u00e4ndarnas interaktion med tj\u00e4nsterna (i v\u00e5rt ber\u00e4ttigade intresse av att administrera, f\u00f6rb\u00e4ttra och optimera<br \/>\nTj\u00e4nsterna). Vi kan ocks\u00e5 till\u00e5ta tredje parter och tj\u00e4nsteleverant\u00f6rer att anv\u00e4nda cookies p\u00e5 v\u00e5r webbplats f\u00f6r att b\u00e4ttre skr\u00e4ddarsy tj\u00e4nster, produkter och reklam<br \/>\np\u00e5 v\u00e5r webbplats och andra webbplatser.<br \/>\nDe flesta webbl\u00e4sare accepterar automatiskt cookies som standard, men du kan v\u00e4lja att st\u00e4lla in din webbl\u00e4sare s\u00e5 att den tar bort eller avvisar cookies via din webbl\u00e4sare<br \/>\nkontroller. T\u00e4nk p\u00e5 att borttagning eller blockering av cookies kan p\u00e5verka din anv\u00e4ndarupplevelse negativt och kan leda till att vissa av tj\u00e4nsterna inte fungerar,<br \/>\ninklusive vissa funktioner och allm\u00e4n funktionalitet, att fungera felaktigt eller inte l\u00e4ngre vara tillg\u00e4ngliga. Dessutom kan blockering av cookies inte helt<br \/>\nf\u00f6rhindra hur vi delar information med tredje part, t.ex. v\u00e5ra reklampartners.<br \/>\nHur vi l\u00e4mnar ut personlig information<br \/>\nUnder vissa omst\u00e4ndigheter kan vi l\u00e4mna ut dina personuppgifter till tredje part f\u00f6r legitima \u00e4ndam\u00e5l som omfattas av denna integritetspolicy. S\u00e5dana<br \/>\nomst\u00e4ndigheter kan inkludera:<br \/>\nomst\u00e4ndigheter kan inkludera:<br \/>\n- Med leverant\u00f6rer eller andra tredje parter som utf\u00f6r tj\u00e4nster f\u00f6r v\u00e5r r\u00e4kning (t.ex. IT-hantering, betalningsbearbetning, dataanalys, kundsupport),<br \/>\nmolnlagring, orderhantering och frakt).<br \/>\n- Med aff\u00e4rs- och marknadsf\u00f6ringspartners, inklusive Shopify, f\u00f6r att tillhandah\u00e5lla tj\u00e4nster och annonsera till dig. [[ANM\u00c4RKNING TILL HANDLAREN: INFOGA F\u00d6LJANDE<br \/>\nMENING OM DU ANV\u00c4NDER SHOPIFYS ANNONSTJ\u00c4NSTER, T.EX. SHOPIFY AUDIENCES]] [Vi anv\u00e4nder till exempel Shopify f\u00f6r att st\u00f6dja personlig annonsering med<br \/>\ntj\u00e4nster fr\u00e5n tredje part]. V\u00e5ra aff\u00e4rs- och marknadsf\u00f6ringspartner kommer att anv\u00e4nda din information i enlighet med sina egna sekretessmeddelanden.<br \/>\n- N\u00e4r du direkt, p\u00e5 beg\u00e4ran eller p\u00e5 annat s\u00e4tt samtycker till att vi l\u00e4mnar ut viss information till tredje part, t.ex. f\u00f6r att skicka produkter till dig eller genom din<br \/>\nanv\u00e4ndning av widgets f\u00f6r sociala medier eller inloggningsintegreringar, med ditt samtycke.<br \/>\n- Med v\u00e5ra dotterbolag eller p\u00e5 annat s\u00e4tt inom v\u00e5r f\u00f6retagsgrupp, i v\u00e5rt legitima intresse av att driva en framg\u00e5ngsrik verksamhet.<br \/>\n- I samband med en aff\u00e4rstransaktion s\u00e5som en fusion eller konkurs, f\u00f6r att uppfylla alla till\u00e4mpliga r\u00e4ttsliga skyldigheter (inklusive att svara p\u00e5<br \/>\nst\u00e4mningar, husrannsakningsorder och liknande f\u00f6rfr\u00e5gningar), f\u00f6r att genomdriva till\u00e4mpliga tj\u00e4nstevillkor och f\u00f6r att skydda eller f\u00f6rsvara tj\u00e4nsterna, v\u00e5ra r\u00e4ttigheter och<br \/>\nv\u00e5ra anv\u00e4ndares eller andras r\u00e4ttigheter.<br \/>\nVi har under de senaste 12 m\u00e5naderna l\u00e4mnat ut f\u00f6ljande kategorier av personuppgifter och k\u00e4nsliga personuppgifter (markerade med *) om<br \/>\nanv\u00e4ndare f\u00f6r de \u00e4ndam\u00e5l som anges ovan i \u201cHur vi samlar in och anv\u00e4nder din personliga information\u201d och \u201cHur vi l\u00e4mnar ut personlig information\u201d:<br \/>\nKategori:<br \/>\n- Identifierare s\u00e5som grundl\u00e4ggande kontaktuppgifter och viss order- och kontoinformation<br \/>\n- Kommersiell information s\u00e5som orderinformation, shoppinginformation och information om kundtj\u00e4nst<br \/>\n- Internet eller annan liknande n\u00e4tverksaktivitet, till exempel anv\u00e4ndningsdata<br \/>\nKategorier av mottagare:<br \/>\n- Leverant\u00f6rer och tredje parter som utf\u00f6r tj\u00e4nster f\u00f6r v\u00e5r r\u00e4kning (t.ex. internetleverant\u00f6rer, betalningsprocessorer, uppfyllandepartners, kund<br \/>\nsupportpartners och leverant\u00f6rer av dataanalys)<br \/>\n- Aff\u00e4rs- och marknadsf\u00f6ringspartners<br \/>\n- Anslutna f\u00f6retag<br \/>\nVi anv\u00e4nder eller l\u00e4mnar inte ut k\u00e4nsliga personuppgifter i syfte att h\u00e4rleda egenskaper om dig.<br \/>\n[[ANM\u00c4RKNING TILL HANDLAREN - INFOGA F\u00d6LJANDE STYCKE OCH LISTOR OM DU ANV\u00c4NDER SHOPIFYS ANNONSTJ\u00c4NSTER SOM SHOPIFY AUDIENCES ELLER ENGAGING<br \/>\nI N\u00c5GON ANNAN AKTIVITET SOM KAN BETRAKTAS SOM \u201cF\u00d6RS\u00c4LJNING\u201d ELLER \u201cDELNING\u201d AV PERSONUPPGIFTER ELLER BEHANDLING AV PERSONUPPGIFTER<br \/>\nF\u00d6R \u201cRIKTAD ANNONSERING\u201d]]\nVi har \u201cs\u00e5lt\u201d och \u201cdelat\u201d (s\u00e5som dessa termer definieras i till\u00e4mplig lag) personuppgifter under de f\u00f6reg\u00e5ende 12 m\u00e5naderna i syfte att<br \/>\nbedriva reklam- och marknadsf\u00f6ringsverksamhet, enligt f\u00f6ljande.<br \/>\nKategori av personlig information<br \/>\n- Identifierare s\u00e5som grundl\u00e4ggande kontaktuppgifter och viss order- och kontoinformation<br \/>\n- Kommersiell information, t.ex. uppgifter om k\u00f6pta produkter eller tj\u00e4nster och shoppinginformation<br \/>\n- Internet eller annan liknande n\u00e4tverksaktivitet, till exempel anv\u00e4ndningsdata<br \/>\nKategorier av mottagare<br \/>\n- Aff\u00e4rs- och marknadsf\u00f6ringspartners<br \/>\nAnv\u00e4ndargenererat inneh\u00e5ll<br \/>\nTj\u00e4nsterna kan g\u00f6ra det m\u00f6jligt f\u00f6r dig att publicera produktrecensioner och annat anv\u00e4ndargenererat inneh\u00e5ll. Om du v\u00e4ljer att skicka anv\u00e4ndargenererat inneh\u00e5ll till n\u00e5gon offentlig<br \/>\nomr\u00e5de av Tj\u00e4nsterna, kommer detta inneh\u00e5ll att vara offentligt och tillg\u00e4ngligt f\u00f6r alla.<br \/>\nVi kontrollerar inte vem som kommer att ha tillg\u00e5ng till den information som du v\u00e4ljer att g\u00f6ra tillg\u00e4nglig f\u00f6r andra, och kan inte garantera att parter som har tillg\u00e5ng<br \/>\ntill s\u00e5dan information kommer att respektera din integritet eller h\u00e5lla den s\u00e4ker. Vi ansvarar inte f\u00f6r sekretessen eller s\u00e4kerheten f\u00f6r n\u00e5gon information som du l\u00e4mnar till oss.<br \/>\nallm\u00e4nt tillg\u00e4nglig, eller f\u00f6r riktigheten, anv\u00e4ndningen eller missbruket av information som du l\u00e4mnar ut eller tar emot fr\u00e5n tredje part.<br \/>\nTredje parts webbplatser och l\u00e4nkar<br \/>\nV\u00e5r webbplats kan inneh\u00e5lla l\u00e4nkar till webbplatser eller andra onlineplattformar som drivs av tredje part. Om du f\u00f6ljer l\u00e4nkar till webbplatser som inte \u00e4r anslutna till eller kontrolleras av oss,<br \/>\nDrivs av Shopify<br \/>\nwww.shopify.com<br \/>\nV\u00e5r webbplats kan inneh\u00e5lla l\u00e4nkar till webbplatser eller andra onlineplattformar som drivs av tredje part. Om du f\u00f6ljer l\u00e4nkar till webbplatser som inte \u00e4r anslutna till eller kontrolleras av oss,<br \/>\nb\u00f6r du granska deras sekretess- och s\u00e4kerhetspolicyer och andra villkor. Vi garanterar inte och ansvarar inte f\u00f6r sekretess- eller s\u00e4kerhetspolicyn f\u00f6r<br \/>\ns\u00e4kerheten p\u00e5 s\u00e5dana webbplatser, inklusive riktigheten, fullst\u00e4ndigheten eller tillf\u00f6rlitligheten hos den information som finns p\u00e5 dessa webbplatser. Information som du tillhandah\u00e5ller p\u00e5 offentliga eller halvoffentliga<br \/>\nplatser, inklusive information som du delar p\u00e5 tredje parts sociala n\u00e4tverksplattformar, kan ocks\u00e5 ses av andra anv\u00e4ndare av tj\u00e4nsterna och\/eller<br \/>\nanv\u00e4ndare av dessa tredjepartsplattformar utan begr\u00e4nsning vad g\u00e4ller dess anv\u00e4ndning av oss eller av en tredje part. V\u00e5rt inf\u00f6rande av s\u00e5dana l\u00e4nkar inneb\u00e4r inte i sig n\u00e5gon<br \/>\ngodk\u00e4nnande av inneh\u00e5llet p\u00e5 s\u00e5dana plattformar eller av deras \u00e4gare eller operat\u00f6rer, f\u00f6rutom vad som anges i Tj\u00e4nsterna.<br \/>\nData om barn<br \/>\nTj\u00e4nsterna \u00e4r inte avsedda att anv\u00e4ndas av barn, och vi samlar inte medvetet in n\u00e5gra personuppgifter om barn. Om du \u00e4r f\u00f6r\u00e4lder eller<br \/>\nv\u00e5rdnadshavare till ett barn som har l\u00e4mnat sina personuppgifter till oss, kan du kontakta oss med hj\u00e4lp av kontaktuppgifterna nedan f\u00f6r att beg\u00e4ra att de<br \/>\nraderad.<br \/>\nFr\u00e5n och med ikrafttr\u00e4dandedatumet f\u00f6r denna integritetspolicy har vi ingen faktisk k\u00e4nnedom om att vi \u201cdelar\u201d eller \u201cs\u00e4ljer\u201d (enligt definitionen av dessa termer i till\u00e4mplig lag)<br \/>\npersonlig information om personer under 16 \u00e5r.<br \/>\n[[ANM\u00c4RKNING TILL HANDLARE: R\u00c5DG\u00d6R MED JURIDISK R\u00c5DGIVARE OM DIN WEBBPLATS \u00c4R INRIKTAD P\u00c5 ELLER RIKTAD TILL BARN, EFTERSOM MER SPECIFIKA UPPLYSNINGAR KAN<br \/>\nBE BEH\u00d6VS.]]\nS\u00e4kerhet och bevarande av din information<br \/>\nT\u00e4nk p\u00e5 att inga s\u00e4kerhets\u00e5tg\u00e4rder \u00e4r perfekta eller ogenomtr\u00e4ngliga och att vi inte kan garantera \u201cperfekt s\u00e4kerhet\u201d. Dessutom kan all information som du<br \/>\nskickar till oss kanske inte \u00e4r s\u00e4kra under transporten. Vi rekommenderar att du inte anv\u00e4nder os\u00e4kra kanaler f\u00f6r att kommunicera k\u00e4nsliga eller konfidentiella<br \/>\ninformation till oss.<\/p>\n<\/header>\n<\/header>","protected":false},"excerpt":{"rendered":"<p>Ecommerce Professionals Group LLC Privacy Policy. This Privacy Policy describes how Ecommerce Professionals Group LLC (the &#8220;Site&#8221;, &#8220;we&#8221;, &#8220;us&#8221;, or &#8220;our&#8221;) collects, uses, and discloses your personal information when you visit, use our services, or make a purchase from oraculums.com (the &#8220;Site&#8221;) or otherwise communicate with us (collectively, the &#8220;Services&#8221;). For purposes of this Privacy [&#8230;]","protected":false},"author":1,"featured_media":0,"parent":0,"menu_order":0,"comment_status":"closed","ping_status":"closed","template":"","meta":{"footnotes":""},"class_list":["post-5733","page","type-page","status-publish","hentry"],"_links":{"self":[{"href":"https:\/\/oraculums.com\/sv\/wp-json\/wp\/v2\/pages\/5733","targetHints":{"allow":["GET"]}}],"collection":[{"href":"https:\/\/oraculums.com\/sv\/wp-json\/wp\/v2\/pages"}],"about":[{"href":"https:\/\/oraculums.com\/sv\/wp-json\/wp\/v2\/types\/page"}],"author":[{"embeddable":true,"href":"https:\/\/oraculums.com\/sv\/wp-json\/wp\/v2\/users\/1"}],"replies":[{"embeddable":true,"href":"https:\/\/oraculums.com\/sv\/wp-json\/wp\/v2\/comments?post=5733"}],"version-history":[{"count":0,"href":"https:\/\/oraculums.com\/sv\/wp-json\/wp\/v2\/pages\/5733\/revisions"}],"wp:attachment":[{"href":"https:\/\/oraculums.com\/sv\/wp-json\/wp\/v2\/media?parent=5733"}],"curies":[{"name":"wp","href":"https:\/\/api.w.org\/{rel}","templated":true}]}}