{"id":424197,"date":"2024-12-15T16:56:02","date_gmt":"2024-12-15T16:56:02","guid":{"rendered":"https:\/\/dimgrey-whale-895460.hostingersite.com\/?post_type=product&#038;p=424197"},"modified":"2025-11-30T10:56:03","modified_gmt":"2025-11-30T10:56:03","slug":"love","status":"publish","type":"product","link":"https:\/\/oraculums.com\/ro\/produkt\/love\/","title":{"rendered":"Ritual magic de iubire + CADOURI"},"content":{"rendered":"","protected":false},"excerpt":{"rendered":"<div style=\"text-align: center;\">\n<h1><\/h1>\n<h1><span style=\"color: #000000;\"><strong>\u0218tia\u021bi c\u0103 exist\u0103 un ritual magic care v\u0103 ajut\u0103 s\u0103 cuceri\u021bi inima iubitului f\u0103r\u0103 efecte secundare?<\/strong><\/span><\/h1>\n<p><span style=\"color: #000000; font-size: 105%;\">Sunte\u021bi \u00eendr\u0103gostit, dar cealalt\u0103 persoan\u0103 nu v\u0103 \u00eentoarce sentimentele? Dori\u021bi s\u0103 v\u0103 consolida\u021bi rela\u021bia actual\u0103? Sim\u021bi\u021bi c\u0103 soarta v\u0103 pune piedici?<\/span><\/p>\n<p><span style=\"color: #000000; font-size: 105%;\"><strong>Acum po\u021bi \u00eentoarce soarta de partea ta \u0219i s\u0103 o faci s\u0103 lucreze \u00een favoarea ta. <\/strong>Crede\u021bi c\u0103 dac\u0103 nu \u00eencerca\u021bi toate posibilit\u0103\u021bile, ve\u021bi regreta pentru tot restul vie\u021bii \u0219i continua\u021bi s\u0103 spune\u021bi <em>ce s-ar \u00eent\u00e2mpla dac\u0103<\/em>, dar atunci va fi prea t\u00e2rziu pentru a mai schimba ceva. <\/span><\/p>\n<p><span style=\"font-size: 105%;\"><span style=\"color: #000000;\"><strong> Acest ritual magic v\u0103 va conecta sufletele, permi\u021b\u00e2nd destinului s\u0103 v\u0103 ajute s\u0103 v\u0103 g\u0103si\u021bi drumul unul c\u0103tre cel\u0103lalt.<\/strong><\/span><\/span><\/p>\n<p><span style=\"font-size: 105%;\"><span style=\"color: #000000;\">Dup\u0103 comand\u0103, <strong>vom efectua un ritual magic personalizat pentru dvs. \u00een termen de 24 de ore<\/strong>. F\u0103r\u0103 magie neagr\u0103 sau efecte secundare, doar puterea pur\u0103 a universului care func\u021bioneaz\u0103. Nu a\u0219tepta\u021bi p\u00e2n\u0103 c\u00e2nd este prea t\u00e2rziu - \u00eencerca\u021bi acum. <\/span><strong>100% confiden\u021bial!<\/strong><\/span><\/p>\n<\/div>","protected":false},"featured_media":409636,"template":"","meta":[],"product_brand":[],"product_cat":[6115,6113],"product_tag":[],"class_list":{"0":"post-424197","1":"product","2":"type-product","3":"status-publish","4":"has-post-thumbnail","6":"product_cat-ritualy","7":"product_cat-sluzby","9":"first","10":"instock","11":"sale","12":"virtual","13":"sold-individually","14":"purchasable","15":"product-type-simple"},"_links":{"self":[{"href":"https:\/\/oraculums.com\/ro\/wp-json\/wp\/v2\/product\/424197","targetHints":{"allow":["GET"]}}],"collection":[{"href":"https:\/\/oraculums.com\/ro\/wp-json\/wp\/v2\/product"}],"about":[{"href":"https:\/\/oraculums.com\/ro\/wp-json\/wp\/v2\/types\/product"}],"wp:featuredmedia":[{"embeddable":true,"href":"https:\/\/oraculums.com\/ro\/wp-json\/wp\/v2\/media\/409636"}],"wp:attachment":[{"href":"https:\/\/oraculums.com\/ro\/wp-json\/wp\/v2\/media?parent=424197"}],"wp:term":[{"taxonomy":"product_brand","embeddable":true,"href":"https:\/\/oraculums.com\/ro\/wp-json\/wp\/v2\/product_brand?post=424197"},{"taxonomy":"product_cat","embeddable":true,"href":"https:\/\/oraculums.com\/ro\/wp-json\/wp\/v2\/product_cat?post=424197"},{"taxonomy":"product_tag","embeddable":true,"href":"https:\/\/oraculums.com\/ro\/wp-json\/wp\/v2\/product_tag?post=424197"}],"curies":[{"name":"wp","href":"https:\/\/api.w.org\/{rel}","templated":true}]}}