{"id":410551,"date":"2023-10-29T22:09:17","date_gmt":"2023-10-29T22:09:17","guid":{"rendered":"https:\/\/dimgrey-whale-895460.hostingersite.com\/?post_type=product&#038;p=410551"},"modified":"2025-08-23T13:25:14","modified_gmt":"2025-08-23T13:25:14","slug":"lovee","status":"publish","type":"product","link":"https:\/\/oraculums.com\/ro\/produkt\/lovee\/","title":{"rendered":"Ritualul magic al iubirii"},"content":{"rendered":"","protected":false},"excerpt":{"rendered":"<div style=\"text-align: center;\"><span style=\"font-size: 105%;\"><strong>Nu reu\u0219i\u021bi s\u0103 v\u0103 g\u0103si\u021bi sufletul pereche?<\/strong> Prin aceast\u0103 vraj\u0103 puternic\u0103, vom atrage dragostea adev\u0103rat\u0103 \u00een via\u021ba ta, indiferent dac\u0103 e\u0219ti \u00eentr-o rela\u021bie sau nu. Aceast\u0103 vraj\u0103 poate fi folosit\u0103 \u0219i pentru a re\u00eenvia o rela\u021bie. De asemenea, va elimina obstacolele energetice care v\u0103 pot \u00eempiedica s\u0103 g\u0103si\u021bi dragostea adev\u0103rat\u0103.<\/span><\/div>\n<div style=\"text-align: center;\"><\/div>\n<div style=\"text-align: center;\">\n<p><span style=\"font-size: 105%;\">Aceasta se va manifesta \u00een termen de 1-12 s\u0103pt\u0103m\u00e2ni, \u00een func\u021bie de factorii externi. Eficacitatea vr\u0103jii poate varia - unii clien\u021bi v\u0103d rezultatele imediat, \u00een timp ce altora le poate lua mai mult timp.<\/span><\/p>\n<p><span style=\"font-size: 105%;\"><strong>\ud83d\udcdc Pute\u021bi oferi acest ritual cuiva - odat\u0103 cu comanda dvs. ve\u021bi primi un certificat de finalizare pe care \u00eel pute\u021bi oferi cadou.<\/strong><\/span><\/p>\n<\/div>","protected":false},"featured_media":410552,"template":"","meta":[],"product_brand":[],"product_cat":[6115,6113],"product_tag":[],"class_list":{"0":"post-410551","1":"product","2":"type-product","3":"status-publish","4":"has-post-thumbnail","6":"product_cat-ritualy","7":"product_cat-sluzby","9":"first","10":"instock","11":"sale","12":"virtual","13":"purchasable","14":"product-type-simple"},"_links":{"self":[{"href":"https:\/\/oraculums.com\/ro\/wp-json\/wp\/v2\/product\/410551","targetHints":{"allow":["GET"]}}],"collection":[{"href":"https:\/\/oraculums.com\/ro\/wp-json\/wp\/v2\/product"}],"about":[{"href":"https:\/\/oraculums.com\/ro\/wp-json\/wp\/v2\/types\/product"}],"wp:featuredmedia":[{"embeddable":true,"href":"https:\/\/oraculums.com\/ro\/wp-json\/wp\/v2\/media\/410552"}],"wp:attachment":[{"href":"https:\/\/oraculums.com\/ro\/wp-json\/wp\/v2\/media?parent=410551"}],"wp:term":[{"taxonomy":"product_brand","embeddable":true,"href":"https:\/\/oraculums.com\/ro\/wp-json\/wp\/v2\/product_brand?post=410551"},{"taxonomy":"product_cat","embeddable":true,"href":"https:\/\/oraculums.com\/ro\/wp-json\/wp\/v2\/product_cat?post=410551"},{"taxonomy":"product_tag","embeddable":true,"href":"https:\/\/oraculums.com\/ro\/wp-json\/wp\/v2\/product_tag?post=410551"}],"curies":[{"name":"wp","href":"https:\/\/api.w.org\/{rel}","templated":true}]}}