{"id":410276,"date":"2023-10-18T18:39:49","date_gmt":"2023-10-18T18:39:49","guid":{"rendered":"https:\/\/dimgrey-whale-895460.hostingersite.com\/?post_type=product&#038;p=410276"},"modified":"2025-08-23T13:25:49","modified_gmt":"2025-08-23T13:25:49","slug":"health","status":"publish","type":"product","link":"https:\/\/oraculums.com\/ro\/produkt\/health\/","title":{"rendered":"Ritualul magic al s\u0103n\u0103t\u0103\u021bii"},"content":{"rendered":"","protected":false},"excerpt":{"rendered":"<div style=\"text-align: center;\"><span style=\"font-size: 105%;\"><b>Sunte\u021bi adesea bolnav \u0219i s\u0103n\u0103tatea dumneavoastr\u0103 nu este ceea ce ar trebui s\u0103 fie? <\/b>\u00cencerca\u021bi acest ritual care va atrage s\u0103n\u0103tatea \u0219i v\u0103 va proteja de boli.<\/span><\/div>\n<div style=\"text-align: center;\"><span style=\"font-size: 105%;\">Aceasta se va manifesta \u00een termen de 1-12 s\u0103pt\u0103m\u00e2ni, \u00een func\u021bie de factorii externi.<\/span><\/div>\n<div><\/div>\n<div style=\"text-align: center;\"><span style=\"font-size: 105%;\"><strong>\ud83d\udcdc Pute\u021bi oferi acest ritual cuiva - odat\u0103 cu comanda dvs. ve\u021bi primi un certificat de finalizare pe care \u00eel pute\u021bi oferi cadou.<\/strong><\/span><\/div>\n<div><\/div>\n<div style=\"text-align: center;\"><\/div>","protected":false},"featured_media":410278,"template":"","meta":[],"product_brand":[],"product_cat":[6115,6113],"product_tag":[],"class_list":{"0":"post-410276","1":"product","2":"type-product","3":"status-publish","4":"has-post-thumbnail","6":"product_cat-ritualy","7":"product_cat-sluzby","9":"first","10":"instock","11":"sale","12":"virtual","13":"purchasable","14":"product-type-simple"},"_links":{"self":[{"href":"https:\/\/oraculums.com\/ro\/wp-json\/wp\/v2\/product\/410276","targetHints":{"allow":["GET"]}}],"collection":[{"href":"https:\/\/oraculums.com\/ro\/wp-json\/wp\/v2\/product"}],"about":[{"href":"https:\/\/oraculums.com\/ro\/wp-json\/wp\/v2\/types\/product"}],"wp:featuredmedia":[{"embeddable":true,"href":"https:\/\/oraculums.com\/ro\/wp-json\/wp\/v2\/media\/410278"}],"wp:attachment":[{"href":"https:\/\/oraculums.com\/ro\/wp-json\/wp\/v2\/media?parent=410276"}],"wp:term":[{"taxonomy":"product_brand","embeddable":true,"href":"https:\/\/oraculums.com\/ro\/wp-json\/wp\/v2\/product_brand?post=410276"},{"taxonomy":"product_cat","embeddable":true,"href":"https:\/\/oraculums.com\/ro\/wp-json\/wp\/v2\/product_cat?post=410276"},{"taxonomy":"product_tag","embeddable":true,"href":"https:\/\/oraculums.com\/ro\/wp-json\/wp\/v2\/product_tag?post=410276"}],"curies":[{"name":"wp","href":"https:\/\/api.w.org\/{rel}","templated":true}]}}