{"id":410273,"date":"2023-10-18T18:13:35","date_gmt":"2023-10-18T18:13:35","guid":{"rendered":"https:\/\/dimgrey-whale-895460.hostingersite.com\/?post_type=product&#038;p=410273"},"modified":"2025-08-23T13:26:37","modified_gmt":"2025-08-23T13:26:37","slug":"vernost","status":"publish","type":"product","link":"https:\/\/oraculums.com\/ro\/produkt\/vernost\/","title":{"rendered":"Ritualul magic al loialit\u0103\u021bii"},"content":{"rendered":"","protected":false},"excerpt":{"rendered":"<div style=\"text-align: center;\"><strong>Partenerul dvs. este infidel sau v\u0103 teme\u021bi de infidelitate?<\/strong> Prin aceast\u0103 vraj\u0103 puternic\u0103, \u00ee\u021bi vom conecta sufletul cu iubitul t\u0103u \u0219i partenerul t\u0103u va avea ochi doar pentru tine.<\/div>\n<div style=\"text-align: center;\">Aceasta se va manifesta \u00een termen de 1-12 s\u0103pt\u0103m\u00e2ni, \u00een func\u021bie de factorii externi.<\/div>\n<div style=\"text-align: center;\"><strong>Introduce\u021bi numele \u0219i prenumele \u0219i data na\u0219terii pe pagina de checkout. <\/strong><strong>100% confiden\u021bial!<\/strong><\/div>\n<div><\/div>\n<div style=\"text-align: center;\"><strong>\ud83d\udcdc Pute\u021bi oferi acest ritual cuiva - odat\u0103 cu comanda dvs. ve\u021bi primi un certificat de finalizare pe care \u00eel pute\u021bi oferi cadou.<\/strong><\/div>\n<div style=\"text-align: center;\"><\/div>\n<div style=\"text-align: center;\"><\/div>","protected":false},"featured_media":410275,"template":"","meta":[],"product_brand":[],"product_cat":[6115,6113],"product_tag":[],"class_list":{"0":"post-410273","1":"product","2":"type-product","3":"status-publish","4":"has-post-thumbnail","6":"product_cat-ritualy","7":"product_cat-sluzby","9":"first","10":"instock","11":"sale","12":"virtual","13":"purchasable","14":"product-type-simple"},"_links":{"self":[{"href":"https:\/\/oraculums.com\/ro\/wp-json\/wp\/v2\/product\/410273","targetHints":{"allow":["GET"]}}],"collection":[{"href":"https:\/\/oraculums.com\/ro\/wp-json\/wp\/v2\/product"}],"about":[{"href":"https:\/\/oraculums.com\/ro\/wp-json\/wp\/v2\/types\/product"}],"wp:featuredmedia":[{"embeddable":true,"href":"https:\/\/oraculums.com\/ro\/wp-json\/wp\/v2\/media\/410275"}],"wp:attachment":[{"href":"https:\/\/oraculums.com\/ro\/wp-json\/wp\/v2\/media?parent=410273"}],"wp:term":[{"taxonomy":"product_brand","embeddable":true,"href":"https:\/\/oraculums.com\/ro\/wp-json\/wp\/v2\/product_brand?post=410273"},{"taxonomy":"product_cat","embeddable":true,"href":"https:\/\/oraculums.com\/ro\/wp-json\/wp\/v2\/product_cat?post=410273"},{"taxonomy":"product_tag","embeddable":true,"href":"https:\/\/oraculums.com\/ro\/wp-json\/wp\/v2\/product_tag?post=410273"}],"curies":[{"name":"wp","href":"https:\/\/api.w.org\/{rel}","templated":true}]}}