{"id":409629,"date":"2023-09-25T21:25:24","date_gmt":"2023-09-25T21:25:24","guid":{"rendered":"https:\/\/dimgrey-whale-895460.hostingersite.com\/?post_type=product&#038;p=409629"},"modified":"2025-08-30T10:51:15","modified_gmt":"2025-08-30T10:51:15","slug":"the-magical-ritual-of-wealth","status":"publish","type":"product","link":"https:\/\/oraculums.com\/ro\/produkt\/the-magical-ritual-of-wealth\/","title":{"rendered":"Ritualul magic al bog\u0103\u021biei"},"content":{"rendered":"","protected":false},"excerpt":{"rendered":"<h1 data-pm-slice=\"0 0 []\"><\/h1>\n<h1 style=\"text-align: center;\" data-pm-slice=\"0 0 []\"><strong>Bog\u0103\u021bia este la \u00eendem\u00e2n\u0103. \u00cencerca\u021bi ritualul care atrage banii ca un magnet!<\/strong><\/h1>\n<p style=\"text-align: center;\">\n<p style=\"text-align: center;\" data-pm-slice=\"0 0 []\"><span style=\"font-size: 105%;\">De c\u00e2te ori a\u021bi visat s\u0103 deschide\u021bi \u00een sf\u00e2r\u0219it u\u0219ile spre bog\u0103\u021bie? Acest ritual va deschide larg aceste u\u0219i pentru tine! Ritualul nostru magic puternic v\u0103 va ajuta s\u0103 elimina\u021bi blocajele care v\u0103 \u00eempiedic\u0103 s\u0103 deveni\u021bi boga\u021bi.<\/span><\/p>\n<p style=\"text-align: center;\"><span style=\"font-size: 105%;\">Cu siguran\u021b\u0103 cuno\u0219ti oameni care reu\u0219esc f\u0103r\u0103 efort, iar banii le cad \u00een poal\u0103. Pe de alt\u0103 parte, exist\u0103 oameni care \u00eencearc\u0103 din r\u0103sputeri, dar nu reu\u0219esc. Totul se datoreaz\u0103 blocajelor energetice care \u00eei \u00eempiedic\u0103. Iar acum po\u021bi elimina cu u\u0219urin\u021b\u0103 aceste blocaje \u0219i po\u021bi \u00eencepe s\u0103 atragi bog\u0103\u021bia.<\/span><\/p>\n<p style=\"text-align: center;\"><span style=\"font-size: 105%;\">Comand\u0103 acest ritual \u0219i simte schimbarea!<\/span><\/p>\n<p style=\"text-align: center;\">\n<p style=\"text-align: center;\"><span style=\"font-size: 110%;\"><strong>\ud83d\udcdc Pute\u021bi oferi acest ritual cuiva - odat\u0103 cu comanda, ve\u021bi primi un certificat de finalizare.<\/strong><\/span><\/p>","protected":false},"featured_media":409630,"template":"","meta":[],"product_brand":[],"product_cat":[6115,6113],"product_tag":[],"class_list":{"0":"post-409629","1":"product","2":"type-product","3":"status-publish","4":"has-post-thumbnail","6":"product_cat-ritualy","7":"product_cat-sluzby","9":"first","10":"instock","11":"sale","12":"virtual","13":"purchasable","14":"product-type-simple"},"_links":{"self":[{"href":"https:\/\/oraculums.com\/ro\/wp-json\/wp\/v2\/product\/409629","targetHints":{"allow":["GET"]}}],"collection":[{"href":"https:\/\/oraculums.com\/ro\/wp-json\/wp\/v2\/product"}],"about":[{"href":"https:\/\/oraculums.com\/ro\/wp-json\/wp\/v2\/types\/product"}],"wp:featuredmedia":[{"embeddable":true,"href":"https:\/\/oraculums.com\/ro\/wp-json\/wp\/v2\/media\/409630"}],"wp:attachment":[{"href":"https:\/\/oraculums.com\/ro\/wp-json\/wp\/v2\/media?parent=409629"}],"wp:term":[{"taxonomy":"product_brand","embeddable":true,"href":"https:\/\/oraculums.com\/ro\/wp-json\/wp\/v2\/product_brand?post=409629"},{"taxonomy":"product_cat","embeddable":true,"href":"https:\/\/oraculums.com\/ro\/wp-json\/wp\/v2\/product_cat?post=409629"},{"taxonomy":"product_tag","embeddable":true,"href":"https:\/\/oraculums.com\/ro\/wp-json\/wp\/v2\/product_tag?post=409629"}],"curies":[{"name":"wp","href":"https:\/\/api.w.org\/{rel}","templated":true}]}}