{"id":424197,"date":"2024-12-15T16:56:02","date_gmt":"2024-12-15T16:56:02","guid":{"rendered":"https:\/\/dimgrey-whale-895460.hostingersite.com\/?post_type=product&#038;p=424197"},"modified":"2025-11-30T10:56:03","modified_gmt":"2025-11-30T10:56:03","slug":"love","status":"publish","type":"product","link":"https:\/\/oraculums.com\/pl\/produkt\/love\/","title":{"rendered":"Magiczny rytua\u0142 mi\u0142osny + prezenty"},"content":{"rendered":"","protected":false},"excerpt":{"rendered":"<div style=\"text-align: center;\">\n<h1><\/h1>\n<h1><span style=\"color: #000000;\"><strong>Czy wiesz, \u017ce istnieje magiczny rytua\u0142, kt\u00f3ry pomaga zdoby\u0107 serce ukochanej bez skutk\u00f3w ubocznych?<\/strong><\/span><\/h1>\n<p><span style=\"color: #000000; font-size: 105%;\">Jeste\u015b zakochany, ale druga osoba nie odwzajemnia Twoich uczu\u0107? Chcesz wzmocni\u0107 sw\u00f3j obecny zwi\u0105zek? Czy masz wra\u017cenie, \u017ce los stawia ci przeszkody na twojej drodze?<\/span><\/p>\n<p><span style=\"color: #000000; font-size: 105%;\"><strong>Teraz mo\u017cesz obr\u00f3ci\u0107 los na swoj\u0105 stron\u0119 i sprawi\u0107, by dzia\u0142a\u0142 na twoj\u0105 korzy\u015b\u0107. <\/strong>Uwierz, \u017ce je\u015bli nie spr\u00f3bujesz ka\u017cdej mo\u017cliwo\u015bci, b\u0119dziesz tego \u017ca\u0142owa\u0107 do ko\u0144ca \u017cycia i powtarzaj sobie <em>co je\u015bli<\/em>, ale wtedy b\u0119dzie ju\u017c za p\u00f3\u017ano, by cokolwiek zmieni\u0107. <\/span><\/p>\n<p><span style=\"font-size: 105%;\"><span style=\"color: #000000;\"><strong> Ten magiczny rytua\u0142 po\u0142\u0105czy wasze dusze, pozwalaj\u0105c losowi pom\u00f3c wam odnale\u017a\u0107 drog\u0119 do siebie nawzajem.<\/strong><\/span><\/span><\/p>\n<p><span style=\"font-size: 105%;\"><span style=\"color: #000000;\">Po z\u0142o\u017ceniu zam\u00f3wienia, <strong>wykonamy dla ciebie spersonalizowany magiczny rytua\u0142 w ci\u0105gu 24 godzin<\/strong>. \u017badnej czarnej magii ani efekt\u00f3w ubocznych, tylko czysta moc wszech\u015bwiata, kt\u00f3ra dzia\u0142a. Nie czekaj, a\u017c b\u0119dzie za p\u00f3\u017ano - spr\u00f3buj ju\u017c teraz. <\/span><strong>100% poufne!<\/strong><\/span><\/p>\n<\/div>","protected":false},"featured_media":409636,"template":"","meta":[],"product_brand":[],"product_cat":[6115,6113],"product_tag":[],"class_list":{"0":"post-424197","1":"product","2":"type-product","3":"status-publish","4":"has-post-thumbnail","6":"product_cat-ritualy","7":"product_cat-sluzby","9":"first","10":"instock","11":"sale","12":"virtual","13":"sold-individually","14":"purchasable","15":"product-type-simple"},"_links":{"self":[{"href":"https:\/\/oraculums.com\/pl\/wp-json\/wp\/v2\/product\/424197","targetHints":{"allow":["GET"]}}],"collection":[{"href":"https:\/\/oraculums.com\/pl\/wp-json\/wp\/v2\/product"}],"about":[{"href":"https:\/\/oraculums.com\/pl\/wp-json\/wp\/v2\/types\/product"}],"wp:featuredmedia":[{"embeddable":true,"href":"https:\/\/oraculums.com\/pl\/wp-json\/wp\/v2\/media\/409636"}],"wp:attachment":[{"href":"https:\/\/oraculums.com\/pl\/wp-json\/wp\/v2\/media?parent=424197"}],"wp:term":[{"taxonomy":"product_brand","embeddable":true,"href":"https:\/\/oraculums.com\/pl\/wp-json\/wp\/v2\/product_brand?post=424197"},{"taxonomy":"product_cat","embeddable":true,"href":"https:\/\/oraculums.com\/pl\/wp-json\/wp\/v2\/product_cat?post=424197"},{"taxonomy":"product_tag","embeddable":true,"href":"https:\/\/oraculums.com\/pl\/wp-json\/wp\/v2\/product_tag?post=424197"}],"curies":[{"name":"wp","href":"https:\/\/api.w.org\/{rel}","templated":true}]}}