{"id":410551,"date":"2023-10-29T22:09:17","date_gmt":"2023-10-29T22:09:17","guid":{"rendered":"https:\/\/dimgrey-whale-895460.hostingersite.com\/?post_type=product&#038;p=410551"},"modified":"2025-08-23T13:25:14","modified_gmt":"2025-08-23T13:25:14","slug":"lovee","status":"publish","type":"product","link":"https:\/\/oraculums.com\/pl\/produkt\/lovee\/","title":{"rendered":"Magiczny rytua\u0142 mi\u0142o\u015bci"},"content":{"rendered":"","protected":false},"excerpt":{"rendered":"<div style=\"text-align: center;\"><span style=\"font-size: 105%;\"><strong>Nie mo\u017cesz znale\u017a\u0107 bratniej duszy?<\/strong> Dzi\u0119ki temu pot\u0119\u017cnemu zakl\u0119ciu przyci\u0105gniemy prawdziw\u0105 mi\u0142o\u015b\u0107 do twojego \u017cycia, niezale\u017cnie od tego, czy jeste\u015b w zwi\u0105zku, czy nie. Zakl\u0119cie to mo\u017ce by\u0107 r\u00f3wnie\u017c u\u017cyte do o\u017cywienia zwi\u0105zku. Usunie r\u00f3wnie\u017c energetyczne przeszkody, kt\u00f3re mog\u0105 uniemo\u017cliwia\u0107 znalezienie prawdziwej mi\u0142o\u015bci.<\/span><\/div>\n<div style=\"text-align: center;\"><\/div>\n<div style=\"text-align: center;\">\n<p><span style=\"font-size: 105%;\">Objawi si\u0119 to w ci\u0105gu 1-12 tygodni, w zale\u017cno\u015bci od czynnik\u00f3w zewn\u0119trznych. Skuteczno\u015b\u0107 zakl\u0119cia mo\u017ce si\u0119 r\u00f3\u017cni\u0107 - niekt\u00f3rzy klienci widz\u0105 wyniki natychmiast, podczas gdy innym mo\u017ce to zaj\u0105\u0107 wi\u0119cej czasu.<\/span><\/p>\n<p><span style=\"font-size: 105%;\"><strong>Mo\u017cesz podarowa\u0107 komu\u015b ten rytua\u0142 - wraz z zam\u00f3wieniem otrzymasz certyfikat uko\u0144czenia, kt\u00f3ry mo\u017cesz podarowa\u0107 w prezencie.<\/strong><\/span><\/p>\n<\/div>","protected":false},"featured_media":410552,"template":"","meta":[],"product_brand":[],"product_cat":[6115,6113],"product_tag":[],"class_list":{"0":"post-410551","1":"product","2":"type-product","3":"status-publish","4":"has-post-thumbnail","6":"product_cat-ritualy","7":"product_cat-sluzby","9":"first","10":"instock","11":"sale","12":"virtual","13":"purchasable","14":"product-type-simple"},"_links":{"self":[{"href":"https:\/\/oraculums.com\/pl\/wp-json\/wp\/v2\/product\/410551","targetHints":{"allow":["GET"]}}],"collection":[{"href":"https:\/\/oraculums.com\/pl\/wp-json\/wp\/v2\/product"}],"about":[{"href":"https:\/\/oraculums.com\/pl\/wp-json\/wp\/v2\/types\/product"}],"wp:featuredmedia":[{"embeddable":true,"href":"https:\/\/oraculums.com\/pl\/wp-json\/wp\/v2\/media\/410552"}],"wp:attachment":[{"href":"https:\/\/oraculums.com\/pl\/wp-json\/wp\/v2\/media?parent=410551"}],"wp:term":[{"taxonomy":"product_brand","embeddable":true,"href":"https:\/\/oraculums.com\/pl\/wp-json\/wp\/v2\/product_brand?post=410551"},{"taxonomy":"product_cat","embeddable":true,"href":"https:\/\/oraculums.com\/pl\/wp-json\/wp\/v2\/product_cat?post=410551"},{"taxonomy":"product_tag","embeddable":true,"href":"https:\/\/oraculums.com\/pl\/wp-json\/wp\/v2\/product_tag?post=410551"}],"curies":[{"name":"wp","href":"https:\/\/api.w.org\/{rel}","templated":true}]}}