{"id":410276,"date":"2023-10-18T18:39:49","date_gmt":"2023-10-18T18:39:49","guid":{"rendered":"https:\/\/dimgrey-whale-895460.hostingersite.com\/?post_type=product&#038;p=410276"},"modified":"2025-08-23T13:25:49","modified_gmt":"2025-08-23T13:25:49","slug":"health","status":"publish","type":"product","link":"https:\/\/oraculums.com\/pl\/produkt\/health\/","title":{"rendered":"Magiczny rytua\u0142 zdrowia"},"content":{"rendered":"","protected":false},"excerpt":{"rendered":"<div style=\"text-align: center;\"><span style=\"font-size: 105%;\"><b>Czy cz\u0119sto chorujesz, a Twoje zdrowie nie jest takie, jak by\u0107 powinno? <\/b>Wypr\u00f3buj ten rytua\u0142, kt\u00f3ry przyci\u0105gnie zdrowie i ochroni Ci\u0119 przed chorobami.<\/span><\/div>\n<div style=\"text-align: center;\"><span style=\"font-size: 105%;\">Objawi si\u0119 to w ci\u0105gu 1-12 tygodni, w zale\u017cno\u015bci od czynnik\u00f3w zewn\u0119trznych.<\/span><\/div>\n<div><\/div>\n<div style=\"text-align: center;\"><span style=\"font-size: 105%;\"><strong>Mo\u017cesz podarowa\u0107 komu\u015b ten rytua\u0142 - wraz z zam\u00f3wieniem otrzymasz certyfikat uko\u0144czenia, kt\u00f3ry mo\u017cesz podarowa\u0107 w prezencie.<\/strong><\/span><\/div>\n<div><\/div>\n<div style=\"text-align: center;\"><\/div>","protected":false},"featured_media":410278,"template":"","meta":[],"product_brand":[],"product_cat":[6115,6113],"product_tag":[],"class_list":{"0":"post-410276","1":"product","2":"type-product","3":"status-publish","4":"has-post-thumbnail","6":"product_cat-ritualy","7":"product_cat-sluzby","9":"first","10":"instock","11":"sale","12":"virtual","13":"purchasable","14":"product-type-simple"},"_links":{"self":[{"href":"https:\/\/oraculums.com\/pl\/wp-json\/wp\/v2\/product\/410276","targetHints":{"allow":["GET"]}}],"collection":[{"href":"https:\/\/oraculums.com\/pl\/wp-json\/wp\/v2\/product"}],"about":[{"href":"https:\/\/oraculums.com\/pl\/wp-json\/wp\/v2\/types\/product"}],"wp:featuredmedia":[{"embeddable":true,"href":"https:\/\/oraculums.com\/pl\/wp-json\/wp\/v2\/media\/410278"}],"wp:attachment":[{"href":"https:\/\/oraculums.com\/pl\/wp-json\/wp\/v2\/media?parent=410276"}],"wp:term":[{"taxonomy":"product_brand","embeddable":true,"href":"https:\/\/oraculums.com\/pl\/wp-json\/wp\/v2\/product_brand?post=410276"},{"taxonomy":"product_cat","embeddable":true,"href":"https:\/\/oraculums.com\/pl\/wp-json\/wp\/v2\/product_cat?post=410276"},{"taxonomy":"product_tag","embeddable":true,"href":"https:\/\/oraculums.com\/pl\/wp-json\/wp\/v2\/product_tag?post=410276"}],"curies":[{"name":"wp","href":"https:\/\/api.w.org\/{rel}","templated":true}]}}