{"id":410273,"date":"2023-10-18T18:13:35","date_gmt":"2023-10-18T18:13:35","guid":{"rendered":"https:\/\/dimgrey-whale-895460.hostingersite.com\/?post_type=product&#038;p=410273"},"modified":"2025-08-23T13:26:37","modified_gmt":"2025-08-23T13:26:37","slug":"vernost","status":"publish","type":"product","link":"https:\/\/oraculums.com\/pl\/produkt\/vernost\/","title":{"rendered":"Magiczny rytua\u0142 lojalno\u015bci"},"content":{"rendered":"","protected":false},"excerpt":{"rendered":"<div style=\"text-align: center;\"><strong>Czy tw\u00f3j partner jest niewierny, czy boisz si\u0119 niewierno\u015bci?<\/strong> Dzi\u0119ki temu pot\u0119\u017cnemu zakl\u0119ciu po\u0142\u0105czymy twoj\u0105 dusz\u0119 z ukochan\u0105, a tw\u00f3j partner b\u0119dzie mia\u0142 oczy tylko dla ciebie.<\/div>\n<div style=\"text-align: center;\">Objawi si\u0119 to w ci\u0105gu 1-12 tygodni, w zale\u017cno\u015bci od czynnik\u00f3w zewn\u0119trznych.<\/div>\n<div style=\"text-align: center;\"><strong>Wprowad\u017a pe\u0142ne imiona i daty urodzenia na stronie p\u0142atno\u015bci. <\/strong><strong>100% poufne!<\/strong><\/div>\n<div><\/div>\n<div style=\"text-align: center;\"><strong>Mo\u017cesz podarowa\u0107 komu\u015b ten rytua\u0142 - wraz z zam\u00f3wieniem otrzymasz certyfikat uko\u0144czenia, kt\u00f3ry mo\u017cesz podarowa\u0107 w prezencie.<\/strong><\/div>\n<div style=\"text-align: center;\"><\/div>\n<div style=\"text-align: center;\"><\/div>","protected":false},"featured_media":410275,"template":"","meta":[],"product_brand":[],"product_cat":[6115,6113],"product_tag":[],"class_list":{"0":"post-410273","1":"product","2":"type-product","3":"status-publish","4":"has-post-thumbnail","6":"product_cat-ritualy","7":"product_cat-sluzby","9":"first","10":"instock","11":"sale","12":"virtual","13":"purchasable","14":"product-type-simple"},"_links":{"self":[{"href":"https:\/\/oraculums.com\/pl\/wp-json\/wp\/v2\/product\/410273","targetHints":{"allow":["GET"]}}],"collection":[{"href":"https:\/\/oraculums.com\/pl\/wp-json\/wp\/v2\/product"}],"about":[{"href":"https:\/\/oraculums.com\/pl\/wp-json\/wp\/v2\/types\/product"}],"wp:featuredmedia":[{"embeddable":true,"href":"https:\/\/oraculums.com\/pl\/wp-json\/wp\/v2\/media\/410275"}],"wp:attachment":[{"href":"https:\/\/oraculums.com\/pl\/wp-json\/wp\/v2\/media?parent=410273"}],"wp:term":[{"taxonomy":"product_brand","embeddable":true,"href":"https:\/\/oraculums.com\/pl\/wp-json\/wp\/v2\/product_brand?post=410273"},{"taxonomy":"product_cat","embeddable":true,"href":"https:\/\/oraculums.com\/pl\/wp-json\/wp\/v2\/product_cat?post=410273"},{"taxonomy":"product_tag","embeddable":true,"href":"https:\/\/oraculums.com\/pl\/wp-json\/wp\/v2\/product_tag?post=410273"}],"curies":[{"name":"wp","href":"https:\/\/api.w.org\/{rel}","templated":true}]}}