{"id":409629,"date":"2023-09-25T21:25:24","date_gmt":"2023-09-25T21:25:24","guid":{"rendered":"https:\/\/dimgrey-whale-895460.hostingersite.com\/?post_type=product&#038;p=409629"},"modified":"2025-08-30T10:51:15","modified_gmt":"2025-08-30T10:51:15","slug":"the-magical-ritual-of-wealth","status":"publish","type":"product","link":"https:\/\/oraculums.com\/pl\/produkt\/the-magical-ritual-of-wealth\/","title":{"rendered":"Magiczny rytua\u0142 bogactwa"},"content":{"rendered":"","protected":false},"excerpt":{"rendered":"<h1 data-pm-slice=\"0 0 []\"><\/h1>\n<h1 style=\"text-align: center;\" data-pm-slice=\"0 0 []\"><strong>Bogactwo jest w zasi\u0119gu r\u0119ki. Wypr\u00f3buj rytua\u0142, kt\u00f3ry przyci\u0105ga pieni\u0105dze jak magnes!<\/strong><\/h1>\n<p style=\"text-align: center;\">\n<p style=\"text-align: center;\" data-pm-slice=\"0 0 []\"><span style=\"font-size: 105%;\">Ile razy marzy\u0142e\u015b o tym, by w ko\u0144cu otworzy\u0107 drzwi do bogactwa? Ten rytua\u0142 otworzy te drzwi szeroko dla ciebie! Nasz pot\u0119\u017cny magiczny rytua\u0142 pomo\u017ce ci usun\u0105\u0107 blokady, kt\u00f3re uniemo\u017cliwiaj\u0105 ci stanie si\u0119 bogatym.<\/span><\/p>\n<p style=\"text-align: center;\"><span style=\"font-size: 105%;\">Z pewno\u015bci\u0105 znasz ludzi, kt\u00f3rzy bez wysi\u0142ku odnosz\u0105 sukcesy, a pieni\u0105dze same wpadaj\u0105 im w r\u0119ce. Z drugiej strony s\u0105 ludzie, kt\u00f3rzy staraj\u0105 si\u0119 z ca\u0142ych si\u0142, ale nie odnosz\u0105 sukcesu. Wszystko z powodu blokad energetycznych, kt\u00f3re im to uniemo\u017cliwiaj\u0105. A teraz mo\u017cesz \u0142atwo usun\u0105\u0107 te blokady i zacz\u0105\u0107 przyci\u0105ga\u0107 bogactwo.<\/span><\/p>\n<p style=\"text-align: center;\"><span style=\"font-size: 105%;\">Zam\u00f3w ten rytua\u0142 i poczuj zmian\u0119!<\/span><\/p>\n<p style=\"text-align: center;\">\n<p style=\"text-align: center;\"><span style=\"font-size: 110%;\"><strong>Mo\u017cesz podarowa\u0107 komu\u015b ten rytua\u0142 - wraz z zam\u00f3wieniem otrzymasz certyfikat uko\u0144czenia.<\/strong><\/span><\/p>","protected":false},"featured_media":409630,"template":"","meta":[],"product_brand":[],"product_cat":[6115,6113],"product_tag":[],"class_list":{"0":"post-409629","1":"product","2":"type-product","3":"status-publish","4":"has-post-thumbnail","6":"product_cat-ritualy","7":"product_cat-sluzby","9":"first","10":"instock","11":"sale","12":"virtual","13":"purchasable","14":"product-type-simple"},"_links":{"self":[{"href":"https:\/\/oraculums.com\/pl\/wp-json\/wp\/v2\/product\/409629","targetHints":{"allow":["GET"]}}],"collection":[{"href":"https:\/\/oraculums.com\/pl\/wp-json\/wp\/v2\/product"}],"about":[{"href":"https:\/\/oraculums.com\/pl\/wp-json\/wp\/v2\/types\/product"}],"wp:featuredmedia":[{"embeddable":true,"href":"https:\/\/oraculums.com\/pl\/wp-json\/wp\/v2\/media\/409630"}],"wp:attachment":[{"href":"https:\/\/oraculums.com\/pl\/wp-json\/wp\/v2\/media?parent=409629"}],"wp:term":[{"taxonomy":"product_brand","embeddable":true,"href":"https:\/\/oraculums.com\/pl\/wp-json\/wp\/v2\/product_brand?post=409629"},{"taxonomy":"product_cat","embeddable":true,"href":"https:\/\/oraculums.com\/pl\/wp-json\/wp\/v2\/product_cat?post=409629"},{"taxonomy":"product_tag","embeddable":true,"href":"https:\/\/oraculums.com\/pl\/wp-json\/wp\/v2\/product_tag?post=409629"}],"curies":[{"name":"wp","href":"https:\/\/api.w.org\/{rel}","templated":true}]}}