{"id":5735,"date":"2018-10-03T18:44:13","date_gmt":"2018-10-03T18:44:13","guid":{"rendered":"https:\/\/dimgrey-whale-895460.hostingersite.com\/?page_id=5735"},"modified":"2025-08-23T10:21:07","modified_gmt":"2025-08-23T10:21:07","slug":"ochrana-osobnich-udaju","status":"publish","type":"page","link":"https:\/\/oraculums.com\/pl\/ochrana-osobnich-udaju\/","title":{"rendered":"Polityka prywatno\u015bci"},"content":{"rendered":"<header><\/header>\r\n<div><header><header>Prowadzimy sklep internetowy na stronie oraculums.com\r\n<p>W celu \u015bwiadczenia naszych us\u0142ug, sprzeda\u017cy towar\u00f3w i obs\u0142ugi naszej strony internetowej przetwarzamy niekt\u00f3re dane osobowe.<\/p>\r\n<p>&nbsp;<\/p>\r\n<p>Przetwarzanie danych osobowych reguluje w szczeg\u00f3lno\u015bci Rozporz\u0105dzenie Parlamentu Europejskiego i Rady (UE) 2016\/679 z dnia 27 kwietnia 2016 r. w sprawie ochrony os\u00f3b fizycznych w zwi\u0105zku z przetwarzaniem danych osobowych i w sprawie swobodnego przep\u0142ywu takich danych oraz uchylenia dyrektywy 95\/46\/WE (og\u00f3lne rozporz\u0105dzenie o ochronie danych) (\u201cRODO\u201d).<\/p>\r\n<p>I. Przetwarzanie danych osobowych<br \/>A. Przetwarzanie danych osobowych podczas korzystania z formularza kontaktowego<\/p>\r\n<p>&nbsp;<\/p>\r\n<p>Je\u015bli zapytasz o nasze produkty i us\u0142ugi, b\u0119dziemy pracowa\u0107 z Twoimi danymi kontaktowymi, kt\u00f3re nam podasz, g\u0142\u00f3wnie za po\u015brednictwem formularza zapytania. S\u0105 to: ............................<\/p>\r\n<p>&nbsp;<\/p>\r\n<p>Z jakiego powodu?<\/p>\r\n<p>Skontaktujemy si\u0119 z Tob\u0105 za ich po\u015brednictwem w celu dokonania dalszych ustale\u0144 dotycz\u0105cych towar\u00f3w i us\u0142ug.<\/p>\r\n<p>&nbsp;<\/p>\r\n<p>Na jakiej podstawie prawnej?<\/p>\r\n<p>Jest to przetwarzanie na podstawie art. 6 ust. 1 lit. b) RODO - negocjowanie umowy lub wdra\u017canie \u015brodk\u00f3w przedumownych na \u017c\u0105danie u\u017cytkownika.<\/p>\r\n<p>&nbsp;<\/p>\r\n<p>Jak d\u0142ugo b\u0119dziemy przetwarza\u0107 dane osobowe?<\/p>\r\n<p>Je\u015bli nie nawi\u0105\u017cemy dalszej wsp\u00f3\u0142pracy, b\u0119dziemy przetwarza\u0107 dane u\u017cytkownika przez maksymalnie 90 dni od naszej ostatniej komunikacji.<\/p>\r\n<p>&nbsp;<\/p>\r\n<p>B. Przetwarzanie danych osobowych w przypadku zakupu<\/p>\r\n<p>&nbsp;<\/p>\r\n<p>Je\u015bli dokonasz u nas zakupu, b\u0119dziemy pracowa\u0107 z danymi, kt\u00f3re dla nas wype\u0142nisz. S\u0105 to g\u0142\u00f3wnie dane do faktury: imi\u0119, nazwisko, adres.<\/p>\r\n<p>&nbsp;<\/p>\r\n<p>Z jakiego powodu?<\/p>\r\n<p>Musimy przetwarza\u0107 dane osobowe w celu realizacji naszej umowy - dostarczenia u\u017cytkownikowi naszych towar\u00f3w lub us\u0142ug. B\u0119dziemy r\u00f3wnie\u017c komunikowa\u0107 si\u0119 z Tob\u0105 za po\u015brednictwem danych kontaktowych w sprawie statusu Twojego zam\u00f3wienia, ewentualnie w sprawie reklamacji lub pyta\u0144.<\/p>\r\n<p>B\u0119dziemy nadal przetwarza\u0107 dane osobowe w celu wype\u0142nienia naszych obowi\u0105zk\u00f3w wynikaj\u0105cych z przepis\u00f3w prawa (g\u0142\u00f3wnie w celach ksi\u0119gowych i podatkowych, ewentualnie w celu rozpatrywania reklamacji i innych).<\/p>\r\n<p>&nbsp;<\/p>\r\n<p>Na jakiej podstawie prawnej przetwarzamy dane osobowe?<\/p>\r\n<p>Jest to przetwarzanie na podstawie art. 6 ust. 1 lit. b) RODO - wykonanie umowy i art. 6 ust. 1 lit. c) RODO - wype\u0142nienie naszego obowi\u0105zku prawnego.<\/p>\r\n<p>&nbsp;<\/p>\r\n<p>Jak d\u0142ugo b\u0119dziemy przetwarza\u0107 dane osobowe?<\/p>\r\n<p>Na czas \u015bwiadczenia przez nas us\u0142ugi, a nast\u0119pnie ......... od ostatniego \u015bwiadczenia takiej us\u0142ugi lub dostawy towar\u00f3w.<\/p>\r\n<p>&nbsp;<\/p>\r\n<p>C. Biuletyny informacyjne<\/p>\r\n<p>Je\u015bli u\u017cytkownik jest klientem dokonuj\u0105cym zakup\u00f3w i nie zrezygnowa\u0142 z nich w momencie zakupu, wykorzystamy jego adres e-mail do wysy\u0142ania naszych biuletyn\u00f3w.<\/p>\r\n<p>&nbsp;<\/p>\r\n<p>Na jakiej podstawie prawnej?<\/p>\r\n<p>Mamy do tego prawo na mocy art. 7 ust. 3 ustawy nr 480\/2004 Coll. o niekt\u00f3rych us\u0142ugach spo\u0142ecze\u0144stwa informacyjnego, je\u015bli u\u017cytkownik nie zabroni\u0142 nam tego podczas zakupu.<\/p>\r\n<p>&nbsp;<\/p>\r\n<p>Jak d\u0142ugo b\u0119dziemy przetwarza\u0107 dane osobowe?<\/p>\r\n<p>2 lata\/rok od ostatniego zakupu. U\u017cytkownik mo\u017ce w dowolnym momencie zrezygnowa\u0107 z subskrypcji biuletynu, wysy\u0142aj\u0105c wiadomo\u015b\u0107 e-mail lub kontaktuj\u0105c si\u0119 z nami pod adresem e-mail: info@oraculums.com.<\/p>\r\n<p>Przetwarzamy dane osobowe wy\u0142\u0105cznie na terytorium Unii Europejskiej.<\/p>\r\n<p>&nbsp;<\/p>\r\n<p>III. Co jeszcze powiniene\u015b wiedzie\u0107?<br \/>Nie mamy wyznaczonego inspektora ochrony danych w naszej firmie.<\/p>\r\n<p>&nbsp;<\/p>\r\n<p>Nasza firma nie podejmuje decyzji w oparciu o automatyczne przetwarzanie lub profilowanie.<\/p>\r\n<p>&nbsp;<\/p>\r\n<p>W przypadku pyta\u0144 dotycz\u0105cych danych osobowych prosimy o kontakt pod adresem e-mail<strong> info@oraculums.com<\/strong><\/p>\r\n<p>&nbsp;<\/p>\r\n<p>IV. Wykorzystanie plik\u00f3w cookie<br \/>Pliki cookie to pliki tekstowe zawieraj\u0105ce niewielk\u0105 ilo\u015b\u0107 informacji, kt\u00f3re s\u0105 pobierane na urz\u0105dzenie u\u017cytkownika podczas odwiedzania naszej witryny internetowej. Pliki cookie s\u0105 nast\u0119pnie przesy\u0142ane z powrotem do witryny lub innej witryny, kt\u00f3ra je rozpoznaje przy ka\u017cdej kolejnej wizycie.<\/p>\r\n<p>&nbsp;<\/p>\r\n<p>Pliki cookie wykonuj\u0105 r\u00f3\u017cne zadania, na przyk\u0142ad umo\u017cliwiaj\u0105 wydajn\u0105 nawigacj\u0119 mi\u0119dzy stronami internetowymi, zapami\u0119tuj\u0105 preferencje u\u017cytkownika i og\u00f3lnie poprawiaj\u0105 komfort u\u017cytkowania. Mog\u0105 r\u00f3wnie\u017c zapewni\u0107, \u017ce reklamy wy\u015bwietlane online s\u0105 lepiej dostosowane do u\u017cytkownika i jego zainteresowa\u0144.<\/p>\r\n<p>&nbsp;<\/p>\r\n<p>Na stronie internetowej wykorzystujemy nast\u0119puj\u0105ce pliki cookie:<\/p>\r\n<p>Niezb\u0119dne pliki cookie: s\u0105 niezb\u0119dne do dzia\u0142ania strony internetowej, na przyk\u0142ad umo\u017cliwiaj\u0105 logowanie si\u0119 do bezpiecznych cz\u0119\u015bci strony internetowej i innych podstawowych funkcji strony internetowej.<\/p>\r\n<\/header><\/header><\/div>","protected":false},"excerpt":{"rendered":"<p>We operate an e-shop on the website oraculums.com For the provision of our services, the sale of goods and the operation of our website, we process some personal data. &nbsp; The processing of personal data is regulated in particular by Regulation (EU) 2016\/679 of the European Parliament and of the Council of 27 April 2016 [&#8230;]","protected":false},"author":1,"featured_media":0,"parent":0,"menu_order":0,"comment_status":"closed","ping_status":"closed","template":"","meta":{"footnotes":""},"class_list":["post-5735","page","type-page","status-publish","hentry"],"_links":{"self":[{"href":"https:\/\/oraculums.com\/pl\/wp-json\/wp\/v2\/pages\/5735","targetHints":{"allow":["GET"]}}],"collection":[{"href":"https:\/\/oraculums.com\/pl\/wp-json\/wp\/v2\/pages"}],"about":[{"href":"https:\/\/oraculums.com\/pl\/wp-json\/wp\/v2\/types\/page"}],"author":[{"embeddable":true,"href":"https:\/\/oraculums.com\/pl\/wp-json\/wp\/v2\/users\/1"}],"replies":[{"embeddable":true,"href":"https:\/\/oraculums.com\/pl\/wp-json\/wp\/v2\/comments?post=5735"}],"version-history":[{"count":0,"href":"https:\/\/oraculums.com\/pl\/wp-json\/wp\/v2\/pages\/5735\/revisions"}],"wp:attachment":[{"href":"https:\/\/oraculums.com\/pl\/wp-json\/wp\/v2\/media?parent=5735"}],"curies":[{"name":"wp","href":"https:\/\/api.w.org\/{rel}","templated":true}]}}