{"id":5733,"date":"2018-10-03T18:43:31","date_gmt":"2018-10-03T18:43:31","guid":{"rendered":"https:\/\/dimgrey-whale-895460.hostingersite.com\/?page_id=5733"},"modified":"2025-08-23T10:22:00","modified_gmt":"2025-08-23T10:22:00","slug":"zasady-pouzivani-souboru-cookies","status":"publish","type":"page","link":"https:\/\/oraculums.com\/pl\/zasady-pouzivani-souboru-cookies\/","title":{"rendered":"Polityka plik\u00f3w cookie"},"content":{"rendered":"<header>\n<header>\n<h1>Polityka prywatno\u015bci Ecommerce Professionals Group LLC.<\/h1>\n<p>Niniejsza Polityka prywatno\u015bci opisuje, w jaki spos\u00f3b Ecommerce Professionals Group LLC (\u201cWitryna\u201d, \u201cmy\u201d, \u201cnas\u201d lub \u201cnasze\u201d) gromadzi, wykorzystuje i ujawnia dane osobowe u\u017cytkownik\u00f3w.<br \/>\ninformacje podczas odwiedzania, korzystania z naszych us\u0142ug lub dokonywania zakup\u00f3w w witrynie oraculums.com (\u201cWitryna\u201d) lub komunikowania si\u0119 z nami w inny spos\u00f3b (\u0142\u0105cznie jako<br \/>\n\u201cUs\u0142ugi\u201d). Dla cel\u00f3w niniejszej Polityki prywatno\u015bci \u201cu\u017cytkownik\u201d i \u201cjego\u201d oznaczaj\u0105 u\u017cytkownika Us\u0142ug, niezale\u017cnie od tego, czy jest on klientem, osob\u0105 odwiedzaj\u0105c\u0105 witryn\u0119 internetow\u0105, czy te\u017c inn\u0105 osob\u0105.<br \/>\ninnej osoby fizycznej, kt\u00f3rej dane zgromadzili\u015bmy zgodnie z niniejsz\u0105 Polityk\u0105 prywatno\u015bci.<br \/>\nProsimy o uwa\u017cne zapoznanie si\u0119 z niniejsz\u0105 Polityk\u0105 prywatno\u015bci. Korzystaj\u0105c z Us\u0142ug i uzyskuj\u0105c do nich dost\u0119p, u\u017cytkownik wyra\u017ca zgod\u0119 na gromadzenie, wykorzystywanie i ujawnianie jego informacji<br \/>\nzgodnie z opisem w niniejszej Polityce prywatno\u015bci. Je\u015bli u\u017cytkownik nie wyra\u017ca zgody na niniejsz\u0105 Polityk\u0119 prywatno\u015bci, nie powinien korzysta\u0107 z Us\u0142ug ani uzyskiwa\u0107 do nich dost\u0119pu.<br \/>\nZmiany w niniejszej Polityce prywatno\u015bci<br \/>\nOd czasu do czasu mo\u017cemy aktualizowa\u0107 niniejsz\u0105 Polityk\u0119 prywatno\u015bci, w tym w celu odzwierciedlenia zmian w naszych praktykach lub z innych powod\u00f3w operacyjnych, prawnych lub regulacyjnych.<br \/>\nZamie\u015bcimy zmienion\u0105 Polityk\u0119 prywatno\u015bci w Witrynie, zaktualizujemy dat\u0119 \u201cOstatniej aktualizacji\u201d i podejmiemy wszelkie inne kroki wymagane przez obowi\u0105zuj\u0105ce prawo.<br \/>\nW jaki spos\u00f3b gromadzimy i wykorzystujemy dane osobowe u\u017cytkownik\u00f3w<br \/>\nAby \u015bwiadczy\u0107 Us\u0142ugi, gromadzimy i gromadzili\u015bmy w ci\u0105gu ostatnich 12 miesi\u0119cy dane osobowe u\u017cytkownika z r\u00f3\u017cnych \u017ar\u00f3de\u0142, jak okre\u015blono poni\u017cej<br \/>\nponi\u017cej. Gromadzone i wykorzystywane przez nas informacje r\u00f3\u017cni\u0105 si\u0119 w zale\u017cno\u015bci od sposobu interakcji u\u017cytkownika z nami.<br \/>\nOpr\u00f3cz konkretnych zastosowa\u0144 okre\u015blonych poni\u017cej, mo\u017cemy wykorzystywa\u0107 gromadzone przez nas informacje o u\u017cytkowniku w celu komunikowania si\u0119 z u\u017cytkownikiem, \u015bwiadczenia Us\u0142ug, przestrzegania<br \/>\nwszelkich obowi\u0105zuj\u0105cych zobowi\u0105za\u0144 prawnych, egzekwowania wszelkich obowi\u0105zuj\u0105cych warunk\u00f3w \u015bwiadczenia us\u0142ug oraz ochrony lub obrony Us\u0142ug, naszych praw i praw naszych u\u017cytkownik\u00f3w lub<br \/>\ninni.<br \/>\nJakie dane osobowe gromadzimy<br \/>\nRodzaje danych osobowych, kt\u00f3re uzyskujemy na temat u\u017cytkownika, zale\u017c\u0105 od sposobu, w jaki u\u017cytkownik wchodzi w interakcj\u0119 z nasz\u0105 Witryn\u0105 i korzysta z naszych Us\u0142ug. Kiedy u\u017cywamy terminu<br \/>\n\u201cdane osobowe\u201d odnosz\u0105 si\u0119 do informacji, kt\u00f3re identyfikuj\u0105, odnosz\u0105 si\u0119 do, opisuj\u0105 lub mog\u0105 by\u0107 powi\u0105zane z u\u017cytkownikiem. Poni\u017csze sekcje<br \/>\nopisuj\u0105 kategorie i konkretne rodzaje gromadzonych przez nas danych osobowych.<br \/>\nInformacje zbierane bezpo\u015brednio od u\u017cytkownika<br \/>\nInformacje przekazywane nam bezpo\u015brednio przez u\u017cytkownika za po\u015brednictwem naszych Us\u0142ug mog\u0105 obejmowa\u0107:<br \/>\n- Podstawowe dane kontaktowe, w tym imi\u0119 i nazwisko, adres, numer telefonu, adres e-mail.<br \/>\n- Informacje o zam\u00f3wieniu, w tym imi\u0119 i nazwisko, adres rozliczeniowy, adres wysy\u0142ki, potwierdzenie p\u0142atno\u015bci, adres e-mail, numer telefonu.<br \/>\n- Informacje o koncie, w tym nazwa u\u017cytkownika, has\u0142o, pytania zabezpieczaj\u0105ce.<br \/>\n- Informacje o zakupach, w tym przegl\u0105dane, umieszczone w koszyku lub dodane do listy \u017cycze\u0144 produkty.<br \/>\n- Informacje dotycz\u0105ce obs\u0142ugi klienta, w tym informacje, kt\u00f3re u\u017cytkownik zdecyduje si\u0119 poda\u0107 w komunikacji z nami, na przyk\u0142ad podczas wysy\u0142ania wiadomo\u015bci<br \/>\nza po\u015brednictwem Us\u0142ug.<br \/>\nza po\u015brednictwem Us\u0142ug.<br \/>\nNiekt\u00f3re funkcje Us\u0142ug mog\u0105 wymaga\u0107 od u\u017cytkownika bezpo\u015bredniego przekazania nam pewnych informacji o sobie. U\u017cytkownik mo\u017ce zrezygnowa\u0107 z ich podawania<br \/>\nale mo\u017ce to uniemo\u017cliwi\u0107 u\u017cytkownikowi korzystanie z tych funkcji lub uzyskiwanie do nich dost\u0119pu.<br \/>\nInformacje gromadzone przez nas za pomoc\u0105 plik\u00f3w cookie<br \/>\nAutomatycznie zbieramy r\u00f3wnie\u017c pewne informacje dotycz\u0105ce interakcji u\u017cytkownika z Us\u0142ugami (\u201cDane o u\u017cytkowaniu\u201d). W tym celu mo\u017cemy wykorzystywa\u0107 pliki cookie, piksele i<br \/>\npodobne technologie (\u201cpliki cookie\u201d). Dane dotycz\u0105ce u\u017cytkowania mog\u0105 obejmowa\u0107 informacje o tym, w jaki spos\u00f3b u\u017cytkownik uzyskuje dost\u0119p do naszej Witryny i korzysta z niej oraz ze swojego konta, w tym o urz\u0105dzeniu<br \/>\ninformacje, informacje o przegl\u0105darce, informacje o po\u0142\u0105czeniu sieciowym, adres IP i inne informacje dotycz\u0105ce interakcji u\u017cytkownika z serwisem<br \/>\nUs\u0142ugi.<br \/>\nInformacje uzyskiwane od stron trzecich<br \/>\nWreszcie, mo\u017cemy uzyskiwa\u0107 informacje o u\u017cytkowniku od os\u00f3b trzecich, w tym od sprzedawc\u00f3w i us\u0142ugodawc\u00f3w, kt\u00f3rzy mog\u0105 gromadzi\u0107 informacje na nasz temat.<br \/>\ntakich jak:<br \/>\n- Firmy obs\u0142uguj\u0105ce nasz\u0105 Witryn\u0119 i Us\u0142ugi, takie jak Shopify.<br \/>\n- Nasze podmioty przetwarzaj\u0105ce p\u0142atno\u015bci, kt\u00f3re gromadz\u0105 informacje o p\u0142atno\u015bciach (np. konto bankowe, informacje o karcie kredytowej lub debetowej, adres rozliczeniowy) w celu przetwarzania<br \/>\np\u0142atno\u015bci w celu realizacji zam\u00f3wie\u0144 u\u017cytkownika i dostarczenia mu zam\u00f3wionych produkt\u00f3w lub us\u0142ug, w celu wykonania umowy zawartej z u\u017cytkownikiem.<br \/>\n- Gdy u\u017cytkownik odwiedza nasz\u0105 Witryn\u0119, otwiera lub klika wysy\u0142ane przez nas wiadomo\u015bci e-mail lub wchodzi w interakcj\u0119 z naszymi Us\u0142ugami lub reklamami, my lub osoby trzecie, z kt\u00f3rymi wsp\u00f3\u0142pracujemy, mo\u017cemy<br \/>\nautomatyczne zbieranie okre\u015blonych informacji przy u\u017cyciu technologii \u015bledzenia online, takich jak piksele, sygna\u0142y nawigacyjne w sieci Web, zestawy programistyczne, biblioteki stron trzecich,<br \/>\ni ciasteczka.<br \/>\nWszelkie informacje uzyskane od stron trzecich b\u0119d\u0105 traktowane zgodnie z niniejsz\u0105 Polityk\u0105 prywatno\u015bci. Nie ponosimy odpowiedzialno\u015bci za dok\u0142adno\u015b\u0107<br \/>\ninformacji dostarczanych nam przez strony trzecie i nie ponosimy odpowiedzialno\u015bci za polityk\u0119 ani praktyki stron trzecich. Wi\u0119cej informacji mo\u017cna znale\u017a\u0107 w sekcji<br \/>\nponi\u017cej, Witryny internetowe os\u00f3b trzecich i \u0142\u0105cza.<br \/>\nJak wykorzystujemy dane osobowe u\u017cytkownika<br \/>\n- Dostarczanie produkt\u00f3w i us\u0142ug. U\u017cywamy danych osobowych u\u017cytkownika do \u015bwiadczenia mu Us\u0142ug w celu wykonania zawartej z nim umowy,<br \/>\nw tym w celu przetwarzania p\u0142atno\u015bci, realizacji zam\u00f3wie\u0144, wysy\u0142ania powiadomie\u0144 zwi\u0105zanych z kontem u\u017cytkownika, zakupami, zwrotami, wymianami lub innymi czynno\u015bciami.<br \/>\ntransakcji, tworzenia, utrzymywania i zarz\u0105dzania kontem u\u017cytkownika w inny spos\u00f3b, organizowania wysy\u0142ki, u\u0142atwiania zwrot\u00f3w i wymian oraz umo\u017cliwiania u\u017cytkownikowi<br \/>\nrecenzje post\u00f3w.<br \/>\n- Marketing i reklama. Wykorzystujemy dane osobowe u\u017cytkownika do cel\u00f3w marketingowych i promocyjnych, takich jak wysy\u0142anie materia\u0142\u00f3w marketingowych, reklamowych i promocyjnych.<br \/>\nkomunikacji promocyjnej za po\u015brednictwem poczty elektronicznej, wiadomo\u015bci tekstowych lub poczty tradycyjnej oraz w celu wy\u015bwietlania reklam produkt\u00f3w lub us\u0142ug. Mo\u017ce to obejmowa\u0107 korzystanie z<br \/>\ndanych osobowych u\u017cytkownika w celu lepszego dostosowania Us\u0142ug i reklam w naszej Witrynie i innych witrynach internetowych.<br \/>\n- Bezpiecze\u0144stwo i zapobieganie oszustwom. U\u017cywamy danych osobowych u\u017cytkownika w celu wykrywania, badania lub podejmowania dzia\u0142a\u0144 w zwi\u0105zku z mo\u017cliwymi oszustwami, nielegalnymi lub niezgodnymi z prawem dzia\u0142aniami.<br \/>\nz\u0142o\u015bliwe dzia\u0142ania. Je\u015bli u\u017cytkownik zdecyduje si\u0119 korzysta\u0107 z Us\u0142ug i zarejestrowa\u0107 konto, jest odpowiedzialny za zapewnienie bezpiecze\u0144stwa danych uwierzytelniaj\u0105cych do konta. Jeste\u015bmy wysoce<br \/>\nzalecamy, aby nie udost\u0119pnia\u0107 nikomu swojej nazwy u\u017cytkownika, has\u0142a ani innych danych dost\u0119pu. Je\u015bli uwa\u017casz, \u017ce Twoje konto zosta\u0142o<br \/>\nkompromis, prosimy o natychmiastowy kontakt.<br \/>\n- Komunikacja z u\u017cytkownikiem. Wykorzystujemy dane osobowe u\u017cytkownika w celu zapewnienia mu obs\u0142ugi klienta i ulepszania naszych Us\u0142ug. Jest to zgodne z naszym prawem<br \/>\nw celu reagowania na potrzeby u\u017cytkownika, \u015bwiadczenia mu skutecznych us\u0142ug oraz utrzymywania z nim relacji biznesowych.<br \/>\nPliki cookie<br \/>\nPodobnie jak wiele innych witryn internetowych, nasza Witryna wykorzystuje pliki cookie. Aby uzyska\u0107 szczeg\u00f3\u0142owe informacje na temat plik\u00f3w cookie, kt\u00f3rych u\u017cywamy w zwi\u0105zku z zasilaniem naszego sklepu za pomoc\u0105 Shopify, zobacz<br \/>\nhttps:\/\/www.shopify.com\/legal\/cookies. U\u017cywamy plik\u00f3w cookie do zasilania i ulepszania naszej Witryny i naszych Us\u0142ug (w tym do zapami\u0119tywania Twoich dzia\u0142a\u0144 i<br \/>\npreferencji), w celu prowadzenia analiz i lepszego zrozumienia interakcji u\u017cytkownika z Us\u0142ugami (w naszym prawnie uzasadnionym interesie polegaj\u0105cym na administrowaniu, ulepszaniu i optymalizacji Us\u0142ug).<br \/>\nUs\u0142ugi). Mo\u017cemy r\u00f3wnie\u017c zezwoli\u0107 stronom trzecim i dostawcom us\u0142ug na korzystanie z plik\u00f3w cookie w naszej Witrynie w celu lepszego dostosowania us\u0142ug, produkt\u00f3w i reklam.<br \/>\nna naszej Stronie i innych stronach internetowych.<br \/>\nWi\u0119kszo\u015b\u0107 przegl\u0105darek domy\u015blnie automatycznie akceptuje pliki cookie, ale mo\u017cna ustawi\u0107 przegl\u0105dark\u0119 tak, aby usuwa\u0142a lub odrzuca\u0142a pliki cookie za po\u015brednictwem przegl\u0105darki<br \/>\nkontroli. Nale\u017cy pami\u0119ta\u0107, \u017ce usuni\u0119cie lub zablokowanie plik\u00f3w cookie mo\u017ce negatywnie wp\u0142yn\u0105\u0107 na wygod\u0119 u\u017cytkownika i mo\u017ce spowodowa\u0107 nieprawid\u0142owe dzia\u0142anie niekt\u00f3rych Us\u0142ug,<br \/>\nw tym niekt\u00f3re funkcje i og\u00f3lna funkcjonalno\u015b\u0107, mog\u0105 dzia\u0142a\u0107 nieprawid\u0142owo lub nie by\u0107 ju\u017c dost\u0119pne. Ponadto blokowanie plik\u00f3w cookie mo\u017ce nie by\u0107 ca\u0142kowicie<br \/>\nzapobieganie udost\u0119pnianiu informacji stronom trzecim, takim jak nasi partnerzy reklamowi.<br \/>\nW jaki spos\u00f3b ujawniamy dane osobowe<br \/>\nW pewnych okoliczno\u015bciach mo\u017cemy ujawni\u0107 dane osobowe u\u017cytkownika stronom trzecim w uzasadnionych celach, zgodnie z niniejsz\u0105 Polityk\u0105 prywatno\u015bci. Takie<br \/>\nokoliczno\u015bci mog\u0105 obejmowa\u0107:<br \/>\nokoliczno\u015bci mog\u0105 obejmowa\u0107:<br \/>\n- Dostawcom lub innym stronom trzecim, kt\u00f3re \u015bwiadcz\u0105 us\u0142ugi w naszym imieniu (np. zarz\u0105dzanie IT, przetwarzanie p\u0142atno\u015bci, analiza danych, obs\u0142uga klienta),<br \/>\nprzechowywanie w chmurze, realizacja i wysy\u0142ka).<br \/>\n- Z partnerami biznesowymi i marketingowymi, w tym Shopify, w celu \u015bwiadczenia us\u0142ug i reklamowania si\u0119. [[UWAGA DLA SPRZEDAWCY: WSTAWI\u0106 NAST\u0118PUJ\u0104CE INFORMACJE<br \/>\nZDANIE W PRZYPADKU KORZYSTANIA Z US\u0141UG REKLAMOWYCH SHOPIFY, TAKICH JAK SHOPIFY AUDIENCES]] [Na przyk\u0142ad u\u017cywamy Shopify do obs\u0142ugi spersonalizowanych reklam za pomoc\u0105<br \/>\nus\u0142ugi stron trzecich]. Nasi partnerzy biznesowi i marketingowi b\u0119d\u0105 wykorzystywa\u0107 informacje u\u017cytkownika zgodnie z ich w\u0142asnymi zasadami ochrony prywatno\u015bci.<br \/>\n- Gdy u\u017cytkownik kieruje, prosi nas lub w inny spos\u00f3b wyra\u017ca zgod\u0119 na ujawnienie przez nas okre\u015blonych informacji stronom trzecim, np. w celu wysy\u0142ki produkt\u00f3w lub za po\u015brednictwem u\u017cytkownika<br \/>\nkorzystanie z wid\u017cet\u00f3w medi\u00f3w spo\u0142eczno\u015bciowych lub integracji logowania, za zgod\u0105 u\u017cytkownika.<br \/>\n- Z naszymi podmiotami stowarzyszonymi lub w inny spos\u00f3b w ramach naszej grupy korporacyjnej, w naszym uzasadnionym interesie prowadzenia udanej dzia\u0142alno\u015bci.<br \/>\n- W zwi\u0105zku z transakcj\u0105 biznesow\u0105, tak\u0105 jak fuzja lub upad\u0142o\u015b\u0107, w celu wype\u0142nienia wszelkich obowi\u0105zuj\u0105cych zobowi\u0105za\u0144 prawnych (w tym w celu udzielenia odpowiedzi na<br \/>\nwezwania s\u0105dowe, nakazy przeszukania i podobne \u017c\u0105dania), w celu egzekwowania wszelkich obowi\u0105zuj\u0105cych warunk\u00f3w \u015bwiadczenia us\u0142ug oraz w celu ochrony lub obrony Us\u0142ug, naszych praw oraz<br \/>\nprawa naszych u\u017cytkownik\u00f3w lub innych os\u00f3b.<br \/>\nW ci\u0105gu ostatnich 12 miesi\u0119cy ujawnili\u015bmy nast\u0119puj\u0105ce kategorie danych osobowych i wra\u017cliwych danych osobowych (oznaczonych *) na temat<br \/>\nu\u017cytkownikom w celach okre\u015blonych powy\u017cej w cz\u0119\u015bci \u201cW jaki spos\u00f3b gromadzimy i wykorzystujemy dane osobowe u\u017cytkownik\u00f3w\u201d oraz \u201cW jaki spos\u00f3b ujawniamy dane osobowe u\u017cytkownik\u00f3w\u201d:<br \/>\nKategoria:<br \/>\n- Identyfikatory, takie jak podstawowe dane kontaktowe oraz niekt\u00f3re informacje o zam\u00f3wieniach i kontach<br \/>\n- Informacje handlowe, takie jak informacje o zam\u00f3wieniach, informacje o zakupach i informacje dotycz\u0105ce obs\u0142ugi klienta<br \/>\n- Internet lub inna podobna aktywno\u015b\u0107 sieciowa, taka jak Dane o u\u017cytkowaniu<br \/>\nKategorie odbiorc\u00f3w:<br \/>\n- Sprzedawcy i osoby trzecie, kt\u00f3re \u015bwiadcz\u0105 us\u0142ugi w naszym imieniu (takie jak dostawcy us\u0142ug internetowych, podmioty przetwarzaj\u0105ce p\u0142atno\u015bci, partnerzy realizuj\u0105cy zam\u00f3wienia, klienci).<br \/>\npartnerzy wspieraj\u0105cy i dostawcy us\u0142ug analizy danych)<br \/>\n- Partnerzy biznesowi i marketingowi<br \/>\n- Podmioty stowarzyszone<br \/>\nNie wykorzystujemy ani nie ujawniamy wra\u017cliwych danych osobowych w celu wnioskowania o cechach u\u017cytkownika.<br \/>\n[[UWAGA DLA SPRZEDAWC\u00d3W - WSTAW PONI\u017bSZY AKAPIT I LISTY, JE\u015aLI KORZYSTASZ Z US\u0141UG REKLAMOWYCH SHOPIFY, TAKICH JAK SHOPIFY AUDIENCES LUB ENGAGING<br \/>\nWE WSZELKICH INNYCH DZIA\u0141ANIACH, KT\u00d3RE MO\u017bNA UZNA\u0106 ZA \u201cSPRZEDA\u017b\u201d LUB \u201cUDOST\u0118PNIANIE\u201d DANYCH OSOBOWYCH LUB PRZETWARZANIE DANYCH OSOBOWYCH<br \/>\nDLA \u201cREKLAMY UKIERUNKOWANEJ\u201d]]\nW ci\u0105gu ostatnich 12 miesi\u0119cy \u201csprzedawali\u015bmy\u201d i \u201cudost\u0119pniali\u015bmy\u201d (zgodnie z definicj\u0105 tych termin\u00f3w w obowi\u0105zuj\u0105cym prawie) dane osobowe w celu<br \/>\nanga\u017cowanie si\u0119 w dzia\u0142ania reklamowe i marketingowe, jak poni\u017cej.<br \/>\nKategoria danych osobowych<br \/>\n- Identyfikatory, takie jak podstawowe dane kontaktowe oraz niekt\u00f3re informacje o zam\u00f3wieniach i kontach<br \/>\n- Informacje handlowe, takie jak rejestry zakupionych produkt\u00f3w lub us\u0142ug oraz informacje o zakupach<br \/>\n- Internet lub inna podobna aktywno\u015b\u0107 sieciowa, taka jak Dane o u\u017cytkowaniu<br \/>\nKategorie odbiorc\u00f3w<br \/>\n- Partnerzy biznesowi i marketingowi<br \/>\nZawarto\u015b\u0107 generowana przez u\u017cytkownika<br \/>\nUs\u0142ugi mog\u0105 umo\u017cliwia\u0107 u\u017cytkownikowi publikowanie recenzji produkt\u00f3w i innych tre\u015bci generowanych przez u\u017cytkownik\u00f3w. Je\u015bli u\u017cytkownik zdecyduje si\u0119 przes\u0142a\u0107 tre\u015bci generowane przez u\u017cytkownik\u00f3w do dowolnego publicznego<br \/>\nw obszarze Us\u0142ug, tre\u015bci te b\u0119d\u0105 publiczne i dost\u0119pne dla ka\u017cdego.<br \/>\nNie kontrolujemy, kto b\u0119dzie mia\u0142 dost\u0119p do informacji, kt\u00f3re u\u017cytkownik zdecyduje si\u0119 udost\u0119pni\u0107 innym, i nie mo\u017cemy zapewni\u0107, \u017ce strony, kt\u00f3re maj\u0105 dost\u0119p<br \/>\ndo takich informacji b\u0119d\u0105 szanowa\u0107 prywatno\u015b\u0107 u\u017cytkownika lub dba\u0107 o ich bezpiecze\u0144stwo. Nie ponosimy odpowiedzialno\u015bci za prywatno\u015b\u0107 lub bezpiecze\u0144stwo jakichkolwiek informacji podawanych przez u\u017cytkownika.<br \/>\npublicznie dost\u0119pnych, ani za dok\u0142adno\u015b\u0107, wykorzystanie lub niew\u0142a\u015bciwe wykorzystanie jakichkolwiek informacji ujawnionych lub otrzymanych przez u\u017cytkownika od os\u00f3b trzecich.<br \/>\nStrony internetowe i linki stron trzecich<br \/>\nNasza Witryna mo\u017ce zawiera\u0107 \u0142\u0105cza do witryn lub innych platform internetowych obs\u0142ugiwanych przez strony trzecie. W przypadku korzystania z \u0142\u0105czy do witryn niepowi\u0105zanych lub niekontrolowanych przez nas,<br \/>\nObs\u0142ugiwane przez Shopify<br \/>\nwww.shopify.com<br \/>\nNasza Witryna mo\u017ce zawiera\u0107 \u0142\u0105cza do witryn lub innych platform internetowych obs\u0142ugiwanych przez strony trzecie. W przypadku korzystania z \u0142\u0105czy do witryn niepowi\u0105zanych lub niekontrolowanych przez nas,<br \/>\nnale\u017cy zapozna\u0107 si\u0119 z ich polityk\u0105 prywatno\u015bci i bezpiecze\u0144stwa oraz innymi warunkami. Nie gwarantujemy i nie ponosimy odpowiedzialno\u015bci za prywatno\u015b\u0107 i bezpiecze\u0144stwo u\u017cytkownik\u00f3w.<br \/>\nbezpiecze\u0144stwo takich witryn, w tym dok\u0142adno\u015b\u0107, kompletno\u015b\u0107 lub wiarygodno\u015b\u0107 informacji znalezionych w tych witrynach. Informacje podawane przez u\u017cytkownika na publicznych lub p\u00f3\u0142publicznych<br \/>\nmiejsca, w tym informacje udost\u0119pniane na platformach spo\u0142eczno\u015bciowych os\u00f3b trzecich, mog\u0105 by\u0107 r\u00f3wnie\u017c widoczne dla innych u\u017cytkownik\u00f3w Us\u0142ug i\/lub<br \/>\nu\u017cytkownikom tych platform stron trzecich bez ogranicze\u0144 co do korzystania z nich przez nas lub przez stron\u0119 trzeci\u0105. Zamieszczenie przez nas takich link\u00f3w samo w sobie nie oznacza \u017cadnego<br \/>\nzatwierdzania tre\u015bci na takich platformach lub ich w\u0142a\u015bcicieli lub operator\u00f3w, z wyj\u0105tkiem przypadk\u00f3w ujawnionych w Us\u0142ugach.<br \/>\nDane dotycz\u0105ce dzieci<br \/>\nUs\u0142ugi nie s\u0105 przeznaczone do u\u017cytku przez dzieci, a my \u015bwiadomie nie gromadzimy \u017cadnych danych osobowych dzieci. Je\u015bli u\u017cytkownik jest rodzicem lub<br \/>\nopiekun dziecka, kt\u00f3re przekaza\u0142o nam swoje dane osobowe, mo\u017ce skontaktowa\u0107 si\u0119 z nami, korzystaj\u0105c z danych kontaktowych podanych poni\u017cej, aby za\u017c\u0105da\u0107, aby zosta\u0142y one<br \/>\nusuni\u0119te.<br \/>\nNa dzie\u0144 wej\u015bcia w \u017cycie niniejszej Polityki prywatno\u015bci nie posiadamy faktycznej wiedzy o tym, \u017ce \u201cudost\u0119pniamy\u201d lub \u201csprzedajemy\u201d (zgodnie z definicj\u0105 tych termin\u00f3w w obowi\u0105zuj\u0105cym prawie)<br \/>\ndanych osobowych os\u00f3b poni\u017cej 16 roku \u017cycia.<br \/>\n[[UWAGA DLA SPRZEDAWC\u00d3W: NALE\u017bY SKONSULTOWA\u0106 SI\u0118 Z RADC\u0104 PRAWNYM, JE\u015aLI WITRYNA KONCENTRUJE SI\u0118 NA DZIECIACH LUB JEST SKIEROWANA DO DZIECI, PONIEWA\u017b BARDZIEJ SZCZEG\u00d3\u0141OWE UJAWNIENIA MOG\u0104<br \/>\nBE REQUIRED.]]\nBezpiecze\u0144stwo i przechowywanie informacji o u\u017cytkowniku<br \/>\nNale\u017cy pami\u0119ta\u0107, \u017ce \u017cadne \u015brodki bezpiecze\u0144stwa nie s\u0105 doskona\u0142e ani nieprzeniknione i nie mo\u017cemy zagwarantowa\u0107 \u201cdoskona\u0142ego bezpiecze\u0144stwa\u201d. Ponadto wszelkie informacje<br \/>\nwysy\u0142ane do nas mog\u0105 nie by\u0107 bezpieczne podczas przesy\u0142ania. Zalecamy, aby nie u\u017cywa\u0107 niezabezpieczonych kana\u0142\u00f3w do przesy\u0142ania poufnych lub wra\u017cliwych informacji.<br \/>\ninformacje do nas.<\/p>\n<\/header>\n<\/header>","protected":false},"excerpt":{"rendered":"<p>Ecommerce Professionals Group LLC Privacy Policy. This Privacy Policy describes how Ecommerce Professionals Group LLC (the &#8220;Site&#8221;, &#8220;we&#8221;, &#8220;us&#8221;, or &#8220;our&#8221;) collects, uses, and discloses your personal information when you visit, use our services, or make a purchase from oraculums.com (the &#8220;Site&#8221;) or otherwise communicate with us (collectively, the &#8220;Services&#8221;). For purposes of this Privacy [&#8230;]","protected":false},"author":1,"featured_media":0,"parent":0,"menu_order":0,"comment_status":"closed","ping_status":"closed","template":"","meta":{"footnotes":""},"class_list":["post-5733","page","type-page","status-publish","hentry"],"_links":{"self":[{"href":"https:\/\/oraculums.com\/pl\/wp-json\/wp\/v2\/pages\/5733","targetHints":{"allow":["GET"]}}],"collection":[{"href":"https:\/\/oraculums.com\/pl\/wp-json\/wp\/v2\/pages"}],"about":[{"href":"https:\/\/oraculums.com\/pl\/wp-json\/wp\/v2\/types\/page"}],"author":[{"embeddable":true,"href":"https:\/\/oraculums.com\/pl\/wp-json\/wp\/v2\/users\/1"}],"replies":[{"embeddable":true,"href":"https:\/\/oraculums.com\/pl\/wp-json\/wp\/v2\/comments?post=5733"}],"version-history":[{"count":0,"href":"https:\/\/oraculums.com\/pl\/wp-json\/wp\/v2\/pages\/5733\/revisions"}],"wp:attachment":[{"href":"https:\/\/oraculums.com\/pl\/wp-json\/wp\/v2\/media?parent=5733"}],"curies":[{"name":"wp","href":"https:\/\/api.w.org\/{rel}","templated":true}]}}