{"id":5733,"date":"2018-10-03T18:43:31","date_gmt":"2018-10-03T18:43:31","guid":{"rendered":"https:\/\/dimgrey-whale-895460.hostingersite.com\/?page_id=5733"},"modified":"2025-08-23T10:22:00","modified_gmt":"2025-08-23T10:22:00","slug":"zasady-pouzivani-souboru-cookies","status":"publish","type":"page","link":"https:\/\/oraculums.com\/it\/zasady-pouzivani-souboru-cookies\/","title":{"rendered":"Informativa sui cookie"},"content":{"rendered":"<header>\n<header>\n<h1>Ecommerce Professionals Group LLC Informativa sulla privacy.<\/h1>\n<p>La presente Informativa sulla privacy descrive il modo in cui Ecommerce Professionals Group LLC (il \u201cSito\u201d, \u201cnoi\u201d, \u201cci\u201d o \u201cnostro\u201d) raccoglie, utilizza e divulga i dati personali degli utenti.<br \/>\ninformazioni quando visitate, utilizzate i nostri servizi, o fate un acquisto su oraculums.com (il \u201cSito\u201d) o comunicate in altro modo con noi (collettivamente, il<br \/>\n\u201cServizi\u201d). Ai fini della presente Informativa sulla privacy, per \u201cvoi\u201d e \u201cvostro\u201d si intende l'utente dei Servizi, sia esso un cliente, un visitatore del sito web o un utente di un sito web.<br \/>\nun altro individuo di cui abbiamo raccolto le informazioni ai sensi della presente Informativa sulla privacy.<br \/>\nSi prega di leggere attentamente la presente Informativa sulla privacy. Utilizzando e accedendo a uno qualsiasi dei Servizi, l'utente accetta la raccolta, l'utilizzo e la divulgazione delle proprie informazioni<br \/>\ncome descritto nella presente Informativa sulla privacy. Se non si accettano le presenti Norme sulla privacy, si prega di non utilizzare o accedere ai Servizi.<br \/>\nModifiche alla presente Informativa sulla privacy<br \/>\nPossiamo aggiornare la presente Informativa sulla privacy di tanto in tanto, anche per riflettere le modifiche alle nostre pratiche o per altri motivi operativi, legali o normativi.<br \/>\nPubblicheremo la nuova Informativa sulla privacy sul Sito, aggiorneremo la data dell\u201c\u201dUltimo aggiornamento\" e adotteremo qualsiasi altra misura richiesta dalla legge applicabile.<br \/>\nCome raccogliamo e utilizziamo i vostri dati personali<br \/>\nPer fornire i Servizi, raccogliamo e abbiamo raccolto negli ultimi 12 mesi informazioni personali sull'utente da diverse fonti, come indicato di seguito.<br \/>\ndi seguito. Le informazioni che raccogliamo e utilizziamo variano a seconda di come l'utente interagisce con noi.<br \/>\nOltre agli usi specifici indicati di seguito, possiamo utilizzare le informazioni che raccogliamo su di voi per comunicare con voi, fornire i Servizi, conformarci a<br \/>\nqualsiasi obbligo legale applicabile, far rispettare i termini di servizio applicabili e proteggere o difendere i Servizi, i nostri diritti e i diritti dei nostri utenti.<br \/>\naltri.<br \/>\nQuali informazioni personali raccogliamo<br \/>\nI tipi di informazioni personali che otteniamo su di voi dipendono dal modo in cui interagite con il nostro Sito e utilizzate i nostri Servizi. Quando utilizziamo il termine<br \/>\n\u201cinformazioni personali\u201d, ci riferiamo a informazioni che identificano, si riferiscono a, descrivono o possono essere associate all'utente. Le seguenti sezioni<br \/>\ndescrivere le categorie e i tipi specifici di informazioni personali che raccogliamo.<br \/>\nInformazioni raccolte direttamente dall'utente<br \/>\nLe informazioni che ci inviate direttamente attraverso i nostri Servizi possono includere:<br \/>\n- Dati di contatto di base, tra cui nome, indirizzo, numero di telefono, e-mail.<br \/>\n- Informazioni sull'ordine, tra cui nome, indirizzo di fatturazione, indirizzo di spedizione, conferma di pagamento, indirizzo e-mail e numero di telefono.<br \/>\n- Informazioni sull'account, compresi nome utente, password e domande di sicurezza.<br \/>\n- Informazioni sugli acquisti, compresi gli articoli visualizzati, messi nel carrello o aggiunti alla lista dei desideri.<br \/>\n- Informazioni sull'assistenza clienti, comprese le informazioni che l'utente sceglie di includere nelle comunicazioni con noi, ad esempio quando invia un messaggio<br \/>\nattraverso i Servizi.<br \/>\nattraverso i Servizi.<br \/>\nAlcune funzioni dei Servizi possono richiedere all'utente di fornirci direttamente alcune informazioni su di lui. L'utente pu\u00f2 scegliere di non fornire tali<br \/>\ninformazioni, ma ci\u00f2 potrebbe impedirvi di utilizzare o accedere a tali funzionalit\u00e0.<br \/>\nInformazioni raccolte attraverso i cookie<br \/>\nRaccogliamo inoltre automaticamente alcune informazioni sulla vostra interazione con i Servizi (\u201cDati di utilizzo\u201d). A tale scopo, possiamo utilizzare cookie, pixel e<br \/>\ntecnologie simili (\u201ccookie\u201d). I Dati di utilizzo possono includere informazioni sulle modalit\u00e0 di accesso e utilizzo del nostro Sito e del vostro account, tra cui il dispositivo<br \/>\ninformazioni, informazioni sul browser, informazioni sulla vostra connessione di rete, il vostro indirizzo IP e altre informazioni riguardanti la vostra interazione con<br \/>\ni Servizi.<br \/>\nInformazioni ottenute da terzi<br \/>\nInfine, possiamo ottenere informazioni sull'utente da terze parti, inclusi venditori e fornitori di servizi che possono raccogliere informazioni sul nostro sito web.<br \/>\nper conto di terzi, come ad esempio:<br \/>\n- Aziende che supportano il nostro Sito e i nostri Servizi, come Shopify.<br \/>\n- I nostri processori di pagamento, che raccolgono le informazioni di pagamento (ad esempio, conto bancario, informazioni sulla carta di credito o di debito, indirizzo di fatturazione) per elaborare il vostro<br \/>\npagamento al fine di evadere i vostri ordini e fornirvi i prodotti o i servizi da voi richiesti, al fine di eseguire il nostro contratto con voi.<br \/>\n- Quando visitate il nostro Sito, aprite o cliccate sulle e-mail che vi inviamo, o interagite con i nostri Servizi o pubblicit\u00e0, noi, o terze parti con cui lavoriamo, possiamo<br \/>\nraccogliere automaticamente alcune informazioni utilizzando tecnologie di tracciamento online come pixel, web beacon, software developer kit, librerie di terze parti,<br \/>\ne biscotti.<br \/>\nQualsiasi informazione ottenuta da terzi sar\u00e0 trattata in conformit\u00e0 alla presente Informativa sulla privacy. Non siamo responsabili dell'accuratezza delle informazioni fornite da terzi.<br \/>\nle informazioni forniteci da terzi e non siamo responsabili delle politiche o delle pratiche di terzi. Per ulteriori informazioni, consultare la sezione<br \/>\ndi seguito, siti web e link di terze parti.<br \/>\nCome utilizziamo i vostri dati personali<br \/>\n- Fornitura di prodotti e servizi. Utilizziamo i vostri dati personali per fornirvi i Servizi al fine di eseguire il nostro contratto con voi,<br \/>\nanche per elaborare i vostri pagamenti, evadere i vostri ordini, inviarvi notifiche relative al vostro conto, ai vostri acquisti, ai vostri resi, ai vostri cambi o ad altri<br \/>\ntransazioni, per creare, mantenere e gestire in altro modo il vostro account, per organizzare la spedizione, facilitare eventuali restituzioni e cambi e per consentirvi di<br \/>\nrecensioni postali.<br \/>\n- Marketing e pubblicit\u00e0. Utilizziamo i vostri dati personali per scopi promozionali e di marketing, come l'invio di materiale pubblicitario e di marketing.<br \/>\ncomunicazioni promozionali via e-mail, SMS o posta, e per mostrarvi pubblicit\u00e0 di prodotti o servizi. Ci\u00f2 pu\u00f2 includere l'utilizzo di<br \/>\nle informazioni personali dell'utente per meglio adattare i Servizi e la pubblicit\u00e0 sul nostro Sito e su altri siti web.<br \/>\n- Sicurezza e prevenzione delle frodi. Utilizziamo i vostri dati personali per rilevare, indagare o prendere provvedimenti in merito a possibili frodi, illeciti o frodi.<br \/>\nattivit\u00e0 dannose. Se l'utente sceglie di utilizzare i Servizi e di registrare un account, \u00e8 responsabile della sicurezza delle proprie credenziali. Noi siamo altamente<br \/>\nraccomandiamo di non condividere il nome utente, la password o altri dati di accesso con nessun altro. Se si ritiene che il proprio account sia stato<br \/>\ncompromesso, vi preghiamo di contattarci immediatamente.<br \/>\n- Comunicare con voi. Utilizziamo i dati personali dell'utente per fornirgli assistenza e migliorare i nostri Servizi. Ci\u00f2 rientra nella nostra legittima<br \/>\ninteressi al fine di rispondere alle vostre esigenze, di fornirvi servizi efficaci e di mantenere i nostri rapporti commerciali con voi.<br \/>\nBiscotti<br \/>\nCome molti siti web, anche noi utilizziamo i cookie sul nostro sito. Per informazioni specifiche sui cookie che utilizziamo in relazione all'alimentazione del nostro negozio con Shopify, vedere<br \/>\nhttps:\/\/www.shopify.com\/legal\/cookies. Utilizziamo i cookie per potenziare e migliorare il nostro Sito e i nostri Servizi (anche per ricordare le azioni e i comportamenti dell'utente).<br \/>\npreferenze), per eseguire analisi e comprendere meglio l'interazione dell'utente con i Servizi (nel nostro legittimo interesse di amministrare, migliorare e ottimizzare<br \/>\ni Servizi). Possiamo anche consentire a terzi e a fornitori di servizi di utilizzare i cookie sul nostro Sito per personalizzare meglio i servizi, i prodotti e la pubblicit\u00e0.<br \/>\nsul nostro Sito e su altri siti web.<br \/>\nLa maggior parte dei browser accetta automaticamente i cookie per impostazione predefinita, ma \u00e8 possibile scegliere di impostare il browser in modo da rimuovere o rifiutare i cookie attraverso il browser stesso.<br \/>\ncontrolli. Tenete presente che la rimozione o il blocco dei cookie pu\u00f2 avere un impatto negativo sull'esperienza dell'utente e pu\u00f2 causare la perdita di alcuni dei Servizi,<br \/>\ncomprese alcune caratteristiche e funzionalit\u00e0 generali, di funzionare in modo non corretto o di non essere pi\u00f9 disponibili. Inoltre, il blocco dei cookie potrebbe non essere completamente<br \/>\nimpedire la condivisione di informazioni con terze parti, come i nostri partner pubblicitari.<br \/>\nCome divulghiamo le informazioni personali<br \/>\nIn determinate circostanze, possiamo divulgare le informazioni personali dell'utente a terzi per scopi legittimi, nel rispetto della presente Informativa sulla privacy. Tali<br \/>\nLe circostanze possono includere:<br \/>\nLe circostanze possono includere:<br \/>\n- Con fornitori o altre terze parti che svolgono servizi per nostro conto (ad esempio, gestione IT, elaborazione dei pagamenti, analisi dei dati, assistenza clienti),<br \/>\ncloud storage, adempimenti e spedizioni).<br \/>\n- Con partner commerciali e di marketing, tra cui Shopify, per fornire servizi e pubblicit\u00e0 all'utente. [[NOTA PER IL COMMERCIANTE: INSERIRE QUANTO SEGUE<br \/>\nFRASE SE SI UTILIZZANO I SERVIZI PUBBLICITARI DI SHOPIFY, COME IL PUBBLICO DI SHOPIFY]]] [Ad esempio, utilizziamo Shopify per supportare la pubblicit\u00e0 personalizzata con<br \/>\nservizi di terzi]. I nostri partner commerciali e di marketing utilizzeranno le informazioni dell'utente in conformit\u00e0 alle rispettive informative sulla privacy.<br \/>\n- Quando l'utente ci indirizza, ci richiede o acconsente in altro modo alla divulgazione di determinate informazioni a terzi, come ad esempio per la spedizione di prodotti o attraverso il suo<br \/>\nutilizzo di widget di social media o integrazioni di login, con il vostro consenso.<br \/>\n- Con le nostre societ\u00e0 affiliate o comunque facenti parte del nostro gruppo aziendale, nel nostro legittimo interesse a gestire un'attivit\u00e0 di successo.<br \/>\n- In relazione a una transazione commerciale, come una fusione o un fallimento, per ottemperare a qualsiasi obbligo legale applicabile (compreso quello di rispondere a<br \/>\ncitazioni in giudizio, mandati di perquisizione e richieste simili), per far rispettare i termini di servizio applicabili, e per proteggere o difendere i Servizi, i nostri diritti e la<br \/>\ndiritti dei nostri utenti o di altri.<br \/>\nNegli ultimi 12 mesi abbiamo divulgato le seguenti categorie di informazioni personali e informazioni personali sensibili (indicate con *) su<br \/>\ngli utenti per le finalit\u00e0 indicate sopra in \u201cCome raccogliamo e utilizziamo i vostri dati personali\u201d e \u201cCome divulghiamo i dati personali\u201d:<br \/>\nCategoria:<br \/>\n- Identificatori come i dati di contatto di base e alcune informazioni relative a ordini e account<br \/>\n- Informazioni commerciali, quali informazioni sugli ordini, sugli acquisti e sull'assistenza ai clienti<br \/>\n- Internet o altre attivit\u00e0 di rete simili, come i Dati di utilizzo<br \/>\nCategorie di destinatari:<br \/>\n- Fornitori e terze parti che svolgono servizi per nostro conto (come fornitori di servizi Internet, processori di pagamento, partner per l'adempimento, clienti, ecc.<br \/>\npartner di supporto e fornitori di analisi dei dati)<br \/>\n- Partner commerciali e di marketing<br \/>\n- Affiliati<br \/>\nNon utilizziamo n\u00e9 divulghiamo le informazioni personali sensibili allo scopo di dedurre caratteristiche dell'utente.<br \/>\n[[NOTA PER I COMMERCIANTI - INSERIRE IL PARAGRAFO SEGUENTE E GLI ELENCHI SE SI UTILIZZANO I SERVIZI PUBBLICITARI DI SHOPIFY COME SHOPIFY AUDIENCES O ENGAGING<br \/>\nIN QUALSIASI ALTRA ATTIVIT\u00c0 CHE POSSA ESSERE CONSIDERATA \u201cVENDITA\u201d O \u201cCONDIVISIONE\u201d DI INFORMAZIONI PERSONALI O TRATTAMENTO DI INFORMAZIONI PERSONALI<br \/>\nPER \u201cPUBBLICIT\u00c0 MIRATA\u201d]]\nAbbiamo \u201cvenduto\u201d e \u201ccondiviso\u201d (come questi termini sono definiti dalla legge applicabile) informazioni personali nei 12 mesi precedenti allo scopo di<br \/>\nche svolgono attivit\u00e0 pubblicitarie e di marketing, come di seguito indicato.<br \/>\nCategoria di informazioni personali<br \/>\n- Identificatori come i dati di contatto di base e alcune informazioni relative a ordini e account<br \/>\n- Informazioni commerciali, quali registrazioni di prodotti o servizi acquistati e informazioni sugli acquisti.<br \/>\n- Internet o altre attivit\u00e0 di rete simili, come i Dati di utilizzo<br \/>\nCategorie di destinatari<br \/>\n- Partner commerciali e di marketing<br \/>\nContenuti generati dagli utenti<br \/>\nI Servizi possono consentire all'utente di pubblicare recensioni di prodotti e altri contenuti generati dall'utente. Se l'utente sceglie di inviare contenuti generati dall'utente a un qualsiasi sito pubblico<br \/>\ndei Servizi, questo contenuto sar\u00e0 pubblico e accessibile a chiunque.<br \/>\nNon possiamo controllare chi avr\u00e0 accesso alle informazioni che decidete di rendere disponibili ad altri, e non possiamo garantire che le parti che hanno accesso<br \/>\na tali informazioni rispetter\u00e0 la vostra privacy o le manterr\u00e0 sicure. Non siamo responsabili della privacy o della sicurezza delle informazioni fornite dall'utente.<br \/>\npubblicamente disponibili, o per l'accuratezza, l'uso o l'abuso di qualsiasi informazione divulgata o ricevuta da terzi.<br \/>\nSiti web e link di terze parti<br \/>\nIl nostro Sito pu\u00f2 fornire link a siti web o altre piattaforme online gestite da terzi. Se seguite i link a siti non affiliati o controllati da noi,<br \/>\nAlimentato da Shopify<br \/>\nwww.shopify.com<br \/>\nIl nostro Sito pu\u00f2 fornire link a siti web o altre piattaforme online gestite da terzi. Se seguite i link a siti non affiliati o controllati da noi,<br \/>\nl'utente dovrebbe esaminare le loro politiche sulla privacy e sulla sicurezza e gli altri termini e condizioni. Non garantiamo e non siamo responsabili per la privacy o la sicurezza degli utenti.<br \/>\nsicurezza di tali siti, compresa l'accuratezza, la completezza o l'affidabilit\u00e0 delle informazioni trovate su tali siti. Le informazioni fornite dall'utente su siti pubblici o semipubblici<br \/>\nluoghi, comprese le informazioni che l'utente condivide su piattaforme di social network di terze parti, possono essere visualizzate anche da altri utenti dei Servizi e\/o<br \/>\nutenti di tali piattaforme di terzi, senza alcuna limitazione per quanto riguarda il loro utilizzo da parte nostra o di terzi. L'inclusione di tali link da parte nostra non implica di per s\u00e9 alcuna<br \/>\nl'approvazione dei contenuti di tali piattaforme o dei loro proprietari o operatori, ad eccezione di quanto comunicato nei Servizi.<br \/>\nDati sui bambini<br \/>\nI Servizi non sono destinati all'uso da parte di bambini e noi non raccogliamo consapevolmente alcuna informazione personale sui bambini. Se l'utente \u00e8 il genitore o<br \/>\ntutore di un minore che ci ha fornito i suoi dati personali, potete contattarci utilizzando i dettagli di contatto indicati di seguito per richiedere che siano<br \/>\ncancellato.<br \/>\nAlla data di entrata in vigore della presente Informativa sulla privacy, non siamo effettivamente a conoscenza del fatto che \u201ccondividiamo\u201d o \u201cvendiamo\u201d (secondo la definizione di tali termini contenuta nella legge applicabile)<br \/>\ninformazioni personali di persone di et\u00e0 inferiore ai 16 anni.<br \/>\n[[NOTA PER IL COMMERCIANTE: SI PREGA DI CONSULTARE UN CONSULENTE LEGALE SE IL VOSTRO SITO \u00c8 INCENTRATO O DIRETTO AI BAMBINI, IN QUANTO INFORMAZIONI PI\u00d9 SPECIFICHE POSSONO<br \/>\nESSERE RICHIESTO]]\nSicurezza e conservazione delle informazioni<br \/>\nSi tenga presente che nessuna misura di sicurezza \u00e8 perfetta o impenetrabile e non possiamo garantire una \u201csicurezza perfetta\u201d. Inoltre, qualsiasi informazione<br \/>\ninviati a noi potrebbero non essere sicuri durante il transito. Vi consigliamo di non utilizzare canali non sicuri per comunicare informazioni sensibili o riservate.<br \/>\ninformazioni a noi.<\/p>\n<\/header>\n<\/header>","protected":false},"excerpt":{"rendered":"<p>Ecommerce Professionals Group LLC Privacy Policy. This Privacy Policy describes how Ecommerce Professionals Group LLC (the &#8220;Site&#8221;, &#8220;we&#8221;, &#8220;us&#8221;, or &#8220;our&#8221;) collects, uses, and discloses your personal information when you visit, use our services, or make a purchase from oraculums.com (the &#8220;Site&#8221;) or otherwise communicate with us (collectively, the &#8220;Services&#8221;). For purposes of this Privacy [&#8230;]","protected":false},"author":1,"featured_media":0,"parent":0,"menu_order":0,"comment_status":"closed","ping_status":"closed","template":"","meta":{"footnotes":""},"class_list":["post-5733","page","type-page","status-publish","hentry"],"_links":{"self":[{"href":"https:\/\/oraculums.com\/it\/wp-json\/wp\/v2\/pages\/5733","targetHints":{"allow":["GET"]}}],"collection":[{"href":"https:\/\/oraculums.com\/it\/wp-json\/wp\/v2\/pages"}],"about":[{"href":"https:\/\/oraculums.com\/it\/wp-json\/wp\/v2\/types\/page"}],"author":[{"embeddable":true,"href":"https:\/\/oraculums.com\/it\/wp-json\/wp\/v2\/users\/1"}],"replies":[{"embeddable":true,"href":"https:\/\/oraculums.com\/it\/wp-json\/wp\/v2\/comments?post=5733"}],"version-history":[{"count":0,"href":"https:\/\/oraculums.com\/it\/wp-json\/wp\/v2\/pages\/5733\/revisions"}],"wp:attachment":[{"href":"https:\/\/oraculums.com\/it\/wp-json\/wp\/v2\/media?parent=5733"}],"curies":[{"name":"wp","href":"https:\/\/api.w.org\/{rel}","templated":true}]}}