{"id":424197,"date":"2024-12-15T16:56:02","date_gmt":"2024-12-15T16:56:02","guid":{"rendered":"https:\/\/dimgrey-whale-895460.hostingersite.com\/?post_type=product&#038;p=424197"},"modified":"2025-11-30T10:56:03","modified_gmt":"2025-11-30T10:56:03","slug":"love","status":"publish","type":"product","link":"https:\/\/oraculums.com\/hu\/produkt\/love\/","title":{"rendered":"Var\u00e1zslatos szerelmi ritu\u00e1l\u00e9 + AJ\u00c1ND\u00c9KOK"},"content":{"rendered":"","protected":false},"excerpt":{"rendered":"<div style=\"text-align: center;\">\n<h1><\/h1>\n<h1><span style=\"color: #000000;\"><strong>Tudtad, hogy l\u00e9tezik egy var\u00e1zslatos ritu\u00e1l\u00e9, amely mell\u00e9khat\u00e1sok n\u00e9lk\u00fcl seg\u00edt elnyerni kedvesed sz\u00edv\u00e9t?<\/strong><\/span><\/h1>\n<p><span style=\"color: #000000; font-size: 105%;\">Szerelmes vagy, de a m\u00e1sik nem viszonozza az \u00e9rz\u00e9seidet? Szeretn\u00e9 meger\u0151s\u00edteni a jelenlegi kapcsolat\u00e1t? \u00dagy \u00e9rzi, mintha a sors akad\u00e1lyokat g\u00f6rd\u00edtene az \u00fatj\u00e1ba?<\/span><\/p>\n<p><span style=\"color: #000000; font-size: 105%;\"><strong>Most a sorsot a maga oldal\u00e1ra \u00e1ll\u00edthatja, \u00e9s a maga jav\u00e1ra ford\u00edthatja. <\/strong>Hiszed, hogy ha nem pr\u00f3b\u00e1lsz ki minden lehet\u0151s\u00e9get, eg\u00e9sz \u00e9letedben b\u00e1nni fogod, \u00e9s folyton azt mondogatod. <em>Mi van, ha<\/em>, de akkor m\u00e1r t\u00fal k\u00e9s\u0151 lesz b\u00e1rmin is v\u00e1ltoztatni. <\/span><\/p>\n<p><span style=\"font-size: 105%;\"><span style=\"color: #000000;\"><strong> Ez a m\u00e1gikus ritu\u00e1l\u00e9 \u00f6sszek\u00f6ti a lelkeket, \u00e9s lehet\u0151v\u00e9 teszi a sors sz\u00e1m\u00e1ra, hogy seg\u00edtsen megtal\u00e1lni az utat egym\u00e1shoz.<\/strong><\/span><\/span><\/p>\n<p><span style=\"font-size: 105%;\"><span style=\"color: #000000;\">Rendel\u00e9s ut\u00e1n, <strong>24 \u00f3r\u00e1n bel\u00fcl szem\u00e9lyre szabott m\u00e1gikus ritu\u00e1l\u00e9t v\u00e9gz\u00fcnk neked.<\/strong>. Nincs fekete m\u00e1gia vagy mell\u00e9khat\u00e1s, csak az univerzum tiszta ereje, ami m\u0171k\u00f6dik. Ne v\u00e1rjon, am\u00edg t\u00fal k\u00e9s\u0151 lesz - pr\u00f3b\u00e1lja ki most. <\/span><strong>100% bizalmas!<\/strong><\/span><\/p>\n<\/div>","protected":false},"featured_media":409636,"template":"","meta":[],"product_brand":[],"product_cat":[6115,6113],"product_tag":[],"class_list":{"0":"post-424197","1":"product","2":"type-product","3":"status-publish","4":"has-post-thumbnail","6":"product_cat-ritualy","7":"product_cat-sluzby","9":"first","10":"instock","11":"sale","12":"virtual","13":"sold-individually","14":"purchasable","15":"product-type-simple"},"_links":{"self":[{"href":"https:\/\/oraculums.com\/hu\/wp-json\/wp\/v2\/product\/424197","targetHints":{"allow":["GET"]}}],"collection":[{"href":"https:\/\/oraculums.com\/hu\/wp-json\/wp\/v2\/product"}],"about":[{"href":"https:\/\/oraculums.com\/hu\/wp-json\/wp\/v2\/types\/product"}],"wp:featuredmedia":[{"embeddable":true,"href":"https:\/\/oraculums.com\/hu\/wp-json\/wp\/v2\/media\/409636"}],"wp:attachment":[{"href":"https:\/\/oraculums.com\/hu\/wp-json\/wp\/v2\/media?parent=424197"}],"wp:term":[{"taxonomy":"product_brand","embeddable":true,"href":"https:\/\/oraculums.com\/hu\/wp-json\/wp\/v2\/product_brand?post=424197"},{"taxonomy":"product_cat","embeddable":true,"href":"https:\/\/oraculums.com\/hu\/wp-json\/wp\/v2\/product_cat?post=424197"},{"taxonomy":"product_tag","embeddable":true,"href":"https:\/\/oraculums.com\/hu\/wp-json\/wp\/v2\/product_tag?post=424197"}],"curies":[{"name":"wp","href":"https:\/\/api.w.org\/{rel}","templated":true}]}}