{"id":410551,"date":"2023-10-29T22:09:17","date_gmt":"2023-10-29T22:09:17","guid":{"rendered":"https:\/\/dimgrey-whale-895460.hostingersite.com\/?post_type=product&#038;p=410551"},"modified":"2025-08-23T13:25:14","modified_gmt":"2025-08-23T13:25:14","slug":"lovee","status":"publish","type":"product","link":"https:\/\/oraculums.com\/hu\/produkt\/lovee\/","title":{"rendered":"A szerelem m\u00e1gikus ritu\u00e1l\u00e9ja"},"content":{"rendered":"","protected":false},"excerpt":{"rendered":"<div style=\"text-align: center;\"><span style=\"font-size: 105%;\"><strong>Nem tal\u00e1lod a lelki t\u00e1rsad?<\/strong> Ezzel az er\u0151teljes var\u00e1zslattal az igaz szerelmet vonzzuk be az \u00e9letedbe, ak\u00e1r kapcsolatban vagy, ak\u00e1r nem. Ez a var\u00e1zslat egy kapcsolat fel\u00e9leszt\u00e9s\u00e9re is haszn\u00e1lhat\u00f3. El fogja t\u00e1vol\u00edtani azokat az energetikai akad\u00e1lyokat is, amelyek esetleg megakad\u00e1lyozz\u00e1k, hogy megtal\u00e1ld az igaz szerelmet.<\/span><\/div>\n<div style=\"text-align: center;\"><\/div>\n<div style=\"text-align: center;\">\n<p><span style=\"font-size: 105%;\">Ez a k\u00fcls\u0151 t\u00e9nyez\u0151kt\u0151l f\u00fcgg\u0151en 1-12 h\u00e9ten bel\u00fcl jelentkezik. A var\u00e1zslat hat\u00e9konys\u00e1ga v\u00e1ltoz\u00f3 lehet - egyes \u00fcgyfelek azonnal l\u00e1tj\u00e1k az eredm\u00e9nyeket, m\u00edg m\u00e1soknak hosszabb id\u0151re van sz\u00fcks\u00e9g\u00fck.<\/span><\/p>\n<p><span style=\"font-size: 105%;\"><strong>\ud83d\udcdc Ezt a ritu\u00e1l\u00e9t megaj\u00e1nd\u00e9kozhatod valakinek - a megrendel\u00e9seddel egy\u00fctt kapsz egy tan\u00fas\u00edtv\u00e1nyt a teljes\u00edt\u00e9sr\u0151l, amelyet aj\u00e1nd\u00e9kba adhatsz.<\/strong><\/span><\/p>\n<\/div>","protected":false},"featured_media":410552,"template":"","meta":[],"product_brand":[],"product_cat":[6115,6113],"product_tag":[],"class_list":{"0":"post-410551","1":"product","2":"type-product","3":"status-publish","4":"has-post-thumbnail","6":"product_cat-ritualy","7":"product_cat-sluzby","9":"first","10":"instock","11":"sale","12":"virtual","13":"purchasable","14":"product-type-simple"},"_links":{"self":[{"href":"https:\/\/oraculums.com\/hu\/wp-json\/wp\/v2\/product\/410551","targetHints":{"allow":["GET"]}}],"collection":[{"href":"https:\/\/oraculums.com\/hu\/wp-json\/wp\/v2\/product"}],"about":[{"href":"https:\/\/oraculums.com\/hu\/wp-json\/wp\/v2\/types\/product"}],"wp:featuredmedia":[{"embeddable":true,"href":"https:\/\/oraculums.com\/hu\/wp-json\/wp\/v2\/media\/410552"}],"wp:attachment":[{"href":"https:\/\/oraculums.com\/hu\/wp-json\/wp\/v2\/media?parent=410551"}],"wp:term":[{"taxonomy":"product_brand","embeddable":true,"href":"https:\/\/oraculums.com\/hu\/wp-json\/wp\/v2\/product_brand?post=410551"},{"taxonomy":"product_cat","embeddable":true,"href":"https:\/\/oraculums.com\/hu\/wp-json\/wp\/v2\/product_cat?post=410551"},{"taxonomy":"product_tag","embeddable":true,"href":"https:\/\/oraculums.com\/hu\/wp-json\/wp\/v2\/product_tag?post=410551"}],"curies":[{"name":"wp","href":"https:\/\/api.w.org\/{rel}","templated":true}]}}