{"id":410276,"date":"2023-10-18T18:39:49","date_gmt":"2023-10-18T18:39:49","guid":{"rendered":"https:\/\/dimgrey-whale-895460.hostingersite.com\/?post_type=product&#038;p=410276"},"modified":"2025-08-23T13:25:49","modified_gmt":"2025-08-23T13:25:49","slug":"health","status":"publish","type":"product","link":"https:\/\/oraculums.com\/hu\/produkt\/health\/","title":{"rendered":"Az eg\u00e9szs\u00e9g m\u00e1gikus ritu\u00e1l\u00e9ja"},"content":{"rendered":"","protected":false},"excerpt":{"rendered":"<div style=\"text-align: center;\"><span style=\"font-size: 105%;\"><b>Gyakran betegeskedik, \u00e9s az eg\u00e9szs\u00e9ge nem olyan, mint amilyennek lennie kellene? <\/b>Pr\u00f3b\u00e1ld ki ezt a ritu\u00e1l\u00e9t, amely vonzza az eg\u00e9szs\u00e9get \u00e9s megv\u00e9d a betegs\u00e9gekt\u0151l.<\/span><\/div>\n<div style=\"text-align: center;\"><span style=\"font-size: 105%;\">Ez a k\u00fcls\u0151 t\u00e9nyez\u0151kt\u0151l f\u00fcgg\u0151en 1-12 h\u00e9ten bel\u00fcl jelentkezik.<\/span><\/div>\n<div><\/div>\n<div style=\"text-align: center;\"><span style=\"font-size: 105%;\"><strong>\ud83d\udcdc Ezt a ritu\u00e1l\u00e9t megaj\u00e1nd\u00e9kozhatod valakinek - a megrendel\u00e9seddel egy\u00fctt kapsz egy tan\u00fas\u00edtv\u00e1nyt a teljes\u00edt\u00e9sr\u0151l, amelyet aj\u00e1nd\u00e9kba adhatsz.<\/strong><\/span><\/div>\n<div><\/div>\n<div style=\"text-align: center;\"><\/div>","protected":false},"featured_media":410278,"template":"","meta":[],"product_brand":[],"product_cat":[6115,6113],"product_tag":[],"class_list":{"0":"post-410276","1":"product","2":"type-product","3":"status-publish","4":"has-post-thumbnail","6":"product_cat-ritualy","7":"product_cat-sluzby","9":"first","10":"instock","11":"sale","12":"virtual","13":"purchasable","14":"product-type-simple"},"_links":{"self":[{"href":"https:\/\/oraculums.com\/hu\/wp-json\/wp\/v2\/product\/410276","targetHints":{"allow":["GET"]}}],"collection":[{"href":"https:\/\/oraculums.com\/hu\/wp-json\/wp\/v2\/product"}],"about":[{"href":"https:\/\/oraculums.com\/hu\/wp-json\/wp\/v2\/types\/product"}],"wp:featuredmedia":[{"embeddable":true,"href":"https:\/\/oraculums.com\/hu\/wp-json\/wp\/v2\/media\/410278"}],"wp:attachment":[{"href":"https:\/\/oraculums.com\/hu\/wp-json\/wp\/v2\/media?parent=410276"}],"wp:term":[{"taxonomy":"product_brand","embeddable":true,"href":"https:\/\/oraculums.com\/hu\/wp-json\/wp\/v2\/product_brand?post=410276"},{"taxonomy":"product_cat","embeddable":true,"href":"https:\/\/oraculums.com\/hu\/wp-json\/wp\/v2\/product_cat?post=410276"},{"taxonomy":"product_tag","embeddable":true,"href":"https:\/\/oraculums.com\/hu\/wp-json\/wp\/v2\/product_tag?post=410276"}],"curies":[{"name":"wp","href":"https:\/\/api.w.org\/{rel}","templated":true}]}}