{"id":410273,"date":"2023-10-18T18:13:35","date_gmt":"2023-10-18T18:13:35","guid":{"rendered":"https:\/\/dimgrey-whale-895460.hostingersite.com\/?post_type=product&#038;p=410273"},"modified":"2025-08-23T13:26:37","modified_gmt":"2025-08-23T13:26:37","slug":"vernost","status":"publish","type":"product","link":"https:\/\/oraculums.com\/hu\/produkt\/vernost\/","title":{"rendered":"A h\u0171s\u00e9g m\u00e1gikus ritu\u00e1l\u00e9ja"},"content":{"rendered":"","protected":false},"excerpt":{"rendered":"<div style=\"text-align: center;\"><strong>A partnere h\u0171tlen, vagy f\u00e9l a h\u0171tlens\u00e9gt\u0151l?<\/strong> Ezzel az er\u0151teljes var\u00e1zslattal \u00f6sszek\u00f6tj\u00fck a lelkedet a kedveseddel, \u00e9s a partnered csak r\u00e1d fog n\u00e9zni.<\/div>\n<div style=\"text-align: center;\">Ez a k\u00fcls\u0151 t\u00e9nyez\u0151kt\u0151l f\u00fcgg\u0151en 1-12 h\u00e9ten bel\u00fcl jelentkezik.<\/div>\n<div style=\"text-align: center;\"><strong>A teljes nevet \u00e9s a sz\u00fclet\u00e9si d\u00e1tumot a p\u00e9nzt\u00e1r oldalon kell megadni. <\/strong><strong>100% bizalmas!<\/strong><\/div>\n<div><\/div>\n<div style=\"text-align: center;\"><strong>\ud83d\udcdc Ezt a ritu\u00e1l\u00e9t megaj\u00e1nd\u00e9kozhatod valakinek - a megrendel\u00e9seddel egy\u00fctt kapsz egy tan\u00fas\u00edtv\u00e1nyt a teljes\u00edt\u00e9sr\u0151l, amelyet aj\u00e1nd\u00e9kba adhatsz.<\/strong><\/div>\n<div style=\"text-align: center;\"><\/div>\n<div style=\"text-align: center;\"><\/div>","protected":false},"featured_media":410275,"template":"","meta":[],"product_brand":[],"product_cat":[6115,6113],"product_tag":[],"class_list":{"0":"post-410273","1":"product","2":"type-product","3":"status-publish","4":"has-post-thumbnail","6":"product_cat-ritualy","7":"product_cat-sluzby","9":"first","10":"instock","11":"sale","12":"virtual","13":"purchasable","14":"product-type-simple"},"_links":{"self":[{"href":"https:\/\/oraculums.com\/hu\/wp-json\/wp\/v2\/product\/410273","targetHints":{"allow":["GET"]}}],"collection":[{"href":"https:\/\/oraculums.com\/hu\/wp-json\/wp\/v2\/product"}],"about":[{"href":"https:\/\/oraculums.com\/hu\/wp-json\/wp\/v2\/types\/product"}],"wp:featuredmedia":[{"embeddable":true,"href":"https:\/\/oraculums.com\/hu\/wp-json\/wp\/v2\/media\/410275"}],"wp:attachment":[{"href":"https:\/\/oraculums.com\/hu\/wp-json\/wp\/v2\/media?parent=410273"}],"wp:term":[{"taxonomy":"product_brand","embeddable":true,"href":"https:\/\/oraculums.com\/hu\/wp-json\/wp\/v2\/product_brand?post=410273"},{"taxonomy":"product_cat","embeddable":true,"href":"https:\/\/oraculums.com\/hu\/wp-json\/wp\/v2\/product_cat?post=410273"},{"taxonomy":"product_tag","embeddable":true,"href":"https:\/\/oraculums.com\/hu\/wp-json\/wp\/v2\/product_tag?post=410273"}],"curies":[{"name":"wp","href":"https:\/\/api.w.org\/{rel}","templated":true}]}}