{"id":409983,"date":"2023-10-06T21:26:42","date_gmt":"2023-10-06T21:26:42","guid":{"rendered":"https:\/\/dimgrey-whale-895460.hostingersite.com\/?post_type=product&#038;p=409983"},"modified":"2025-08-23T13:27:21","modified_gmt":"2025-08-23T13:27:21","slug":"luck","status":"publish","type":"product","link":"https:\/\/oraculums.com\/hu\/produkt\/luck\/","title":{"rendered":"A szerencse m\u00e1gikus ritu\u00e1l\u00e9ja"},"content":{"rendered":"","protected":false},"excerpt":{"rendered":"<div style=\"text-align: center;\"><span style=\"font-size: 105%;\"><b>Nem mennek j\u00f3l a dolgok, \u00e9s semmi sem a terv szerint alakul? Pr\u00f3b\u00e1ld ki ezt a szerencs\u00e9t hoz\u00f3 ritu\u00e1l\u00e9t, amely bevonzza a szerencs\u00e9t az \u00e9letedbe!<\/b><\/span><\/div>\n<div style=\"text-align: center;\"><span style=\"font-size: 105%;\">Ez a k\u00fcls\u0151 t\u00e9nyez\u0151kt\u0151l f\u00fcgg\u0151en 1-12 h\u00e9ten bel\u00fcl jelentkezik.<\/span><\/div>\n<div><\/div>\n<div style=\"text-align: center;\"><span style=\"font-size: 105%;\"><strong>\ud83d\udcdc Ezt a ritu\u00e1l\u00e9t megaj\u00e1nd\u00e9kozhatod valakinek - a megrendel\u00e9seddel egy\u00fctt kapsz egy tan\u00fas\u00edtv\u00e1nyt a teljes\u00edt\u00e9sr\u0151l, amelyet aj\u00e1nd\u00e9kba adhatsz.<\/strong><\/span><\/div>\n<div style=\"text-align: center;\"><\/div>","protected":false},"featured_media":409984,"template":"","meta":[],"product_brand":[],"product_cat":[6115,6113],"product_tag":[],"class_list":{"0":"post-409983","1":"product","2":"type-product","3":"status-publish","4":"has-post-thumbnail","6":"product_cat-ritualy","7":"product_cat-sluzby","9":"first","10":"instock","11":"sale","12":"virtual","13":"purchasable","14":"product-type-simple"},"_links":{"self":[{"href":"https:\/\/oraculums.com\/hu\/wp-json\/wp\/v2\/product\/409983","targetHints":{"allow":["GET"]}}],"collection":[{"href":"https:\/\/oraculums.com\/hu\/wp-json\/wp\/v2\/product"}],"about":[{"href":"https:\/\/oraculums.com\/hu\/wp-json\/wp\/v2\/types\/product"}],"wp:featuredmedia":[{"embeddable":true,"href":"https:\/\/oraculums.com\/hu\/wp-json\/wp\/v2\/media\/409984"}],"wp:attachment":[{"href":"https:\/\/oraculums.com\/hu\/wp-json\/wp\/v2\/media?parent=409983"}],"wp:term":[{"taxonomy":"product_brand","embeddable":true,"href":"https:\/\/oraculums.com\/hu\/wp-json\/wp\/v2\/product_brand?post=409983"},{"taxonomy":"product_cat","embeddable":true,"href":"https:\/\/oraculums.com\/hu\/wp-json\/wp\/v2\/product_cat?post=409983"},{"taxonomy":"product_tag","embeddable":true,"href":"https:\/\/oraculums.com\/hu\/wp-json\/wp\/v2\/product_tag?post=409983"}],"curies":[{"name":"wp","href":"https:\/\/api.w.org\/{rel}","templated":true}]}}