{"id":409629,"date":"2023-09-25T21:25:24","date_gmt":"2023-09-25T21:25:24","guid":{"rendered":"https:\/\/dimgrey-whale-895460.hostingersite.com\/?post_type=product&#038;p=409629"},"modified":"2025-08-30T10:51:15","modified_gmt":"2025-08-30T10:51:15","slug":"the-magical-ritual-of-wealth","status":"publish","type":"product","link":"https:\/\/oraculums.com\/hu\/produkt\/the-magical-ritual-of-wealth\/","title":{"rendered":"A gazdags\u00e1g m\u00e1gikus ritu\u00e1l\u00e9ja"},"content":{"rendered":"","protected":false},"excerpt":{"rendered":"<h1 data-pm-slice=\"0 0 []\"><\/h1>\n<h1 style=\"text-align: center;\" data-pm-slice=\"0 0 []\"><strong>A gazdags\u00e1g el\u00e9rhet\u0151 k\u00f6zels\u00e9gben van. Pr\u00f3b\u00e1lja ki a ritu\u00e1l\u00e9t, amely m\u00e1gnesk\u00e9nt vonzza a p\u00e9nzt!<\/strong><\/h1>\n<p style=\"text-align: center;\">\n<p style=\"text-align: center;\" data-pm-slice=\"0 0 []\"><span style=\"font-size: 105%;\">H\u00e1nyszor \u00e1lmodt\u00e1l m\u00e1r arr\u00f3l, hogy v\u00e9gre kinyitod a gazdags\u00e1g kapuj\u00e1t? Ez a ritu\u00e1l\u00e9 sz\u00e9lesre t\u00e1rja neked ezeket az ajt\u00f3kat! Er\u0151teljes m\u00e1gikus ritu\u00e1l\u00e9nk seg\u00edt elt\u00e1vol\u00edtani azokat a blokkokat, amelyek megakad\u00e1lyozz\u00e1k, hogy gazdagg\u00e1 v\u00e1lj.<\/span><\/p>\n<p style=\"text-align: center;\"><span style=\"font-size: 105%;\">Biztosan ismer olyan embereket, akiknek k\u00f6nnyed\u00e9n siker\u00fcl, \u00e9s a p\u00e9nz az \u00f6l\u00fckbe hull. M\u00e1sr\u00e9szt vannak olyanok, akik mindent megtesznek, de nem j\u00e1rnak sikerrel. Mindez az\u00e9rt van, mert energetikai blokkok akad\u00e1lyozz\u00e1k \u0151ket. \u00c9s most k\u00f6nnyed\u00e9n elt\u00e1vol\u00edthatod ezeket a blokkokat, \u00e9s elkezdheted vonzani a gazdags\u00e1got.<\/span><\/p>\n<p style=\"text-align: center;\"><span style=\"font-size: 105%;\">Rendelje meg ezt a ritu\u00e1l\u00e9t \u00e9s \u00e9rezze a v\u00e1ltoz\u00e1st!<\/span><\/p>\n<p style=\"text-align: center;\">\n<p style=\"text-align: center;\"><span style=\"font-size: 110%;\"><strong>\ud83d\udcdcEzt a ritu\u00e1l\u00e9t megaj\u00e1nd\u00e9kozhatod valakinek - a megrendel\u00e9sed mell\u00e9 kapsz egy tan\u00fas\u00edtv\u00e1nyt a teljes\u00edt\u00e9sr\u0151l.<\/strong><\/span><\/p>","protected":false},"featured_media":409630,"template":"","meta":[],"product_brand":[],"product_cat":[6115,6113],"product_tag":[],"class_list":{"0":"post-409629","1":"product","2":"type-product","3":"status-publish","4":"has-post-thumbnail","6":"product_cat-ritualy","7":"product_cat-sluzby","9":"first","10":"instock","11":"sale","12":"virtual","13":"purchasable","14":"product-type-simple"},"_links":{"self":[{"href":"https:\/\/oraculums.com\/hu\/wp-json\/wp\/v2\/product\/409629","targetHints":{"allow":["GET"]}}],"collection":[{"href":"https:\/\/oraculums.com\/hu\/wp-json\/wp\/v2\/product"}],"about":[{"href":"https:\/\/oraculums.com\/hu\/wp-json\/wp\/v2\/types\/product"}],"wp:featuredmedia":[{"embeddable":true,"href":"https:\/\/oraculums.com\/hu\/wp-json\/wp\/v2\/media\/409630"}],"wp:attachment":[{"href":"https:\/\/oraculums.com\/hu\/wp-json\/wp\/v2\/media?parent=409629"}],"wp:term":[{"taxonomy":"product_brand","embeddable":true,"href":"https:\/\/oraculums.com\/hu\/wp-json\/wp\/v2\/product_brand?post=409629"},{"taxonomy":"product_cat","embeddable":true,"href":"https:\/\/oraculums.com\/hu\/wp-json\/wp\/v2\/product_cat?post=409629"},{"taxonomy":"product_tag","embeddable":true,"href":"https:\/\/oraculums.com\/hu\/wp-json\/wp\/v2\/product_tag?post=409629"}],"curies":[{"name":"wp","href":"https:\/\/api.w.org\/{rel}","templated":true}]}}