{"id":5735,"date":"2018-10-03T18:44:13","date_gmt":"2018-10-03T18:44:13","guid":{"rendered":"https:\/\/dimgrey-whale-895460.hostingersite.com\/?page_id=5735"},"modified":"2025-08-23T10:21:07","modified_gmt":"2025-08-23T10:21:07","slug":"ochrana-osobnich-udaju","status":"publish","type":"page","link":"https:\/\/oraculums.com\/hu\/ochrana-osobnich-udaju\/","title":{"rendered":"Adatv\u00e9delmi szab\u00e1lyzat"},"content":{"rendered":"<header><\/header>\r\n<div><header><header>Az oraculums.com weboldalon web\u00e1ruh\u00e1zat \u00fczemeltet\u00fcnk.\r\n<p>Szolg\u00e1ltat\u00e1saink ny\u00fajt\u00e1sa, az \u00e1ruk \u00e9rt\u00e9kes\u00edt\u00e9se \u00e9s weboldalunk m\u0171k\u00f6dtet\u00e9se \u00e9rdek\u00e9ben feldolgozunk bizonyos szem\u00e9lyes adatokat.<\/p>\r\n<p>&nbsp;<\/p>\r\n<p>A szem\u00e9lyes adatok kezel\u00e9s\u00e9t k\u00fcl\u00f6n\u00f6sen a szem\u00e9lyes adatok kezel\u00e9s\u00e9vel \u00f6sszef\u00fcgg\u00e9sben az egy\u00e9nek v\u00e9delm\u00e9r\u0151l \u00e9s az ilyen adatok szabad \u00e1raml\u00e1s\u00e1r\u00f3l, valamint a 95\/46\/EK ir\u00e1nyelv hat\u00e1lyon k\u00edv\u00fcl helyez\u00e9s\u00e9r\u0151l sz\u00f3l\u00f3, 2016. \u00e1prilis 27-i (EU) 2016\/679 eur\u00f3pai parlamenti \u00e9s tan\u00e1csi rendelet (\u00e1ltal\u00e1nos adatv\u00e9delmi rendelet - szem\u00e9lyes adatok) (\u201cGDPR\u201d) szab\u00e1lyozza.<\/p>\r\n<p>I. Szem\u00e9lyes adatok feldolgoz\u00e1sa<br \/>A. Szem\u00e9lyes adatok feldolgoz\u00e1sa a kapcsolatfelv\u00e9teli \u0171rlap haszn\u00e1lata sor\u00e1n<\/p>\r\n<p>&nbsp;<\/p>\r\n<p>Ha term\u00e9keinkkel \u00e9s szolg\u00e1ltat\u00e1sainkkal kapcsolatban \u00e9rdekl\u0151dik, akkor az \u00d6n \u00e1ltal megadott el\u00e9rhet\u0151s\u00e9gi adatokkal dolgozunk, els\u0151sorban az \u00e9rdekl\u0151d\u00e9si \u0171rlapon kereszt\u00fcl. Ezek a k\u00f6vetkez\u0151k: ............................<\/p>\r\n<p>&nbsp;<\/p>\r\n<p>Milyen okb\u00f3l?<\/p>\r\n<p>Rajtuk kereszt\u00fcl vessz\u00fck fel \u00d6nnel a kapcsolatot az \u00e1rukkal \u00e9s szolg\u00e1ltat\u00e1sokkal kapcsolatos tov\u00e1bbi int\u00e9zked\u00e9sekkel kapcsolatban.<\/p>\r\n<p>&nbsp;<\/p>\r\n<p>Milyen jogalapon?<\/p>\r\n<p>Ez a GDPR 6. cikke (1) bekezd\u00e9s\u00e9nek b) pontja alapj\u00e1n t\u00f6rt\u00e9n\u0151 adatkezel\u00e9s - szerz\u0151d\u00e9sk\u00f6t\u00e9s vagy szerz\u0151d\u00e9sk\u00f6t\u00e9st megel\u0151z\u0151 int\u00e9zked\u00e9sek v\u00e9grehajt\u00e1sa az \u00d6n k\u00e9r\u00e9s\u00e9re.<\/p>\r\n<p>&nbsp;<\/p>\r\n<p>Mennyi ideig kezelj\u00fck a szem\u00e9lyes adatokat?<\/p>\r\n<p>Ha nem alak\u00edtunk ki tov\u00e1bbi egy\u00fcttm\u0171k\u00f6d\u00e9st, az \u00d6n adatait az utols\u00f3 kommunik\u00e1ci\u00f3nk \u00f3ta legfeljebb 90 napig kezelj\u00fck.<\/p>\r\n<p>&nbsp;<\/p>\r\n<p>B. Szem\u00e9lyes adatok feldolgoz\u00e1sa v\u00e1s\u00e1rl\u00e1s eset\u00e9n<\/p>\r\n<p>&nbsp;<\/p>\r\n<p>Ha v\u00e1s\u00e1rol t\u0151l\u00fcnk, akkor az \u00d6n \u00e1ltal megadott adatokkal dolgozunk. Ezek f\u0151k\u00e9nt sz\u00e1ml\u00e1z\u00e1si adatok: n\u00e9v, vezet\u00e9kn\u00e9v, c\u00edm.<\/p>\r\n<p>&nbsp;<\/p>\r\n<p>Milyen okb\u00f3l?<\/p>\r\n<p>A szem\u00e9lyes adatok feldolgoz\u00e1s\u00e1ra szerz\u0151d\u00e9s\u00fcnk teljes\u00edt\u00e9s\u00e9hez van sz\u00fcks\u00e9g\u00fcnk - ahhoz, hogy \u00e1rukat vagy szolg\u00e1ltat\u00e1sokat sz\u00e1ll\u00edtsunk \u00d6nnek. Ezenk\u00edv\u00fcl a megadott el\u00e9rhet\u0151s\u00e9geken kereszt\u00fcl kommunik\u00e1lunk \u00d6nnel a megrendel\u00e9s\u00e9nek \u00e1llapot\u00e1r\u00f3l, esetleg a panaszokkal vagy az \u00d6n k\u00e9rd\u00e9seivel kapcsolatban.<\/p>\r\n<p>A szem\u00e9lyes adatokat tov\u00e1bbra is feldolgozzuk a t\u00f6rv\u00e9nyb\u0151l ered\u0151 k\u00f6telezetts\u00e9geink teljes\u00edt\u00e9se \u00e9rdek\u00e9ben (els\u0151sorban sz\u00e1mviteli \u00e9s ad\u00f3z\u00e1si c\u00e9lokb\u00f3l, esetleg panaszok \u00e9s egy\u00e9b \u00fcgyek feldolgoz\u00e1s\u00e1hoz).<\/p>\r\n<p>&nbsp;<\/p>\r\n<p>Milyen jogalapon dolgozunk fel szem\u00e9lyes adatokat?<\/p>\r\n<p>Ez a feldolgoz\u00e1s a GDPR 6. cikk (1) bekezd\u00e9s b) pontja - a szerz\u0151d\u00e9s teljes\u00edt\u00e9se - \u00e9s a GDPR 6. cikk (1) bekezd\u00e9s c) pontja - jogi k\u00f6telezetts\u00e9g\u00fcnk teljes\u00edt\u00e9se - alapj\u00e1n t\u00f6rt\u00e9nik.<\/p>\r\n<p>&nbsp;<\/p>\r\n<p>Mennyi ideig kezelj\u00fck a szem\u00e9lyes adatokat?<\/p>\r\n<p>A szolg\u00e1ltat\u00e1sunk teljes\u00edt\u00e9s\u00e9nek id\u0151tartam\u00e1ra, majd a ......... az utols\u00f3 ilyen szolg\u00e1ltat\u00e1s ny\u00fajt\u00e1s\u00e1t\u00f3l vagy \u00e1rusz\u00e1ll\u00edt\u00e1st\u00f3l sz\u00e1m\u00edtva.<\/p>\r\n<p>&nbsp;<\/p>\r\n<p>C. H\u00edrlevelek<\/p>\r\n<p>Ha \u00d6n v\u00e1s\u00e1rl\u00f3, \u00e9s a v\u00e1s\u00e1rl\u00e1skor nem tiltotta le a v\u00e1s\u00e1rl\u00e1st, akkor az \u00d6n e-mail c\u00edm\u00e9t h\u00edrleveleink k\u00fcld\u00e9s\u00e9re haszn\u00e1ljuk.<\/p>\r\n<p>&nbsp;<\/p>\r\n<p>Milyen jogalapon?<\/p>\r\n<p>Az egyes inform\u00e1ci\u00f3s t\u00e1rsadalommal \u00f6sszef\u00fcgg\u0151 szolg\u00e1ltat\u00e1sokr\u00f3l sz\u00f3l\u00f3 480\/2004. sz. t\u00f6rv\u00e9ny 7. szakasz\u00e1nak (3) bekezd\u00e9se alapj\u00e1n ezt megtehetj\u00fck, ha \u00d6n a v\u00e1s\u00e1rl\u00e1s sor\u00e1n nem tiltotta meg ezt nek\u00fcnk.<\/p>\r\n<p>&nbsp;<\/p>\r\n<p>Mennyi ideig kezelj\u00fck a szem\u00e9lyes adatokat?<\/p>\r\n<p>2 \u00e9v\/\u00e9v az utols\u00f3 v\u00e1s\u00e1rl\u00e1s \u00f3ta. A h\u00edrlev\u00e9lr\u0151l b\u00e1rmikor leiratkozhat e-mailben vagy a info@oraculums.com e-mail c\u00edmen.<\/p>\r\n<p>Szem\u00e9lyes adatokat csak az Eur\u00f3pai Uni\u00f3 ter\u00fclet\u00e9n dolgozunk fel.<\/p>\r\n<p>&nbsp;<\/p>\r\n<p>III. Mit kell m\u00e9g tudnia?<br \/>V\u00e1llalatunkn\u00e1l nincs\/van kijel\u00f6lt adatv\u00e9delmi tisztvisel\u0151nk.<\/p>\r\n<p>&nbsp;<\/p>\r\n<p>V\u00e1llalatunk nem hoz\/nem hoz automatikus feldolgoz\u00e1son vagy profilalkot\u00e1son alapul\u00f3 d\u00f6nt\u00e9seket.<\/p>\r\n<p>&nbsp;<\/p>\r\n<p>Ha b\u00e1rmilyen k\u00e9rd\u00e9se van a szem\u00e9lyes adatokkal kapcsolatban, k\u00e9rj\u00fck, l\u00e9pjen kapcsolatba vel\u00fcnk a k\u00f6vetkez\u0151 e-mail c\u00edmen<strong> info@oraculums.com<\/strong><\/p>\r\n<p>&nbsp;<\/p>\r\n<p>IV. A s\u00fctik haszn\u00e1lata<br \/>A s\u00fctik olyan kis mennyis\u00e9g\u0171 inform\u00e1ci\u00f3t tartalmaz\u00f3 sz\u00f6vegf\u00e1jlok, amelyek a weboldalunk megl\u00e1togat\u00e1sakor let\u00f6lt\u0151dnek az \u00d6n eszk\u00f6z\u00e9re. A cookie-kat ezut\u00e1n minden tov\u00e1bbi l\u00e1togat\u00e1skor visszak\u00fcldik a weboldalra vagy egy m\u00e1sik weboldalra, amely felismeri \u0151ket.<\/p>\r\n<p>&nbsp;<\/p>\r\n<p>A s\u00fctik k\u00fcl\u00f6nb\u00f6z\u0151 feladatokat l\u00e1tnak el, p\u00e9ld\u00e1ul lehet\u0151v\u00e9 teszik a hat\u00e9kony navig\u00e1ci\u00f3t a weboldalak k\u00f6z\u00f6tt, megjegyzik az \u00d6n preferenci\u00e1it \u00e9s \u00f6sszess\u00e9g\u00e9ben jav\u00edtj\u00e1k a felhaszn\u00e1l\u00f3i \u00e9lm\u00e9nyt. Azt is biztos\u00edthatj\u00e1k, hogy az online megjelen\u00edtett hirdet\u00e9sek jobban igazodjanak \u00d6nh\u00f6z \u00e9s az \u00d6n \u00e9rdekl\u0151d\u00e9si k\u00f6r\u00e9hez.<\/p>\r\n<p>&nbsp;<\/p>\r\n<p>A weboldalon a k\u00f6vetkez\u0151 s\u00fctiket haszn\u00e1ljuk:<\/p>\r\n<p>Sz\u00fcks\u00e9ges s\u00fctik: a weboldal m\u0171k\u00f6d\u00e9s\u00e9hez sz\u00fcks\u00e9gesek, p\u00e9ld\u00e1ul lehet\u0151v\u00e9 teszik a weboldal biztons\u00e1gos r\u00e9szeibe val\u00f3 bejelentkez\u00e9st \u00e9s a weboldal egy\u00e9b alapvet\u0151 funkci\u00f3it.<\/p>\r\n<\/header><\/header><\/div>","protected":false},"excerpt":{"rendered":"<p>We operate an e-shop on the website oraculums.com For the provision of our services, the sale of goods and the operation of our website, we process some personal data. &nbsp; The processing of personal data is regulated in particular by Regulation (EU) 2016\/679 of the European Parliament and of the Council of 27 April 2016 [&#8230;]","protected":false},"author":1,"featured_media":0,"parent":0,"menu_order":0,"comment_status":"closed","ping_status":"closed","template":"","meta":{"footnotes":""},"class_list":["post-5735","page","type-page","status-publish","hentry"],"_links":{"self":[{"href":"https:\/\/oraculums.com\/hu\/wp-json\/wp\/v2\/pages\/5735","targetHints":{"allow":["GET"]}}],"collection":[{"href":"https:\/\/oraculums.com\/hu\/wp-json\/wp\/v2\/pages"}],"about":[{"href":"https:\/\/oraculums.com\/hu\/wp-json\/wp\/v2\/types\/page"}],"author":[{"embeddable":true,"href":"https:\/\/oraculums.com\/hu\/wp-json\/wp\/v2\/users\/1"}],"replies":[{"embeddable":true,"href":"https:\/\/oraculums.com\/hu\/wp-json\/wp\/v2\/comments?post=5735"}],"version-history":[{"count":0,"href":"https:\/\/oraculums.com\/hu\/wp-json\/wp\/v2\/pages\/5735\/revisions"}],"wp:attachment":[{"href":"https:\/\/oraculums.com\/hu\/wp-json\/wp\/v2\/media?parent=5735"}],"curies":[{"name":"wp","href":"https:\/\/api.w.org\/{rel}","templated":true}]}}