{"id":424197,"date":"2024-12-15T16:56:02","date_gmt":"2024-12-15T16:56:02","guid":{"rendered":"https:\/\/dimgrey-whale-895460.hostingersite.com\/?post_type=product&#038;p=424197"},"modified":"2025-11-30T10:56:03","modified_gmt":"2025-11-30T10:56:03","slug":"love","status":"publish","type":"product","link":"https:\/\/oraculums.com\/fr\/produkt\/love\/","title":{"rendered":"Rituel d'amour magique + CADEAUX"},"content":{"rendered":"","protected":false},"excerpt":{"rendered":"<div style=\"text-align: center;\">\n<h1><\/h1>\n<h1><span style=\"color: #000000;\"><strong>Saviez-vous qu'il existe un rituel magique qui permet de conqu\u00e9rir le c\u0153ur de votre bien-aim\u00e9(e) sans effets secondaires ?<\/strong><\/span><\/h1>\n<p><span style=\"color: #000000; font-size: 105%;\">Vous \u00eates amoureux mais l'autre personne ne vous rend pas la pareille ? Voulez-vous renforcer votre relation actuelle ? Vous avez l'impression que le destin vous met des b\u00e2tons dans les roues ?<\/span><\/p>\n<p><span style=\"color: #000000; font-size: 105%;\"><strong>Aujourd'hui, vous pouvez mettre le destin de votre c\u00f4t\u00e9 et faire en sorte qu'il joue en votre faveur. <\/strong>Croyez que si vous n'essayez pas toutes les possibilit\u00e9s, vous le regretterez pour le reste de votre vie et continuez \u00e0 dire <em>et si<\/em>, Mais il sera alors trop tard pour changer quoi que ce soit. <\/span><\/p>\n<p><span style=\"font-size: 105%;\"><span style=\"color: #000000;\"><strong> Ce rituel magique reliera vos \u00e2mes, permettant au destin de vous aider \u00e0 trouver votre chemin l'un vers l'autre.<\/strong><\/span><\/span><\/p>\n<p><span style=\"font-size: 105%;\"><span style=\"color: #000000;\">Apr\u00e8s la commande, <strong>nous r\u00e9alisons pour vous un rituel magique personnalis\u00e9 dans les 24 heures<\/strong>. Pas de magie noire ni d'effets secondaires, juste le pouvoir pur de l'univers qui fonctionne. N'attendez pas qu'il soit trop tard - essayez-le maintenant. <\/span><strong>100% confidentiel !<\/strong><\/span><\/p>\n<\/div>","protected":false},"featured_media":409636,"template":"","meta":[],"product_brand":[],"product_cat":[6115,6113],"product_tag":[],"class_list":{"0":"post-424197","1":"product","2":"type-product","3":"status-publish","4":"has-post-thumbnail","6":"product_cat-ritualy","7":"product_cat-sluzby","9":"first","10":"instock","11":"sale","12":"virtual","13":"sold-individually","14":"purchasable","15":"product-type-simple"},"_links":{"self":[{"href":"https:\/\/oraculums.com\/fr\/wp-json\/wp\/v2\/product\/424197","targetHints":{"allow":["GET"]}}],"collection":[{"href":"https:\/\/oraculums.com\/fr\/wp-json\/wp\/v2\/product"}],"about":[{"href":"https:\/\/oraculums.com\/fr\/wp-json\/wp\/v2\/types\/product"}],"wp:featuredmedia":[{"embeddable":true,"href":"https:\/\/oraculums.com\/fr\/wp-json\/wp\/v2\/media\/409636"}],"wp:attachment":[{"href":"https:\/\/oraculums.com\/fr\/wp-json\/wp\/v2\/media?parent=424197"}],"wp:term":[{"taxonomy":"product_brand","embeddable":true,"href":"https:\/\/oraculums.com\/fr\/wp-json\/wp\/v2\/product_brand?post=424197"},{"taxonomy":"product_cat","embeddable":true,"href":"https:\/\/oraculums.com\/fr\/wp-json\/wp\/v2\/product_cat?post=424197"},{"taxonomy":"product_tag","embeddable":true,"href":"https:\/\/oraculums.com\/fr\/wp-json\/wp\/v2\/product_tag?post=424197"}],"curies":[{"name":"wp","href":"https:\/\/api.w.org\/{rel}","templated":true}]}}