{"id":5735,"date":"2018-10-03T18:44:13","date_gmt":"2018-10-03T18:44:13","guid":{"rendered":"https:\/\/dimgrey-whale-895460.hostingersite.com\/?page_id=5735"},"modified":"2025-08-23T10:21:07","modified_gmt":"2025-08-23T10:21:07","slug":"ochrana-osobnich-udaju","status":"publish","type":"page","link":"https:\/\/oraculums.com\/fr\/ochrana-osobnich-udaju\/","title":{"rendered":"Politique de confidentialit\u00e9"},"content":{"rendered":"<header><\/header>\r\n<div><header><header>Nous exploitons une boutique en ligne sur le site oraculums.com.\r\n<p>Pour la fourniture de nos services, la vente de marchandises et l'exploitation de notre site web, nous traitons certaines donn\u00e9es \u00e0 caract\u00e8re personnel.<\/p>\r\n<p>&nbsp;<\/p>\r\n<p>Le traitement des donn\u00e9es \u00e0 caract\u00e8re personnel est notamment r\u00e9gi par le r\u00e8glement (UE) 2016\/679 du Parlement europ\u00e9en et du Conseil du 27 avril 2016 relatif \u00e0 la protection des personnes physiques \u00e0 l'\u00e9gard du traitement des donn\u00e9es \u00e0 caract\u00e8re personnel et \u00e0 la libre circulation de ces donn\u00e9es, et \u00e0 l'abrogation de la directive 95\/46\/CE (r\u00e8glement g\u00e9n\u00e9ral sur la protection des donn\u00e9es donn\u00e9es personnelles) (\u201c RGPD \u201d).<\/p>\r\n<p>I. Traitement des donn\u00e9es \u00e0 caract\u00e8re personnel<br \/>A. Traitement des donn\u00e9es personnelles lors de l'utilisation du formulaire de contact<\/p>\r\n<p>&nbsp;<\/p>\r\n<p>Si vous vous renseignez sur nos produits et services, nous utiliserons les informations de contact que vous nous fournissez, principalement par le biais du formulaire de demande de renseignements. Il s'agit de ............................<\/p>\r\n<p>&nbsp;<\/p>\r\n<p>Pour quelle raison ?<\/p>\r\n<p>Nous vous contacterons par leur interm\u00e9diaire pour d'autres arrangements concernant les biens et les services.<\/p>\r\n<p>&nbsp;<\/p>\r\n<p>Sur quelle base juridique ?<\/p>\r\n<p>Il s'agit d'un traitement sur la base de l'article 6, paragraphe 1, point b), du RGPD - n\u00e9gociation d'un contrat ou mise en \u0153uvre de mesures pr\u00e9contractuelles \u00e0 votre demande.<\/p>\r\n<p>&nbsp;<\/p>\r\n<p>Pendant combien de temps les donn\u00e9es personnelles seront-elles trait\u00e9es ?<\/p>\r\n<p>Si nous n'\u00e9tablissons pas de coop\u00e9ration ult\u00e9rieure, nous traiterons vos donn\u00e9es pendant une p\u00e9riode maximale de 90 jours \u00e0 compter de notre derni\u00e8re communication.<\/p>\r\n<p>&nbsp;<\/p>\r\n<p>B. Traitement des donn\u00e9es \u00e0 caract\u00e8re personnel en cas d'achat<\/p>\r\n<p>&nbsp;<\/p>\r\n<p>Si vous effectuez un achat chez nous, nous travaillerons avec les donn\u00e9es que vous nous fournissez. Il s'agit principalement de donn\u00e9es de facturation : nom, pr\u00e9nom, adresse.<\/p>\r\n<p>&nbsp;<\/p>\r\n<p>Pour quelle raison ?<\/p>\r\n<p>Nous avons besoin de traiter des donn\u00e9es \u00e0 caract\u00e8re personnel pour ex\u00e9cuter notre contrat, c'est-\u00e0-dire pour vous livrer nos biens ou nos services. Nous communiquerons \u00e9galement avec vous par le biais des coordonn\u00e9es de contact concernant l'\u00e9tat de votre commande, \u00e9ventuellement pour des r\u00e9clamations ou vos questions.<\/p>\r\n<p>Nous continuerons \u00e0 traiter les donn\u00e9es \u00e0 caract\u00e8re personnel pour remplir nos obligations d\u00e9coulant de la loi (principalement \u00e0 des fins comptables et fiscales, \u00e9ventuellement pour le traitement des plaintes et autres).<\/p>\r\n<p>&nbsp;<\/p>\r\n<p>Sur quelle base juridique traitons-nous les donn\u00e9es \u00e0 caract\u00e8re personnel ?<\/p>\r\n<p>Il s'agit d'un traitement sur la base de l'article 6, paragraphe 1, lettre b) du GDPR - ex\u00e9cution du contrat et de l'article 6, paragraphe 1, lettre c) du GDPR - respect de notre obligation l\u00e9gale.<\/p>\r\n<p>&nbsp;<\/p>\r\n<p>Pendant combien de temps les donn\u00e9es personnelles seront-elles trait\u00e9es ?<\/p>\r\n<p>Pour la dur\u00e9e de l'ex\u00e9cution de notre service et ensuite ......... \u00e0 partir de la derni\u00e8re prestation de ce service ou de la derni\u00e8re livraison de marchandises.<\/p>\r\n<p>&nbsp;<\/p>\r\n<p>C. Bulletins d'information<\/p>\r\n<p>Si vous \u00eates un client qui fait des achats et que vous n'avez pas choisi de ne pas le faire au moment de l'achat, nous utiliserons votre adresse \u00e9lectronique pour vous envoyer nos bulletins d'information.<\/p>\r\n<p>&nbsp;<\/p>\r\n<p>Sur quelle base juridique ?<\/p>\r\n<p>Nous sommes autoris\u00e9s \u00e0 le faire en vertu de l'article 7, paragraphe 3, de la loi n\u00b0 480\/2004 Coll. sur certains services de la soci\u00e9t\u00e9 de l'information, si vous ne nous l'avez pas interdit lors de l'achat.<\/p>\r\n<p>&nbsp;<\/p>\r\n<p>Pendant combien de temps les donn\u00e9es personnelles seront-elles trait\u00e9es ?<\/p>\r\n<p>2 ans\/ann\u00e9e depuis votre dernier achat. Vous pouvez vous d\u00e9sinscrire de la newsletter \u00e0 tout moment par e-mail ou nous contacter \u00e0 l'adresse suivante : info@oraculums.com<\/p>\r\n<p>Nous traitons les donn\u00e9es personnelles uniquement sur le territoire de l'Union europ\u00e9enne.<\/p>\r\n<p>&nbsp;<\/p>\r\n<p>III. Que faut-il savoir de plus ?<br \/>Nous n'avons pas de d\u00e9l\u00e9gu\u00e9 \u00e0 la protection des donn\u00e9es au sein de notre entreprise.<\/p>\r\n<p>&nbsp;<\/p>\r\n<p>Notre soci\u00e9t\u00e9 ne prend pas\/ne prend pas de d\u00e9cisions bas\u00e9es sur le traitement automatique ou le profilage.<\/p>\r\n<p>&nbsp;<\/p>\r\n<p>Si vous avez des questions concernant les donn\u00e9es \u00e0 caract\u00e8re personnel, veuillez nous contacter \u00e0 l'adresse \u00e9lectronique suivante<strong> info@oraculums.com<\/strong><\/p>\r\n<p>&nbsp;<\/p>\r\n<p>IV. Utilisation des cookies<br \/>Les cookies sont des fichiers texte contenant une petite quantit\u00e9 d'informations qui sont t\u00e9l\u00e9charg\u00e9s sur votre appareil lorsque vous visitez notre site web. Les cookies sont ensuite renvoy\u00e9s au site web ou \u00e0 un autre site web qui les reconna\u00eet lors de chaque visite ult\u00e9rieure.<\/p>\r\n<p>&nbsp;<\/p>\r\n<p>Les cookies remplissent diverses fonctions, par exemple en permettant une navigation efficace entre les pages web, en m\u00e9morisant vos pr\u00e9f\u00e9rences et en am\u00e9liorant globalement l'exp\u00e9rience de l'utilisateur. Ils peuvent \u00e9galement faire en sorte que les publicit\u00e9s affich\u00e9es en ligne soient mieux adapt\u00e9es \u00e0 vous et \u00e0 vos int\u00e9r\u00eats.<\/p>\r\n<p>&nbsp;<\/p>\r\n<p>Nous utilisons les cookies suivants sur le site web :<\/p>\r\n<p>Cookies n\u00e9cessaires : ils sont n\u00e9cessaires au fonctionnement du site web, par exemple, ils vous permettent de vous connecter \u00e0 des parties s\u00e9curis\u00e9es du site web et \u00e0 d'autres fonctionnalit\u00e9s de base du site web.<\/p>\r\n<\/header><\/header><\/div>","protected":false},"excerpt":{"rendered":"<p>We operate an e-shop on the website oraculums.com For the provision of our services, the sale of goods and the operation of our website, we process some personal data. &nbsp; The processing of personal data is regulated in particular by Regulation (EU) 2016\/679 of the European Parliament and of the Council of 27 April 2016 [&#8230;]","protected":false},"author":1,"featured_media":0,"parent":0,"menu_order":0,"comment_status":"closed","ping_status":"closed","template":"","meta":{"footnotes":""},"class_list":["post-5735","page","type-page","status-publish","hentry"],"_links":{"self":[{"href":"https:\/\/oraculums.com\/fr\/wp-json\/wp\/v2\/pages\/5735","targetHints":{"allow":["GET"]}}],"collection":[{"href":"https:\/\/oraculums.com\/fr\/wp-json\/wp\/v2\/pages"}],"about":[{"href":"https:\/\/oraculums.com\/fr\/wp-json\/wp\/v2\/types\/page"}],"author":[{"embeddable":true,"href":"https:\/\/oraculums.com\/fr\/wp-json\/wp\/v2\/users\/1"}],"replies":[{"embeddable":true,"href":"https:\/\/oraculums.com\/fr\/wp-json\/wp\/v2\/comments?post=5735"}],"version-history":[{"count":0,"href":"https:\/\/oraculums.com\/fr\/wp-json\/wp\/v2\/pages\/5735\/revisions"}],"wp:attachment":[{"href":"https:\/\/oraculums.com\/fr\/wp-json\/wp\/v2\/media?parent=5735"}],"curies":[{"name":"wp","href":"https:\/\/api.w.org\/{rel}","templated":true}]}}