{"id":424197,"date":"2024-12-15T16:56:02","date_gmt":"2024-12-15T16:56:02","guid":{"rendered":"https:\/\/dimgrey-whale-895460.hostingersite.com\/?post_type=product&#038;p=424197"},"modified":"2025-11-30T10:56:03","modified_gmt":"2025-11-30T10:56:03","slug":"love","status":"publish","type":"product","link":"https:\/\/oraculums.com\/es\/produkt\/love\/","title":{"rendered":"Ritual m\u00e1gico del amor + REGALOS"},"content":{"rendered":"","protected":false},"excerpt":{"rendered":"<div style=\"text-align: center;\">\n<h1><\/h1>\n<h1><span style=\"color: #000000;\"><strong>\u00bfSab\u00edas que existe un ritual m\u00e1gico que ayuda a conquistar el coraz\u00f3n de tu amada sin efectos secundarios?<\/strong><\/span><\/h1>\n<p><span style=\"color: #000000; font-size: 105%;\">\u00bfEst\u00e1 enamorado pero la otra persona no corresponde a sus sentimientos? \u00bfQuieres consolidar tu relaci\u00f3n actual? \u00bfTiene la sensaci\u00f3n de que el destino le pone obst\u00e1culos?<\/span><\/p>\n<p><span style=\"color: #000000; font-size: 105%;\"><strong>Ahora puedes poner el destino de tu lado y hacer que trabaje a tu favor. <\/strong>Cree que si no pruebas todas las posibilidades, te arrepentir\u00e1s el resto de tu vida y sigue diciendo <em>\u00bfY si<\/em>, pero entonces ser\u00e1 demasiado tarde para cambiar nada. <\/span><\/p>\n<p><span style=\"font-size: 105%;\"><span style=\"color: #000000;\"><strong> Este ritual m\u00e1gico conectar\u00e1 vuestras almas, permitiendo que el destino os ayude a encontrar el camino el uno hacia el otro.<\/strong><\/span><\/span><\/p>\n<p><span style=\"font-size: 105%;\"><span style=\"color: #000000;\">Despu\u00e9s de hacer el pedido, <strong>realizaremos un ritual m\u00e1gico personalizado para usted en 24 horas<\/strong>. Sin magia negra ni efectos secundarios, s\u00f3lo el poder puro del universo que funciona. No espere a que sea demasiado tarde, pru\u00e9belo ahora. <\/span><strong>\u00a1100% confidencial!<\/strong><\/span><\/p>\n<\/div>","protected":false},"featured_media":409636,"template":"","meta":[],"product_brand":[],"product_cat":[6115,6113],"product_tag":[],"class_list":{"0":"post-424197","1":"product","2":"type-product","3":"status-publish","4":"has-post-thumbnail","6":"product_cat-ritualy","7":"product_cat-sluzby","9":"first","10":"instock","11":"sale","12":"virtual","13":"sold-individually","14":"purchasable","15":"product-type-simple"},"_links":{"self":[{"href":"https:\/\/oraculums.com\/es\/wp-json\/wp\/v2\/product\/424197","targetHints":{"allow":["GET"]}}],"collection":[{"href":"https:\/\/oraculums.com\/es\/wp-json\/wp\/v2\/product"}],"about":[{"href":"https:\/\/oraculums.com\/es\/wp-json\/wp\/v2\/types\/product"}],"wp:featuredmedia":[{"embeddable":true,"href":"https:\/\/oraculums.com\/es\/wp-json\/wp\/v2\/media\/409636"}],"wp:attachment":[{"href":"https:\/\/oraculums.com\/es\/wp-json\/wp\/v2\/media?parent=424197"}],"wp:term":[{"taxonomy":"product_brand","embeddable":true,"href":"https:\/\/oraculums.com\/es\/wp-json\/wp\/v2\/product_brand?post=424197"},{"taxonomy":"product_cat","embeddable":true,"href":"https:\/\/oraculums.com\/es\/wp-json\/wp\/v2\/product_cat?post=424197"},{"taxonomy":"product_tag","embeddable":true,"href":"https:\/\/oraculums.com\/es\/wp-json\/wp\/v2\/product_tag?post=424197"}],"curies":[{"name":"wp","href":"https:\/\/api.w.org\/{rel}","templated":true}]}}