{"id":410551,"date":"2023-10-29T22:09:17","date_gmt":"2023-10-29T22:09:17","guid":{"rendered":"https:\/\/dimgrey-whale-895460.hostingersite.com\/?post_type=product&#038;p=410551"},"modified":"2025-08-23T13:25:14","modified_gmt":"2025-08-23T13:25:14","slug":"lovee","status":"publish","type":"product","link":"https:\/\/oraculums.com\/es\/produkt\/lovee\/","title":{"rendered":"El ritual m\u00e1gico del amor"},"content":{"rendered":"","protected":false},"excerpt":{"rendered":"<div style=\"text-align: center;\"><span style=\"font-size: 105%;\"><strong>\u00bfNo encuentra a su alma gemela?<\/strong> A trav\u00e9s de este poderoso hechizo, atraeremos el amor verdadero a tu vida, ya sea que est\u00e9s en una relaci\u00f3n o no. Este hechizo tambi\u00e9n puede ser utilizado para revivir una relaci\u00f3n. Tambi\u00e9n remover\u00e1 obst\u00e1culos energ\u00e9ticos que puedan estar impidi\u00e9ndote encontrar el amor verdadero.<\/span><\/div>\n<div style=\"text-align: center;\"><\/div>\n<div style=\"text-align: center;\">\n<p><span style=\"font-size: 105%;\">Esto se manifestara dentro de 1-12 semanas dependiendo de factores externos. La eficacia del hechizo puede variar: algunos clientes ven resultados inmediatamente, mientras que otros pueden tardar m\u00e1s.<\/span><\/p>\n<p><span style=\"font-size: 105%;\"><strong>\ud83d\udcdc Puedes regalar este ritual a alguien: con tu pedido recibir\u00e1s un certificado de realizaci\u00f3n que podr\u00e1s regalar.<\/strong><\/span><\/p>\n<\/div>","protected":false},"featured_media":410552,"template":"","meta":[],"product_brand":[],"product_cat":[6115,6113],"product_tag":[],"class_list":{"0":"post-410551","1":"product","2":"type-product","3":"status-publish","4":"has-post-thumbnail","6":"product_cat-ritualy","7":"product_cat-sluzby","9":"first","10":"instock","11":"sale","12":"virtual","13":"purchasable","14":"product-type-simple"},"_links":{"self":[{"href":"https:\/\/oraculums.com\/es\/wp-json\/wp\/v2\/product\/410551","targetHints":{"allow":["GET"]}}],"collection":[{"href":"https:\/\/oraculums.com\/es\/wp-json\/wp\/v2\/product"}],"about":[{"href":"https:\/\/oraculums.com\/es\/wp-json\/wp\/v2\/types\/product"}],"wp:featuredmedia":[{"embeddable":true,"href":"https:\/\/oraculums.com\/es\/wp-json\/wp\/v2\/media\/410552"}],"wp:attachment":[{"href":"https:\/\/oraculums.com\/es\/wp-json\/wp\/v2\/media?parent=410551"}],"wp:term":[{"taxonomy":"product_brand","embeddable":true,"href":"https:\/\/oraculums.com\/es\/wp-json\/wp\/v2\/product_brand?post=410551"},{"taxonomy":"product_cat","embeddable":true,"href":"https:\/\/oraculums.com\/es\/wp-json\/wp\/v2\/product_cat?post=410551"},{"taxonomy":"product_tag","embeddable":true,"href":"https:\/\/oraculums.com\/es\/wp-json\/wp\/v2\/product_tag?post=410551"}],"curies":[{"name":"wp","href":"https:\/\/api.w.org\/{rel}","templated":true}]}}