{"id":410273,"date":"2023-10-18T18:13:35","date_gmt":"2023-10-18T18:13:35","guid":{"rendered":"https:\/\/dimgrey-whale-895460.hostingersite.com\/?post_type=product&#038;p=410273"},"modified":"2025-08-23T13:26:37","modified_gmt":"2025-08-23T13:26:37","slug":"vernost","status":"publish","type":"product","link":"https:\/\/oraculums.com\/es\/produkt\/vernost\/","title":{"rendered":"El ritual m\u00e1gico de la lealtad"},"content":{"rendered":"","protected":false},"excerpt":{"rendered":"<div style=\"text-align: center;\"><strong>\u00bfSu pareja le es infiel o teme la infidelidad?<\/strong> A trav\u00e9s de este poderoso hechizo, conectaremos tu alma con tu amado y tu pareja s\u00f3lo tendr\u00e1 ojos para ti.<\/div>\n<div style=\"text-align: center;\">Se manifestar\u00e1 en un plazo de 1 a 12 semanas, dependiendo de factores externos.<\/div>\n<div style=\"text-align: center;\"><strong>Introduzca los nombres completos y las fechas de nacimiento en la p\u00e1gina de pago. <\/strong><strong>\u00a1100% confidencial!<\/strong><\/div>\n<div><\/div>\n<div style=\"text-align: center;\"><strong>\ud83d\udcdc Puedes regalar este ritual a alguien: con tu pedido recibir\u00e1s un certificado de realizaci\u00f3n que podr\u00e1s regalar.<\/strong><\/div>\n<div style=\"text-align: center;\"><\/div>\n<div style=\"text-align: center;\"><\/div>","protected":false},"featured_media":410275,"template":"","meta":[],"product_brand":[],"product_cat":[6115,6113],"product_tag":[],"class_list":{"0":"post-410273","1":"product","2":"type-product","3":"status-publish","4":"has-post-thumbnail","6":"product_cat-ritualy","7":"product_cat-sluzby","9":"first","10":"instock","11":"sale","12":"virtual","13":"purchasable","14":"product-type-simple"},"_links":{"self":[{"href":"https:\/\/oraculums.com\/es\/wp-json\/wp\/v2\/product\/410273","targetHints":{"allow":["GET"]}}],"collection":[{"href":"https:\/\/oraculums.com\/es\/wp-json\/wp\/v2\/product"}],"about":[{"href":"https:\/\/oraculums.com\/es\/wp-json\/wp\/v2\/types\/product"}],"wp:featuredmedia":[{"embeddable":true,"href":"https:\/\/oraculums.com\/es\/wp-json\/wp\/v2\/media\/410275"}],"wp:attachment":[{"href":"https:\/\/oraculums.com\/es\/wp-json\/wp\/v2\/media?parent=410273"}],"wp:term":[{"taxonomy":"product_brand","embeddable":true,"href":"https:\/\/oraculums.com\/es\/wp-json\/wp\/v2\/product_brand?post=410273"},{"taxonomy":"product_cat","embeddable":true,"href":"https:\/\/oraculums.com\/es\/wp-json\/wp\/v2\/product_cat?post=410273"},{"taxonomy":"product_tag","embeddable":true,"href":"https:\/\/oraculums.com\/es\/wp-json\/wp\/v2\/product_tag?post=410273"}],"curies":[{"name":"wp","href":"https:\/\/api.w.org\/{rel}","templated":true}]}}