{"id":409983,"date":"2023-10-06T21:26:42","date_gmt":"2023-10-06T21:26:42","guid":{"rendered":"https:\/\/dimgrey-whale-895460.hostingersite.com\/?post_type=product&#038;p=409983"},"modified":"2025-08-23T13:27:21","modified_gmt":"2025-08-23T13:27:21","slug":"luck","status":"publish","type":"product","link":"https:\/\/oraculums.com\/es\/produkt\/luck\/","title":{"rendered":"El ritual m\u00e1gico de la suerte"},"content":{"rendered":"","protected":false},"excerpt":{"rendered":"<div style=\"text-align: center;\"><span style=\"font-size: 105%;\"><b>\u00bfLas cosas no te van bien y nada sale seg\u00fan lo previsto? \u00a1Prueba este ritual de la suerte que atraer\u00e1 la buena fortuna a tu vida!<\/b><\/span><\/div>\n<div style=\"text-align: center;\"><span style=\"font-size: 105%;\">Se manifestar\u00e1 en un plazo de 1 a 12 semanas, dependiendo de factores externos.<\/span><\/div>\n<div><\/div>\n<div style=\"text-align: center;\"><span style=\"font-size: 105%;\"><strong>\ud83d\udcdc Puedes regalar este ritual a alguien: con tu pedido recibir\u00e1s un certificado de realizaci\u00f3n que podr\u00e1s regalar.<\/strong><\/span><\/div>\n<div style=\"text-align: center;\"><\/div>","protected":false},"featured_media":409984,"template":"","meta":[],"product_brand":[],"product_cat":[6115,6113],"product_tag":[],"class_list":{"0":"post-409983","1":"product","2":"type-product","3":"status-publish","4":"has-post-thumbnail","6":"product_cat-ritualy","7":"product_cat-sluzby","9":"first","10":"instock","11":"sale","12":"virtual","13":"purchasable","14":"product-type-simple"},"_links":{"self":[{"href":"https:\/\/oraculums.com\/es\/wp-json\/wp\/v2\/product\/409983","targetHints":{"allow":["GET"]}}],"collection":[{"href":"https:\/\/oraculums.com\/es\/wp-json\/wp\/v2\/product"}],"about":[{"href":"https:\/\/oraculums.com\/es\/wp-json\/wp\/v2\/types\/product"}],"wp:featuredmedia":[{"embeddable":true,"href":"https:\/\/oraculums.com\/es\/wp-json\/wp\/v2\/media\/409984"}],"wp:attachment":[{"href":"https:\/\/oraculums.com\/es\/wp-json\/wp\/v2\/media?parent=409983"}],"wp:term":[{"taxonomy":"product_brand","embeddable":true,"href":"https:\/\/oraculums.com\/es\/wp-json\/wp\/v2\/product_brand?post=409983"},{"taxonomy":"product_cat","embeddable":true,"href":"https:\/\/oraculums.com\/es\/wp-json\/wp\/v2\/product_cat?post=409983"},{"taxonomy":"product_tag","embeddable":true,"href":"https:\/\/oraculums.com\/es\/wp-json\/wp\/v2\/product_tag?post=409983"}],"curies":[{"name":"wp","href":"https:\/\/api.w.org\/{rel}","templated":true}]}}