{"id":409629,"date":"2023-09-25T21:25:24","date_gmt":"2023-09-25T21:25:24","guid":{"rendered":"https:\/\/dimgrey-whale-895460.hostingersite.com\/?post_type=product&#038;p=409629"},"modified":"2025-08-30T10:51:15","modified_gmt":"2025-08-30T10:51:15","slug":"the-magical-ritual-of-wealth","status":"publish","type":"product","link":"https:\/\/oraculums.com\/es\/produkt\/the-magical-ritual-of-wealth\/","title":{"rendered":"El ritual m\u00e1gico de la riqueza"},"content":{"rendered":"","protected":false},"excerpt":{"rendered":"<h1 data-pm-slice=\"0 0 []\"><\/h1>\n<h1 style=\"text-align: center;\" data-pm-slice=\"0 0 []\"><strong>La riqueza est\u00e1 al alcance de la mano. \u00a1Prueba el ritual que atrae el dinero como un im\u00e1n!<\/strong><\/h1>\n<p style=\"text-align: center;\">\n<p style=\"text-align: center;\" data-pm-slice=\"0 0 []\"><span style=\"font-size: 105%;\">\u00bfCu\u00e1ntas veces has so\u00f1ado con abrir por fin las puertas de la riqueza? \u00a1Este ritual te abrir\u00e1 esas puertas de par en par! Nuestro poderoso ritual m\u00e1gico le ayudar\u00e1 a eliminar los bloqueos que le impiden hacerse rico.<\/span><\/p>\n<p style=\"text-align: center;\"><span style=\"font-size: 105%;\">Seguro que conoces a personas que triunfan sin esfuerzo y el dinero les cae en el regazo. Por otro lado, hay personas que se esfuerzan al m\u00e1ximo pero no tienen \u00e9xito. Todo se debe a bloqueos energ\u00e9ticos que se lo impiden. Y ahora puedes eliminar f\u00e1cilmente estos bloqueos y empezar a atraer la riqueza.<\/span><\/p>\n<p style=\"text-align: center;\"><span style=\"font-size: 105%;\">\u00a1Pide este ritual y siente el cambio!<\/span><\/p>\n<p style=\"text-align: center;\">\n<p style=\"text-align: center;\"><span style=\"font-size: 110%;\"><strong>\ud83d\udcdcPuedes regalar este ritual a alguien: con tu pedido recibir\u00e1s un certificado de realizaci\u00f3n.<\/strong><\/span><\/p>","protected":false},"featured_media":409630,"template":"","meta":[],"product_brand":[],"product_cat":[6115,6113],"product_tag":[],"class_list":{"0":"post-409629","1":"product","2":"type-product","3":"status-publish","4":"has-post-thumbnail","6":"product_cat-ritualy","7":"product_cat-sluzby","9":"first","10":"instock","11":"sale","12":"virtual","13":"purchasable","14":"product-type-simple"},"_links":{"self":[{"href":"https:\/\/oraculums.com\/es\/wp-json\/wp\/v2\/product\/409629","targetHints":{"allow":["GET"]}}],"collection":[{"href":"https:\/\/oraculums.com\/es\/wp-json\/wp\/v2\/product"}],"about":[{"href":"https:\/\/oraculums.com\/es\/wp-json\/wp\/v2\/types\/product"}],"wp:featuredmedia":[{"embeddable":true,"href":"https:\/\/oraculums.com\/es\/wp-json\/wp\/v2\/media\/409630"}],"wp:attachment":[{"href":"https:\/\/oraculums.com\/es\/wp-json\/wp\/v2\/media?parent=409629"}],"wp:term":[{"taxonomy":"product_brand","embeddable":true,"href":"https:\/\/oraculums.com\/es\/wp-json\/wp\/v2\/product_brand?post=409629"},{"taxonomy":"product_cat","embeddable":true,"href":"https:\/\/oraculums.com\/es\/wp-json\/wp\/v2\/product_cat?post=409629"},{"taxonomy":"product_tag","embeddable":true,"href":"https:\/\/oraculums.com\/es\/wp-json\/wp\/v2\/product_tag?post=409629"}],"curies":[{"name":"wp","href":"https:\/\/api.w.org\/{rel}","templated":true}]}}