{"id":5733,"date":"2018-10-03T18:43:31","date_gmt":"2018-10-03T18:43:31","guid":{"rendered":"https:\/\/dimgrey-whale-895460.hostingersite.com\/?page_id=5733"},"modified":"2025-08-23T10:22:00","modified_gmt":"2025-08-23T10:22:00","slug":"zasady-pouzivani-souboru-cookies","status":"publish","type":"page","link":"https:\/\/oraculums.com\/es\/zasady-pouzivani-souboru-cookies\/","title":{"rendered":"Pol\u00edtica de cookies"},"content":{"rendered":"<header>\n<header>\n<h1>Pol\u00edtica de privacidad de Ecommerce Professionals Group LLC.<\/h1>\n<p>Esta Pol\u00edtica de Privacidad describe c\u00f3mo Ecommerce Professionals Group LLC (el \u201cSitio\u201d, \u201cnosotros\u201d, \u201cnos\u201d o \u201cnuestro\u201d) recopila, utiliza y divulga su informaci\u00f3n personal.<br \/>\ncuando visite, utilice nuestros servicios o realice una compra en oraculums.com (el \u201cSitio\u201d) o se comunique con nosotros de cualquier otra forma (en adelante, conjuntamente, el \"Sitio\").<br \/>\n\u201cServicios\u201d). A efectos de la presente Pol\u00edtica de Privacidad, \u201custed\u201d y \u201csu\u201d se refieren a usted como usuario de los Servicios, ya sea cliente, visitante del sitio web, o<br \/>\notra persona cuya informaci\u00f3n hayamos recopilado de conformidad con la presente Pol\u00edtica de Privacidad.<br \/>\nLea atentamente esta Pol\u00edtica de Privacidad. Al utilizar y acceder a cualquiera de los Servicios, usted acepta la recopilaci\u00f3n, el uso y la divulgaci\u00f3n de su informaci\u00f3n<br \/>\ntal y como se describe en la presente Pol\u00edtica de Privacidad. Si no est\u00e1 de acuerdo con esta Pol\u00edtica de Privacidad, no utilice ni acceda a ninguno de los Servicios.<br \/>\nCambios en esta pol\u00edtica de privacidad<br \/>\nPodemos actualizar esta Pol\u00edtica de Privacidad de vez en cuando, incluso para reflejar cambios en nuestras pr\u00e1cticas o por otras razones operativas, legales o reglamentarias.<br \/>\nPublicaremos la Pol\u00edtica de Privacidad revisada en el Sitio, actualizaremos la fecha de \u201c\u00daltima actualizaci\u00f3n\u201d y tomaremos cualquier otra medida exigida por la legislaci\u00f3n aplicable.<br \/>\nC\u00f3mo recopilamos y utilizamos su informaci\u00f3n personal<br \/>\nPara prestar los Servicios, recopilamos y hemos recopilado en los \u00faltimos 12 meses informaci\u00f3n personal sobre usted procedente de diversas fuentes, como se indica a continuaci\u00f3n<br \/>\na continuaci\u00f3n. La informaci\u00f3n que recopilamos y utilizamos var\u00eda en funci\u00f3n de c\u00f3mo interact\u00fae con nosotros.<br \/>\nAdem\u00e1s de los usos espec\u00edficos que se indican a continuaci\u00f3n, podemos utilizar la informaci\u00f3n que recopilamos sobre usted para comunicarnos con usted, prestarle los Servicios, cumplir con<br \/>\ncualquier obligaci\u00f3n legal aplicable, hacer cumplir las condiciones de servicio aplicables y proteger o defender los Servicios, nuestros derechos y los derechos de nuestros usuarios o<br \/>\notros.<br \/>\nQu\u00e9 informaci\u00f3n personal recopilamos<br \/>\nEl tipo de informaci\u00f3n personal que obtenemos sobre usted depende de c\u00f3mo interact\u00fae con nuestro Sitio y utilice nuestros Servicios. Cuando utilizamos el t\u00e9rmino<br \/>\n\u201cinformaci\u00f3n personal\u201d, nos referimos a la informaci\u00f3n que le identifica, se refiere a usted, le describe o puede asociarse con usted. Las siguientes secciones<br \/>\ndescribir las categor\u00edas y los tipos espec\u00edficos de informaci\u00f3n personal que recopilamos.<br \/>\nInformaci\u00f3n que obtenemos directamente de usted<br \/>\nLa informaci\u00f3n que usted nos env\u00eda directamente a trav\u00e9s de nuestros Servicios puede incluir:<br \/>\n- Datos b\u00e1sicos de contacto: nombre, direcci\u00f3n, tel\u00e9fono y correo electr\u00f3nico.<br \/>\n- Informaci\u00f3n del pedido, incluidos su nombre, direcci\u00f3n de facturaci\u00f3n, direcci\u00f3n de env\u00edo, confirmaci\u00f3n de pago, direcci\u00f3n de correo electr\u00f3nico y n\u00famero de tel\u00e9fono.<br \/>\n- Informaci\u00f3n de la cuenta, incluidos el nombre de usuario, la contrase\u00f1a y las preguntas de seguridad.<br \/>\n- Informaci\u00f3n de compra, incluidos los art\u00edculos que ve, pone en su cesta o a\u00f1ade a su lista de deseos.<br \/>\n- Informaci\u00f3n de atenci\u00f3n al cliente, incluida la informaci\u00f3n que decida incluir en las comunicaciones con nosotros, por ejemplo, al enviar un mensaje<br \/>\na trav\u00e9s de los Servicios.<br \/>\na trav\u00e9s de los Servicios.<br \/>\nAlgunas funciones de los Servicios pueden requerir que nos facilite directamente cierta informaci\u00f3n sobre usted. Usted puede optar por no proporcionar esta<br \/>\ninformaci\u00f3n, pero hacerlo puede impedirle utilizar o acceder a estas funciones.<br \/>\nInformaci\u00f3n que recopilamos a trav\u00e9s de cookies<br \/>\nTambi\u00e9n recopilamos autom\u00e1ticamente cierta informaci\u00f3n sobre su interacci\u00f3n con los Servicios (\u201cDatos de uso\u201d). Para ello, podemos utilizar cookies, p\u00edxeles y<br \/>\ntecnolog\u00edas similares (\u201cCookies\u201d). Los Datos de Uso pueden incluir informaci\u00f3n sobre c\u00f3mo accede y utiliza nuestro Sitio y su cuenta, incluido el dispositivo<br \/>\ninformaci\u00f3n del navegador, informaci\u00f3n sobre su conexi\u00f3n a la red, su direcci\u00f3n IP y otra informaci\u00f3n relativa a su interacci\u00f3n con<br \/>\nlos Servicios.<br \/>\nInformaci\u00f3n que obtenemos de terceros<br \/>\nPor \u00faltimo, podemos obtener informaci\u00f3n sobre usted a trav\u00e9s de terceros, incluidos vendedores y proveedores de servicios que pueden recopilar informaci\u00f3n en nuestro sitio web.<br \/>\nnombre, tales como:<br \/>\n- Empresas que apoyan nuestro Sitio y Servicios, como Shopify.<br \/>\n- Nuestros procesadores de pagos, que recopilan informaci\u00f3n de pago (por ejemplo, cuenta bancaria, informaci\u00f3n de tarjeta de cr\u00e9dito o d\u00e9bito, direcci\u00f3n de facturaci\u00f3n) para procesar su<br \/>\nel pago con el fin de satisfacer sus pedidos y proporcionarle los productos o servicios que haya solicitado, con el fin de cumplir nuestro contrato con usted.<br \/>\n- Cuando visita nuestro Sitio, abre o hace clic en los correos electr\u00f3nicos que le enviamos, o interact\u00faa con nuestros Servicios o anuncios, nosotros, o terceros con los que trabajamos, podemos<br \/>\nrecopilar autom\u00e1ticamente determinada informaci\u00f3n utilizando tecnolog\u00edas de seguimiento en l\u00ednea como p\u00edxeles, balizas web, kits de desarrollo de software, bibliotecas de terceros,<br \/>\ny galletas.<br \/>\nCualquier informaci\u00f3n que obtengamos de terceros ser\u00e1 tratada de acuerdo con esta Pol\u00edtica de Privacidad. No nos responsabilizamos de la exactitud de la informaci\u00f3n proporcionada por terceros.<br \/>\nla informaci\u00f3n que nos proporcionan terceros y no somos responsables de las pol\u00edticas o pr\u00e1cticas de terceros. Para m\u00e1s informaci\u00f3n, consulte la secci\u00f3n<br \/>\na continuaci\u00f3n, Sitios web de terceros y Enlaces.<br \/>\nC\u00f3mo utilizamos su informaci\u00f3n personal<br \/>\n- Suministro de productos y servicios. Utilizamos su informaci\u00f3n personal para prestarle los Servicios con el fin de cumplir nuestro contrato con usted,<br \/>\nEntre otras cosas, para procesar sus pagos, tramitar sus pedidos, enviarle notificaciones relacionadas con su cuenta, compras, devoluciones, cambios u otros asuntos.<br \/>\ncrear, mantener y gestionar su cuenta, organizar los env\u00edos, facilitar las devoluciones y los cambios y permitirle que<br \/>\nrevisiones de puestos.<br \/>\n- Marketing y publicidad. Utilizamos su informaci\u00f3n personal para fines de marketing y promoci\u00f3n, como el env\u00edo de material publicitario y de marketing.<br \/>\ncomunicaciones promocionales por correo electr\u00f3nico, mensaje de texto o correo postal, y para mostrarle anuncios de productos o servicios. Esto puede incluir el uso de<br \/>\nsu informaci\u00f3n personal para adaptar mejor los Servicios y la publicidad de nuestro Sitio y de otros sitios web.<br \/>\n- Seguridad y prevenci\u00f3n del fraude. Utilizamos su informaci\u00f3n personal para detectar, investigar o tomar medidas en relaci\u00f3n con posibles actividades fraudulentas, ilegales o<br \/>\nactividad maliciosa. Si decide utilizar los Servicios y registrar una cuenta, usted es responsable de mantener seguras las credenciales de su cuenta. Nosotros<br \/>\nle recomendamos que no comparta su nombre de usuario, contrase\u00f1a u otros datos de acceso con nadie. Si cree que su cuenta ha sido<br \/>\ncomprometido, p\u00f3ngase en contacto con nosotros inmediatamente.<br \/>\n- Comunicarnos con usted. Utilizamos su informaci\u00f3n personal para proporcionarle asistencia al cliente y mejorar nuestros Servicios. Esto es leg\u00edtimo<br \/>\nintereses con el fin de responderle, prestarle servicios eficaces y mantener nuestra relaci\u00f3n comercial con usted.<br \/>\nCookies<br \/>\nComo muchos sitios web, utilizamos Cookies en nuestro Sitio. Para obtener informaci\u00f3n espec\u00edfica sobre las Cookies que utilizamos relacionadas con la alimentaci\u00f3n de nuestra tienda con Shopify, consulte<br \/>\nhttps:\/\/www.shopify.com\/legal\/cookies. Utilizamos Cookies para potenciar y mejorar nuestro Sitio y nuestros Servicios (incluso para recordar sus acciones y<br \/>\npreferencias), para realizar an\u00e1lisis y comprender mejor la interacci\u00f3n del usuario con los Servicios (en nuestro inter\u00e9s leg\u00edtimo de administrar, mejorar y optimizar los Servicios).<br \/>\nlos Servicios). Tambi\u00e9n podemos permitir que terceros y proveedores de servicios utilicen Cookies en nuestro Sitio para adaptar mejor los servicios, productos y publicidad.<br \/>\nen nuestro Sitio y en otros sitios web.<br \/>\nLa mayor\u00eda de los navegadores aceptan autom\u00e1ticamente las Cookies por defecto, pero usted puede elegir configurar su navegador para eliminar o rechazar las Cookies a trav\u00e9s de su navegador<br \/>\ncontroles. Tenga en cuenta que eliminar o bloquear las Cookies puede afectar negativamente a su experiencia de usuario y puede hacer que algunos de los Servicios,<br \/>\nincluidas determinadas caracter\u00edsticas y funcionalidades generales, funcionen incorrectamente o dejen de estar disponibles. Adem\u00e1s, es posible que el bloqueo de las Cookies no<br \/>\nimpedir que compartamos informaci\u00f3n con terceros, como nuestros socios publicitarios.<br \/>\nC\u00f3mo divulgamos la informaci\u00f3n personal<br \/>\nEn determinadas circunstancias, podemos revelar su informaci\u00f3n personal a terceros para fines leg\u00edtimos sujetos a esta Pol\u00edtica de Privacidad. Dicha<br \/>\ncircunstancias pueden incluir:<br \/>\ncircunstancias pueden incluir:<br \/>\n- Con proveedores u otros terceros que prestan servicios en nuestro nombre (por ejemplo, gesti\u00f3n de TI, procesamiento de pagos, an\u00e1lisis de datos, atenci\u00f3n al cliente,<br \/>\nalmacenamiento en la nube, cumplimiento y env\u00edo).<br \/>\n- Con socios comerciales y de marketing, incluido Shopify, para prestarle servicios y hacerle publicidad. [[NOTA PARA EL COMERCIANTE: INSERTE LO SIGUIENTE<br \/>\nFRASE SI SE UTILIZAN LOS SERVICIOS PUBLICITARIOS DE SHOPIFY, COMO SHOPIFY AUDIENCES]]. [Por ejemplo, utilizamos Shopify para apoyar la publicidad personalizada con<br \/>\nservicios de terceros]. Nuestros socios comerciales y de marketing utilizar\u00e1n su informaci\u00f3n de acuerdo con sus propios avisos de privacidad.<br \/>\n- Cuando usted nos indique, solicite o consienta de cualquier otro modo que revelemos determinada informaci\u00f3n a terceros, por ejemplo para enviarle productos o a trav\u00e9s de su<br \/>\nuso de widgets de redes sociales o integraciones de inicio de sesi\u00f3n, con su consentimiento.<br \/>\n- Con nuestras filiales u otros miembros de nuestro grupo empresarial, en nuestro inter\u00e9s leg\u00edtimo de dirigir una empresa con \u00e9xito.<br \/>\n- En relaci\u00f3n con una transacci\u00f3n comercial, como una fusi\u00f3n o una quiebra, para cumplir con cualquier obligaci\u00f3n legal aplicable (incluida la de responder a<br \/>\n(citaciones, \u00f3rdenes de registro y solicitudes similares), para hacer cumplir las condiciones de servicio aplicables y para proteger o defender los Servicios, nuestros derechos y el sitio web.<br \/>\nderechos de nuestros usuarios o de terceros.<br \/>\nEn los \u00faltimos 12 meses hemos revelado las siguientes categor\u00edas de informaci\u00f3n personal e informaci\u00f3n personal sensible (marcada con *) sobre<br \/>\nusuarios para los fines expuestos anteriormente en \u201cC\u00f3mo recopilamos y utilizamos sus datos personales\u201d y \u201cC\u00f3mo divulgamos sus datos personales\u201d:<br \/>\nCategor\u00eda:<br \/>\n- Identificadores como datos b\u00e1sicos de contacto y determinada informaci\u00f3n sobre pedidos y cuentas<br \/>\n- Informaci\u00f3n comercial, como informaci\u00f3n sobre pedidos, compras y atenci\u00f3n al cliente<br \/>\n- actividad en Internet u otras redes similares, como datos de uso<br \/>\nCategor\u00edas de beneficiarios:<br \/>\n- Proveedores y terceros que prestan servicios en nuestro nombre (como proveedores de servicios de Internet, procesadores de pagos, socios de cumplimiento, clientes, etc.).<br \/>\nsocios de apoyo y proveedores de an\u00e1lisis de datos)<br \/>\n- Socios comerciales y de marketing<br \/>\n- Afiliados<br \/>\nNo utilizamos ni revelamos informaci\u00f3n personal sensible con el fin de deducir caracter\u00edsticas sobre usted.<br \/>\n[[NOTA PARA EL COMERCIANTE- INSERTE EL SIGUIENTE P\u00c1RRAFO Y LISTAS SI UTILIZA LOS SERVICIOS PUBLICITARIOS DE SHOPIFY COMO SHOPIFY AUDIENCES O ENGAGING<br \/>\nEN CUALQUIER OTRA ACTIVIDAD QUE PUEDA CONSIDERARSE \u201cVENTA\u201d O \u201cINTERCAMBIO\u201d DE INFORMACI\u00d3N PERSONAL O TRATAMIENTO DE INFORMACI\u00d3N PERSONAL<br \/>\nPARA \u201cPUBLICIDAD DIRIGIDA\u201d]]\nHemos \u201cvendido\u201d y \u201ccompartido\u201d (tal y como se definen estos t\u00e9rminos en la legislaci\u00f3n aplicable) informaci\u00f3n personal en los \u00faltimos 12 meses con el fin de<br \/>\nrealizar actividades de publicidad y marketing, como sigue.<br \/>\nCategor\u00eda de informaci\u00f3n personal<br \/>\n- Identificadores como datos b\u00e1sicos de contacto y determinada informaci\u00f3n sobre pedidos y cuentas<br \/>\n- Informaci\u00f3n comercial, como registros de productos o servicios adquiridos e informaci\u00f3n sobre compras<br \/>\n- actividad en Internet u otras redes similares, como datos de uso<br \/>\nCategor\u00edas de beneficiarios<br \/>\n- Socios comerciales y de marketing<br \/>\nContenidos generados por los usuarios<br \/>\nLos Servicios pueden permitirle publicar rese\u00f1as de productos y otros contenidos generados por el usuario. Si decide enviar contenido generado por el usuario a cualquier sitio p\u00fablico<br \/>\nde los Servicios, este contenido ser\u00e1 p\u00fablico y accesible por cualquiera.<br \/>\nNo controlamos qui\u00e9n tendr\u00e1 acceso a la informaci\u00f3n que usted decida poner a disposici\u00f3n de terceros, y no podemos garantizar que las partes que tengan acceso<br \/>\na dicha informaci\u00f3n respetar\u00e1 su privacidad o la mantendr\u00e1 segura. No nos hacemos responsables de la privacidad o seguridad de la informaci\u00f3n que nos facilite.<br \/>\np\u00fablicamente disponible, o por la exactitud, uso o mal uso de cualquier informaci\u00f3n que revele o reciba de terceros.<br \/>\nSitios web y enlaces de terceros<br \/>\nNuestro Sitio puede proporcionar enlaces a sitios web u otras plataformas en l\u00ednea gestionadas por terceros. Si usted sigue enlaces a sitios no afiliados o controlados por nosotros,<br \/>\nDesarrollado por Shopify<br \/>\nwww.shopify.com<br \/>\nNuestro Sitio puede proporcionar enlaces a sitios web u otras plataformas en l\u00ednea gestionadas por terceros. Si usted sigue enlaces a sitios no afiliados o controlados por nosotros,<br \/>\ndebe revisar sus pol\u00edticas de privacidad y seguridad y otros t\u00e9rminos y condiciones. No garantizamos ni somos responsables de la privacidad o seguridad de los sitios web de terceros.<br \/>\nseguridad de dichos sitios, incluida la exactitud, integridad o fiabilidad de la informaci\u00f3n que se encuentre en ellos. La informaci\u00f3n que facilite en sitios p\u00fablicos o semip\u00fablicos<br \/>\nlugares, incluida la informaci\u00f3n que comparta en plataformas de redes sociales de terceros tambi\u00e9n puede ser visible por otros usuarios de los Servicios y\/o<br \/>\nusuarios de esas plataformas de terceros sin limitaci\u00f3n en cuanto a su uso por nosotros o por un tercero. Nuestra inclusi\u00f3n de dichos enlaces no implica, por s\u00ed misma, ninguna<br \/>\nla aprobaci\u00f3n del contenido de dichas plataformas o de sus propietarios u operadores, salvo que se indique lo contrario en los Servicios.<br \/>\nDatos de los ni\u00f1os<br \/>\nLos Servicios no est\u00e1n pensados para ser utilizados por ni\u00f1os, y no recopilamos conscientemente ninguna informaci\u00f3n personal sobre ni\u00f1os. Si usted es el padre o<br \/>\ntutor de un menor que nos haya facilitado sus datos personales, puede ponerse en contacto con nosotros utilizando los datos de contacto que se indican a continuaci\u00f3n para solicitar que sean<br \/>\nborrado.<br \/>\nA la fecha de entrada en vigor de la presente Pol\u00edtica de Privacidad, no tenemos conocimiento efectivo de que \u201ccompartamos\u201d o \u201cvendamos\u201d (tal y como se definen estos t\u00e9rminos en la legislaci\u00f3n aplicable)<br \/>\ninformaci\u00f3n personal de menores de 16 a\u00f1os.<br \/>\n[[NOTA PARA EL COMERCIANTE: CONSULTE CON UN ASESOR JUR\u00cdDICO SI SU SITIO WEB EST\u00c1 ENFOCADO O DIRIGIDO A NI\u00d1OS, YA QUE ES POSIBLE QUE SE REVELEN DATOS M\u00c1S ESPEC\u00cdFICOS<br \/>\nSE REQUIERE]].\nSeguridad y conservaci\u00f3n de sus datos<br \/>\nTenga en cuenta que ninguna medida de seguridad es perfecta o impenetrable, y no podemos garantizar una \u201cseguridad perfecta\u201d. Adem\u00e1s, cualquier informaci\u00f3n que usted<br \/>\nque nos env\u00ede puede no ser seguro mientras est\u00e1 en tr\u00e1nsito. Le recomendamos que no utilice canales no seguros para comunicar informaci\u00f3n sensible o confidencial.<br \/>\ninformaci\u00f3n.<\/p>\n<\/header>\n<\/header>","protected":false},"excerpt":{"rendered":"<p>Ecommerce Professionals Group LLC Privacy Policy. This Privacy Policy describes how Ecommerce Professionals Group LLC (the &#8220;Site&#8221;, &#8220;we&#8221;, &#8220;us&#8221;, or &#8220;our&#8221;) collects, uses, and discloses your personal information when you visit, use our services, or make a purchase from oraculums.com (the &#8220;Site&#8221;) or otherwise communicate with us (collectively, the &#8220;Services&#8221;). For purposes of this Privacy [&#8230;]","protected":false},"author":1,"featured_media":0,"parent":0,"menu_order":0,"comment_status":"closed","ping_status":"closed","template":"","meta":{"footnotes":""},"class_list":["post-5733","page","type-page","status-publish","hentry"],"_links":{"self":[{"href":"https:\/\/oraculums.com\/es\/wp-json\/wp\/v2\/pages\/5733","targetHints":{"allow":["GET"]}}],"collection":[{"href":"https:\/\/oraculums.com\/es\/wp-json\/wp\/v2\/pages"}],"about":[{"href":"https:\/\/oraculums.com\/es\/wp-json\/wp\/v2\/types\/page"}],"author":[{"embeddable":true,"href":"https:\/\/oraculums.com\/es\/wp-json\/wp\/v2\/users\/1"}],"replies":[{"embeddable":true,"href":"https:\/\/oraculums.com\/es\/wp-json\/wp\/v2\/comments?post=5733"}],"version-history":[{"count":0,"href":"https:\/\/oraculums.com\/es\/wp-json\/wp\/v2\/pages\/5733\/revisions"}],"wp:attachment":[{"href":"https:\/\/oraculums.com\/es\/wp-json\/wp\/v2\/media?parent=5733"}],"curies":[{"name":"wp","href":"https:\/\/api.w.org\/{rel}","templated":true}]}}