{"id":410551,"date":"2023-10-29T22:09:17","date_gmt":"2023-10-29T22:09:17","guid":{"rendered":"https:\/\/dimgrey-whale-895460.hostingersite.com\/?post_type=product&#038;p=410551"},"modified":"2025-08-23T13:25:14","modified_gmt":"2025-08-23T13:25:14","slug":"lovee","status":"publish","type":"product","link":"https:\/\/oraculums.com\/de\/produkt\/lovee\/","title":{"rendered":"Das magische Ritual der Liebe"},"content":{"rendered":"","protected":false},"excerpt":{"rendered":"<div style=\"text-align: center;\"><span style=\"font-size: 105%;\"><strong>Sie k\u00f6nnen Ihren Seelenverwandten nicht finden?<\/strong> Mit diesem m\u00e4chtigen Zauberspruch ziehen wir die wahre Liebe in Ihr Leben, ob Sie nun in einer Beziehung sind oder nicht. Dieser Zauber kann auch verwendet werden, um eine Beziehung wiederzubeleben. Er beseitigt auch energetische Hindernisse, die Sie daran hindern k\u00f6nnten, die wahre Liebe zu finden.<\/span><\/div>\n<div style=\"text-align: center;\"><\/div>\n<div style=\"text-align: center;\">\n<p><span style=\"font-size: 105%;\">Dies wird sich je nach \u00e4u\u00dferen Faktoren innerhalb von 1-12 Wochen manifestieren. Die Wirksamkeit des Zaubers kann variieren - manche Kunden sehen die Ergebnisse sofort, w\u00e4hrend andere l\u00e4nger brauchen.<\/span><\/p>\n<p><span style=\"font-size: 105%;\"><strong>\ud83d\udcdc Sie k\u00f6nnen dieses Ritual verschenken - mit Ihrer Bestellung erhalten Sie ein Zertifikat \u00fcber die Durchf\u00fchrung, das Sie verschenken k\u00f6nnen.<\/strong><\/span><\/p>\n<\/div>","protected":false},"featured_media":410552,"template":"","meta":[],"product_brand":[],"product_cat":[6115,6113],"product_tag":[],"class_list":{"0":"post-410551","1":"product","2":"type-product","3":"status-publish","4":"has-post-thumbnail","6":"product_cat-ritualy","7":"product_cat-sluzby","9":"first","10":"instock","11":"sale","12":"virtual","13":"purchasable","14":"product-type-simple"},"_links":{"self":[{"href":"https:\/\/oraculums.com\/de\/wp-json\/wp\/v2\/product\/410551","targetHints":{"allow":["GET"]}}],"collection":[{"href":"https:\/\/oraculums.com\/de\/wp-json\/wp\/v2\/product"}],"about":[{"href":"https:\/\/oraculums.com\/de\/wp-json\/wp\/v2\/types\/product"}],"wp:featuredmedia":[{"embeddable":true,"href":"https:\/\/oraculums.com\/de\/wp-json\/wp\/v2\/media\/410552"}],"wp:attachment":[{"href":"https:\/\/oraculums.com\/de\/wp-json\/wp\/v2\/media?parent=410551"}],"wp:term":[{"taxonomy":"product_brand","embeddable":true,"href":"https:\/\/oraculums.com\/de\/wp-json\/wp\/v2\/product_brand?post=410551"},{"taxonomy":"product_cat","embeddable":true,"href":"https:\/\/oraculums.com\/de\/wp-json\/wp\/v2\/product_cat?post=410551"},{"taxonomy":"product_tag","embeddable":true,"href":"https:\/\/oraculums.com\/de\/wp-json\/wp\/v2\/product_tag?post=410551"}],"curies":[{"name":"wp","href":"https:\/\/api.w.org\/{rel}","templated":true}]}}