{"id":410276,"date":"2023-10-18T18:39:49","date_gmt":"2023-10-18T18:39:49","guid":{"rendered":"https:\/\/dimgrey-whale-895460.hostingersite.com\/?post_type=product&#038;p=410276"},"modified":"2025-08-23T13:25:49","modified_gmt":"2025-08-23T13:25:49","slug":"health","status":"publish","type":"product","link":"https:\/\/oraculums.com\/de\/produkt\/health\/","title":{"rendered":"Das magische Ritual der Gesundheit"},"content":{"rendered":"","protected":false},"excerpt":{"rendered":"<div style=\"text-align: center;\"><span style=\"font-size: 105%;\"><b>Sind Sie oft krank und Ihre Gesundheit ist nicht so, wie sie sein sollte? <\/b>Probieren Sie dieses Ritual aus, das Gesundheit anzieht und Sie vor Krankheiten sch\u00fctzt.<\/span><\/div>\n<div style=\"text-align: center;\"><span style=\"font-size: 105%;\">Dies wird sich je nach \u00e4u\u00dferen Faktoren innerhalb von 1-12 Wochen zeigen.<\/span><\/div>\n<div><\/div>\n<div style=\"text-align: center;\"><span style=\"font-size: 105%;\"><strong>\ud83d\udcdc Sie k\u00f6nnen dieses Ritual verschenken - mit Ihrer Bestellung erhalten Sie ein Zertifikat \u00fcber die Durchf\u00fchrung, das Sie verschenken k\u00f6nnen.<\/strong><\/span><\/div>\n<div><\/div>\n<div style=\"text-align: center;\"><\/div>","protected":false},"featured_media":410278,"template":"","meta":[],"product_brand":[],"product_cat":[6115,6113],"product_tag":[],"class_list":{"0":"post-410276","1":"product","2":"type-product","3":"status-publish","4":"has-post-thumbnail","6":"product_cat-ritualy","7":"product_cat-sluzby","9":"first","10":"instock","11":"sale","12":"virtual","13":"purchasable","14":"product-type-simple"},"_links":{"self":[{"href":"https:\/\/oraculums.com\/de\/wp-json\/wp\/v2\/product\/410276","targetHints":{"allow":["GET"]}}],"collection":[{"href":"https:\/\/oraculums.com\/de\/wp-json\/wp\/v2\/product"}],"about":[{"href":"https:\/\/oraculums.com\/de\/wp-json\/wp\/v2\/types\/product"}],"wp:featuredmedia":[{"embeddable":true,"href":"https:\/\/oraculums.com\/de\/wp-json\/wp\/v2\/media\/410278"}],"wp:attachment":[{"href":"https:\/\/oraculums.com\/de\/wp-json\/wp\/v2\/media?parent=410276"}],"wp:term":[{"taxonomy":"product_brand","embeddable":true,"href":"https:\/\/oraculums.com\/de\/wp-json\/wp\/v2\/product_brand?post=410276"},{"taxonomy":"product_cat","embeddable":true,"href":"https:\/\/oraculums.com\/de\/wp-json\/wp\/v2\/product_cat?post=410276"},{"taxonomy":"product_tag","embeddable":true,"href":"https:\/\/oraculums.com\/de\/wp-json\/wp\/v2\/product_tag?post=410276"}],"curies":[{"name":"wp","href":"https:\/\/api.w.org\/{rel}","templated":true}]}}