{"id":410273,"date":"2023-10-18T18:13:35","date_gmt":"2023-10-18T18:13:35","guid":{"rendered":"https:\/\/dimgrey-whale-895460.hostingersite.com\/?post_type=product&#038;p=410273"},"modified":"2025-08-23T13:26:37","modified_gmt":"2025-08-23T13:26:37","slug":"vernost","status":"publish","type":"product","link":"https:\/\/oraculums.com\/de\/produkt\/vernost\/","title":{"rendered":"Das magische Ritual der Loyalit\u00e4t"},"content":{"rendered":"","protected":false},"excerpt":{"rendered":"<div style=\"text-align: center;\"><strong>Ist Ihr Partner untreu, oder haben Sie Angst vor Untreue?<\/strong> Durch diesen m\u00e4chtigen Zauber verbinden wir Ihre Seele mit Ihrem Geliebten und Ihr Partner wird nur noch Augen f\u00fcr Sie haben.<\/div>\n<div style=\"text-align: center;\">Dies wird sich je nach \u00e4u\u00dferen Faktoren innerhalb von 1-12 Wochen zeigen.<\/div>\n<div style=\"text-align: center;\"><strong>Geben Sie auf der Kassenseite Ihren vollst\u00e4ndigen Namen und Ihr Geburtsdatum ein. <\/strong><strong>100% vertraulich!<\/strong><\/div>\n<div><\/div>\n<div style=\"text-align: center;\"><strong>\ud83d\udcdc Sie k\u00f6nnen dieses Ritual verschenken - mit Ihrer Bestellung erhalten Sie ein Zertifikat \u00fcber die Durchf\u00fchrung, das Sie verschenken k\u00f6nnen.<\/strong><\/div>\n<div style=\"text-align: center;\"><\/div>\n<div style=\"text-align: center;\"><\/div>","protected":false},"featured_media":410275,"template":"","meta":[],"product_brand":[],"product_cat":[6115,6113],"product_tag":[],"class_list":{"0":"post-410273","1":"product","2":"type-product","3":"status-publish","4":"has-post-thumbnail","6":"product_cat-ritualy","7":"product_cat-sluzby","9":"first","10":"instock","11":"sale","12":"virtual","13":"purchasable","14":"product-type-simple"},"_links":{"self":[{"href":"https:\/\/oraculums.com\/de\/wp-json\/wp\/v2\/product\/410273","targetHints":{"allow":["GET"]}}],"collection":[{"href":"https:\/\/oraculums.com\/de\/wp-json\/wp\/v2\/product"}],"about":[{"href":"https:\/\/oraculums.com\/de\/wp-json\/wp\/v2\/types\/product"}],"wp:featuredmedia":[{"embeddable":true,"href":"https:\/\/oraculums.com\/de\/wp-json\/wp\/v2\/media\/410275"}],"wp:attachment":[{"href":"https:\/\/oraculums.com\/de\/wp-json\/wp\/v2\/media?parent=410273"}],"wp:term":[{"taxonomy":"product_brand","embeddable":true,"href":"https:\/\/oraculums.com\/de\/wp-json\/wp\/v2\/product_brand?post=410273"},{"taxonomy":"product_cat","embeddable":true,"href":"https:\/\/oraculums.com\/de\/wp-json\/wp\/v2\/product_cat?post=410273"},{"taxonomy":"product_tag","embeddable":true,"href":"https:\/\/oraculums.com\/de\/wp-json\/wp\/v2\/product_tag?post=410273"}],"curies":[{"name":"wp","href":"https:\/\/api.w.org\/{rel}","templated":true}]}}