{"id":409635,"date":"2023-09-26T10:38:54","date_gmt":"2023-09-26T10:38:54","guid":{"rendered":"https:\/\/dimgrey-whale-895460.hostingersite.com\/?post_type=product&#038;p=409635"},"modified":"2025-08-30T10:21:02","modified_gmt":"2025-08-30T10:21:02","slug":"loveee","status":"publish","type":"product","link":"https:\/\/oraculums.com\/de\/produkt\/loveee\/","title":{"rendered":"Magisches Ritual der Liebe"},"content":{"rendered":"","protected":false},"excerpt":{"rendered":"<div style=\"text-align: center;\">\n<h1><\/h1>\n<h1><span style=\"color: #000000;\"><strong>Wussten Sie, dass es ein magisches Ritual gibt, mit dem Sie das Herz Ihrer Angebeteten ohne Nebenwirkungen gewinnen k\u00f6nnen?<\/strong><\/span><\/h1>\n<p><span style=\"color: #000000; font-size: 105%;\">Sind Sie verliebt, aber die andere Person erwidert Ihre Gef\u00fchle nicht? M\u00f6chten Sie Ihre derzeitige Beziehung st\u00e4rken? Haben Sie das Gef\u00fchl, das Schicksal legt Ihnen Steine in den Weg?<\/span><\/p>\n<p><span style=\"color: #000000; font-size: 105%;\"><strong>Jetzt k\u00f6nnen Sie das Schicksal auf Ihre Seite ziehen und es zu Ihren Gunsten lenken. <\/strong>Glauben Sie, dass Sie es f\u00fcr den Rest Ihres Lebens bereuen werden, wenn Sie nicht alle M\u00f6glichkeiten ausprobieren und immer wieder sagen <em>was w\u00e4re wenn<\/em>, aber dann wird es zu sp\u00e4t sein, etwas zu \u00e4ndern. <\/span><\/p>\n<p><span style=\"font-size: 105%;\"><span style=\"color: #000000;\"><strong> Dieses magische Ritual wird Ihre Seelen verbinden und dem Schicksal erlauben, Ihnen zu helfen, den Weg zueinander zu finden.<\/strong><\/span><\/span><\/p>\n<p><span style=\"font-size: 105%;\"><span style=\"color: #000000;\">Nach der Bestellung, <strong>wir f\u00fchren innerhalb von 24 Stunden ein ma\u00dfgeschneidertes magisches Ritual f\u00fcr Sie durch<\/strong>. Keine schwarze Magie oder Nebenwirkungen, nur die reine Kraft des Universums, die wirkt. Warten Sie nicht, bis es zu sp\u00e4t ist - versuchen Sie es jetzt. <\/span><strong>100% vertraulich!<\/strong><\/span><\/p>\n<\/div>","protected":false},"featured_media":409636,"template":"","meta":[],"product_brand":[],"product_cat":[6115,6113],"product_tag":[],"class_list":{"0":"post-409635","1":"product","2":"type-product","3":"status-publish","4":"has-post-thumbnail","6":"product_cat-ritualy","7":"product_cat-sluzby","9":"first","10":"instock","11":"sale","12":"virtual","13":"purchasable","14":"product-type-simple"},"_links":{"self":[{"href":"https:\/\/oraculums.com\/de\/wp-json\/wp\/v2\/product\/409635","targetHints":{"allow":["GET"]}}],"collection":[{"href":"https:\/\/oraculums.com\/de\/wp-json\/wp\/v2\/product"}],"about":[{"href":"https:\/\/oraculums.com\/de\/wp-json\/wp\/v2\/types\/product"}],"wp:featuredmedia":[{"embeddable":true,"href":"https:\/\/oraculums.com\/de\/wp-json\/wp\/v2\/media\/409636"}],"wp:attachment":[{"href":"https:\/\/oraculums.com\/de\/wp-json\/wp\/v2\/media?parent=409635"}],"wp:term":[{"taxonomy":"product_brand","embeddable":true,"href":"https:\/\/oraculums.com\/de\/wp-json\/wp\/v2\/product_brand?post=409635"},{"taxonomy":"product_cat","embeddable":true,"href":"https:\/\/oraculums.com\/de\/wp-json\/wp\/v2\/product_cat?post=409635"},{"taxonomy":"product_tag","embeddable":true,"href":"https:\/\/oraculums.com\/de\/wp-json\/wp\/v2\/product_tag?post=409635"}],"curies":[{"name":"wp","href":"https:\/\/api.w.org\/{rel}","templated":true}]}}