{"id":409629,"date":"2023-09-25T21:25:24","date_gmt":"2023-09-25T21:25:24","guid":{"rendered":"https:\/\/dimgrey-whale-895460.hostingersite.com\/?post_type=product&#038;p=409629"},"modified":"2025-08-30T10:51:15","modified_gmt":"2025-08-30T10:51:15","slug":"the-magical-ritual-of-wealth","status":"publish","type":"product","link":"https:\/\/oraculums.com\/de\/produkt\/the-magical-ritual-of-wealth\/","title":{"rendered":"Das magische Ritual des Reichtums"},"content":{"rendered":"","protected":false},"excerpt":{"rendered":"<h1 data-pm-slice=\"0 0 []\"><\/h1>\n<h1 style=\"text-align: center;\" data-pm-slice=\"0 0 []\"><strong>Reichtum ist zum Greifen nah. Probieren Sie das Ritual, das Geld wie ein Magnet anzieht!<\/strong><\/h1>\n<p style=\"text-align: center;\">\n<p style=\"text-align: center;\" data-pm-slice=\"0 0 []\"><span style=\"font-size: 105%;\">Wie oft haben Sie schon davon getr\u00e4umt, endlich die T\u00fcren zum Reichtum zu \u00f6ffnen? Dieses Ritual wird diese T\u00fcren f\u00fcr Sie weit \u00f6ffnen! Unser kraftvolles magisches Ritual wird Ihnen helfen, die Blockaden zu beseitigen, die Sie daran hindern, reich zu werden.<\/span><\/p>\n<p style=\"text-align: center;\"><span style=\"font-size: 105%;\">Sie kennen sicher Menschen, die m\u00fchelos Erfolg haben und denen das Geld in den Scho\u00df f\u00e4llt. Auf der anderen Seite gibt es Menschen, die ihr Bestes geben, aber keinen Erfolg haben. Das liegt alles an energetischen Blockaden, die sie daran hindern. Und jetzt k\u00f6nnen Sie diese Blockaden ganz einfach beseitigen und anfangen, Reichtum anzuziehen.<\/span><\/p>\n<p style=\"text-align: center;\"><span style=\"font-size: 105%;\">Bestellen Sie dieses Ritual und sp\u00fcren Sie die Ver\u00e4nderung!<\/span><\/p>\n<p style=\"text-align: center;\">\n<p style=\"text-align: center;\"><span style=\"font-size: 110%;\"><strong>\ud83d\udcdcSie k\u00f6nnen dieses Ritual auch verschenken - mit Ihrer Bestellung erhalten Sie ein Zertifikat \u00fcber die Durchf\u00fchrung.<\/strong><\/span><\/p>","protected":false},"featured_media":409630,"template":"","meta":[],"product_brand":[],"product_cat":[6115,6113],"product_tag":[],"class_list":{"0":"post-409629","1":"product","2":"type-product","3":"status-publish","4":"has-post-thumbnail","6":"product_cat-ritualy","7":"product_cat-sluzby","9":"first","10":"instock","11":"sale","12":"virtual","13":"purchasable","14":"product-type-simple"},"_links":{"self":[{"href":"https:\/\/oraculums.com\/de\/wp-json\/wp\/v2\/product\/409629","targetHints":{"allow":["GET"]}}],"collection":[{"href":"https:\/\/oraculums.com\/de\/wp-json\/wp\/v2\/product"}],"about":[{"href":"https:\/\/oraculums.com\/de\/wp-json\/wp\/v2\/types\/product"}],"wp:featuredmedia":[{"embeddable":true,"href":"https:\/\/oraculums.com\/de\/wp-json\/wp\/v2\/media\/409630"}],"wp:attachment":[{"href":"https:\/\/oraculums.com\/de\/wp-json\/wp\/v2\/media?parent=409629"}],"wp:term":[{"taxonomy":"product_brand","embeddable":true,"href":"https:\/\/oraculums.com\/de\/wp-json\/wp\/v2\/product_brand?post=409629"},{"taxonomy":"product_cat","embeddable":true,"href":"https:\/\/oraculums.com\/de\/wp-json\/wp\/v2\/product_cat?post=409629"},{"taxonomy":"product_tag","embeddable":true,"href":"https:\/\/oraculums.com\/de\/wp-json\/wp\/v2\/product_tag?post=409629"}],"curies":[{"name":"wp","href":"https:\/\/api.w.org\/{rel}","templated":true}]}}