{"id":5735,"date":"2018-10-03T18:44:13","date_gmt":"2018-10-03T18:44:13","guid":{"rendered":"https:\/\/dimgrey-whale-895460.hostingersite.com\/?page_id=5735"},"modified":"2025-08-23T10:21:07","modified_gmt":"2025-08-23T10:21:07","slug":"ochrana-osobnich-udaju","status":"publish","type":"page","link":"https:\/\/oraculums.com\/de\/ochrana-osobnich-udaju\/","title":{"rendered":"Datenschutzbestimmungen"},"content":{"rendered":"<header><\/header>\r\n<div><header><header>Wir betreiben einen E-Shop auf der Website oraculums.com\r\n<p>F\u00fcr die Erbringung unserer Dienstleistungen, den Verkauf von Waren und den Betrieb unserer Website verarbeiten wir einige personenbezogene Daten.<\/p>\r\n<p>&nbsp;<\/p>\r\n<p>Die Verarbeitung personenbezogener Daten wird insbesondere durch die Verordnung (EU) 2016\/679 des Europ\u00e4ischen Parlaments und des Rates vom 27. April 2016 zum Schutz nat\u00fcrlicher Personen bei der Verarbeitung personenbezogener Daten, zum freien Datenverkehr und zur Aufhebung der Richtlinie 95\/46\/EG (Datenschutz-Grundverordnung personenbezogene Daten) (\u201cDSGVO\u201d) geregelt<\/p>\r\n<p>I. Verarbeitung von personenbezogenen Daten<br \/>A. Verarbeitung personenbezogener Daten bei Verwendung des Kontaktformulars<\/p>\r\n<p>&nbsp;<\/p>\r\n<p>Wenn Sie sich \u00fcber unsere Produkte und Dienstleistungen erkundigen, arbeiten wir mit Ihren Kontaktinformationen, die Sie uns vor allem \u00fcber das Anfrageformular zur Verf\u00fcgung stellen. Diese sind: ............................<\/p>\r\n<p>&nbsp;<\/p>\r\n<p>Aus welchem Grund?<\/p>\r\n<p>\u00dcber sie werden wir Sie f\u00fcr weitere Absprachen bez\u00fcglich Waren und Dienstleistungen kontaktieren.<\/p>\r\n<p>&nbsp;<\/p>\r\n<p>Auf welcher Rechtsgrundlage?<\/p>\r\n<p>Hierbei handelt es sich um eine Verarbeitung auf der Grundlage von Artikel 6 Absatz 1 Buchstabe b) DSGVO - Aushandlung eines Vertrags oder Durchf\u00fchrung vorvertraglicher Ma\u00dfnahmen auf Ihren Wunsch.<\/p>\r\n<p>&nbsp;<\/p>\r\n<p>Wie lange werden wir personenbezogene Daten verarbeiten?<\/p>\r\n<p>Wenn keine weitere Zusammenarbeit zustande kommt, verarbeiten wir Ihre Daten f\u00fcr maximal 90 Tage seit unserer letzten Mitteilung.<\/p>\r\n<p>&nbsp;<\/p>\r\n<p>B. Verarbeitung pers\u00f6nlicher Daten im Falle eines Kaufs<\/p>\r\n<p>&nbsp;<\/p>\r\n<p>Wenn Sie bei uns einen Kauf t\u00e4tigen, arbeiten wir mit den Daten, die Sie f\u00fcr uns ausf\u00fcllen. Es handelt sich haupts\u00e4chlich um Rechnungsdaten: Name, Vorname, Adresse.<\/p>\r\n<p>&nbsp;<\/p>\r\n<p>Aus welchem Grund?<\/p>\r\n<p>Wir m\u00fcssen personenbezogene Daten verarbeiten, um unseren Vertrag zu erf\u00fcllen - um unsere Waren oder Dienstleistungen an Sie zu liefern. \u00dcber die Kontaktdaten kommunizieren wir auch mit Ihnen \u00fcber den Status Ihrer Bestellung, m\u00f6glicherweise \u00fcber Beschwerden oder Ihre Fragen.<\/p>\r\n<p>Wir werden weiterhin personenbezogene Daten verarbeiten, um unsere gesetzlichen Verpflichtungen zu erf\u00fcllen (haupts\u00e4chlich f\u00fcr Buchhaltungs- und Steuerzwecke, m\u00f6glicherweise f\u00fcr die Bearbeitung von Beschwerden und anderes).<\/p>\r\n<p>&nbsp;<\/p>\r\n<p>Auf welcher Rechtsgrundlage verarbeiten wir personenbezogene Daten?<\/p>\r\n<p>Es handelt sich um eine Verarbeitung auf der Grundlage von Artikel 6 Absatz 1 Buchstabe b) GDPR - Vertragserf\u00fcllung und Artikel 6 Absatz 1 Buchstabe c) GDPR - Erf\u00fcllung unserer gesetzlichen Verpflichtung.<\/p>\r\n<p>&nbsp;<\/p>\r\n<p>Wie lange werden wir personenbezogene Daten verarbeiten?<\/p>\r\n<p>F\u00fcr die Dauer der Erbringung unserer Dienstleistung und dann ......... ab der letzten Erbringung einer solchen Dienstleistung oder Lieferung von Waren.<\/p>\r\n<p>&nbsp;<\/p>\r\n<p>C. Newsletters<\/p>\r\n<p>Wenn Sie ein Einkaufskunde sind und sich zum Zeitpunkt des Kaufs nicht abgemeldet haben, verwenden wir Ihre E-Mail-Adresse f\u00fcr den Versand unserer Newsletter.<\/p>\r\n<p>&nbsp;<\/p>\r\n<p>Auf welcher Rechtsgrundlage?<\/p>\r\n<p>Dazu sind wir gem\u00e4\u00df Abschnitt 7, Absatz 3 des Gesetzes Nr. 480\/2004 Slg. \u00fcber bestimmte Dienste der Informationsgesellschaft berechtigt, wenn Sie uns dies nicht w\u00e4hrend des Kaufs untersagt haben.<\/p>\r\n<p>&nbsp;<\/p>\r\n<p>Wie lange werden wir personenbezogene Daten verarbeiten?<\/p>\r\n<p>2 Jahre\/Jahr seit Ihrem letzten Kauf. Sie k\u00f6nnen den Newsletter jederzeit per E-Mail abbestellen oder uns per E-Mail kontaktieren: info@oraculums.com<\/p>\r\n<p>Wir verarbeiten personenbezogene Daten nur auf dem Gebiet der Europ\u00e4ischen Union.<\/p>\r\n<p>&nbsp;<\/p>\r\n<p>III. Was sollten Sie sonst noch wissen?<br \/>Wir haben\/haben keinen Datenschutzbeauftragten in unserem Unternehmen.<\/p>\r\n<p>&nbsp;<\/p>\r\n<p>Unser Unternehmen trifft keine Entscheidungen, die auf einer automatischen Verarbeitung oder einem Profiling beruhen.<\/p>\r\n<p>&nbsp;<\/p>\r\n<p>Wenn Sie Fragen zum Thema personenbezogene Daten haben, kontaktieren Sie uns bitte unter der E-Mail-Adresse<strong> info@oraculums.com<\/strong><\/p>\r\n<p>&nbsp;<\/p>\r\n<p>IV. Verwendung von Cookies<br \/>Cookies sind Textdateien, die eine kleine Menge an Informationen enthalten und auf Ihr Ger\u00e4t heruntergeladen werden, wenn Sie unsere Website besuchen. Die Cookies werden dann bei jedem weiteren Besuch an die Website oder eine andere Website, die sie wiedererkennt, zur\u00fcckgeschickt.<\/p>\r\n<p>&nbsp;<\/p>\r\n<p>Cookies erf\u00fcllen verschiedene Aufgaben, z. B. erm\u00f6glichen sie eine effiziente Navigation zwischen Webseiten, speichern Ihre Pr\u00e4ferenzen und verbessern insgesamt die Benutzerfreundlichkeit. Sie k\u00f6nnen auch daf\u00fcr sorgen, dass die online angezeigte Werbung besser auf Sie und Ihre Interessen zugeschnitten ist.<\/p>\r\n<p>&nbsp;<\/p>\r\n<p>Wir verwenden die folgenden Cookies auf der Website:<\/p>\r\n<p>Notwendige Cookies: Sie sind f\u00fcr den Betrieb der Website erforderlich, z. B. erm\u00f6glichen sie Ihnen die Anmeldung in sicheren Bereichen der Website und andere grundlegende Funktionen der Website.<\/p>\r\n<\/header><\/header><\/div>","protected":false},"excerpt":{"rendered":"<p>We operate an e-shop on the website oraculums.com For the provision of our services, the sale of goods and the operation of our website, we process some personal data. &nbsp; The processing of personal data is regulated in particular by Regulation (EU) 2016\/679 of the European Parliament and of the Council of 27 April 2016 [&#8230;]","protected":false},"author":1,"featured_media":0,"parent":0,"menu_order":0,"comment_status":"closed","ping_status":"closed","template":"","meta":{"footnotes":""},"class_list":["post-5735","page","type-page","status-publish","hentry"],"_links":{"self":[{"href":"https:\/\/oraculums.com\/de\/wp-json\/wp\/v2\/pages\/5735","targetHints":{"allow":["GET"]}}],"collection":[{"href":"https:\/\/oraculums.com\/de\/wp-json\/wp\/v2\/pages"}],"about":[{"href":"https:\/\/oraculums.com\/de\/wp-json\/wp\/v2\/types\/page"}],"author":[{"embeddable":true,"href":"https:\/\/oraculums.com\/de\/wp-json\/wp\/v2\/users\/1"}],"replies":[{"embeddable":true,"href":"https:\/\/oraculums.com\/de\/wp-json\/wp\/v2\/comments?post=5735"}],"version-history":[{"count":0,"href":"https:\/\/oraculums.com\/de\/wp-json\/wp\/v2\/pages\/5735\/revisions"}],"wp:attachment":[{"href":"https:\/\/oraculums.com\/de\/wp-json\/wp\/v2\/media?parent=5735"}],"curies":[{"name":"wp","href":"https:\/\/api.w.org\/{rel}","templated":true}]}}