{"id":5733,"date":"2018-10-03T18:43:31","date_gmt":"2018-10-03T18:43:31","guid":{"rendered":"https:\/\/dimgrey-whale-895460.hostingersite.com\/?page_id=5733"},"modified":"2025-08-23T10:22:00","modified_gmt":"2025-08-23T10:22:00","slug":"zasady-pouzivani-souboru-cookies","status":"publish","type":"page","link":"https:\/\/oraculums.com\/de\/zasady-pouzivani-souboru-cookies\/","title":{"rendered":"Cookie-Richtlinie"},"content":{"rendered":"<header>\n<header>\n<h1>Ecommerce Professionals Group LLC Datenschutzrichtlinie.<\/h1>\n<p>Diese Datenschutzrichtlinie beschreibt, wie Ecommerce Professionals Group LLC (die \u201cWebsite\u201d, \u201cwir\u201d, \u201cuns\u201d oder \u201cunser\u201d) Ihre pers\u00f6nlichen Daten sammelt, verwendet und weitergibt.<br \/>\nInformationen, wenn Sie oraculums.com (die \u201cWebsite\u201d) besuchen, unsere Dienste nutzen, einen Kauf t\u00e4tigen oder anderweitig mit uns kommunizieren (zusammenfassend als die<br \/>\n\u201cDienste\u201d). F\u00fcr die Zwecke dieser Datenschutzrichtlinie bedeutet \u201cSie\u201d und \u201cIhr\u201d Sie als Nutzer der Services, unabh\u00e4ngig davon, ob Sie ein Kunde, Website-Besucher oder<br \/>\neine andere Person, deren Daten wir gem\u00e4\u00df dieser Datenschutzrichtlinie erfasst haben.<br \/>\nBitte lesen Sie diese Datenschutzrichtlinie sorgf\u00e4ltig durch. Durch die Nutzung und den Zugriff auf die Dienste erkl\u00e4ren Sie sich mit der Erfassung, Verwendung und Offenlegung Ihrer Daten einverstanden<br \/>\nwie in dieser Datenschutzrichtlinie beschrieben. Wenn Sie mit dieser Datenschutzrichtlinie nicht einverstanden sind, nutzen Sie die Dienste bitte nicht und greifen Sie nicht darauf zu.<br \/>\n\u00c4nderungen an dieser Datenschutzrichtlinie<br \/>\nWir behalten uns vor, diese Datenschutzerkl\u00e4rung von Zeit zu Zeit zu aktualisieren, z.B. um \u00c4nderungen unserer Praktiken zu ber\u00fccksichtigen oder aus anderen betrieblichen, rechtlichen oder regulatorischen Gr\u00fcnden.<br \/>\nWir werden die \u00fcberarbeitete Datenschutzrichtlinie auf der Website ver\u00f6ffentlichen, das Datum der letzten Aktualisierung aktualisieren und alle anderen gesetzlich vorgeschriebenen Ma\u00dfnahmen ergreifen.<br \/>\nWie wir Ihre pers\u00f6nlichen Daten sammeln und verwenden<br \/>\nUm die Dienste bereitstellen zu k\u00f6nnen, sammeln wir personenbezogene Daten \u00fcber Sie aus einer Vielzahl von Quellen und haben diese in den letzten 12 Monaten gesammelt, wie im Folgenden beschrieben<br \/>\nunten. Die Informationen, die wir sammeln und verwenden, variieren je nachdem, wie Sie mit uns interagieren.<br \/>\nZus\u00e4tzlich zu den unten aufgef\u00fchrten spezifischen Verwendungszwecken k\u00f6nnen wir die von uns \u00fcber Sie erfassten Daten verwenden, um mit Ihnen zu kommunizieren, die Dienste bereitzustellen, den<br \/>\ngeltende rechtliche Verpflichtungen zu erf\u00fcllen, geltende Nutzungsbedingungen durchzusetzen und die Dienste, unsere Rechte und die Rechte unserer Nutzer zu sch\u00fctzen oder zu verteidigen oder<br \/>\nandere.<br \/>\nWelche pers\u00f6nlichen Informationen wir sammeln<br \/>\nWelche Arten von pers\u00f6nlichen Informationen wir \u00fcber Sie erhalten, h\u00e4ngt davon ab, wie Sie mit unserer Website interagieren und unsere Dienste nutzen. Wenn wir den Begriff<br \/>\n\u201cpers\u00f6nliche Daten\u201d beziehen wir uns auf Informationen, die Sie identifizieren, sich auf Sie beziehen, Sie beschreiben oder mit Ihnen in Verbindung gebracht werden k\u00f6nnen. Die folgenden Abschnitte<br \/>\nbeschreiben die Kategorien und spezifischen Arten von pers\u00f6nlichen Informationen, die wir sammeln.<br \/>\nInformationen, die wir direkt von Ihnen sammeln<br \/>\nZu den Informationen, die Sie uns \u00fcber unsere Dienste direkt \u00fcbermitteln, k\u00f6nnen geh\u00f6ren:<br \/>\n- Grundlegende Kontaktinformationen wie Name, Adresse, Telefonnummer, E-Mail.<br \/>\n- Bestellinformationen wie Name, Rechnungsadresse, Lieferadresse, Zahlungsbest\u00e4tigung, E-Mail-Adresse, Telefonnummer.<br \/>\n- Kontoinformationen, einschlie\u00dflich Ihres Benutzernamens, Passworts und Sicherheitsfragen.<br \/>\n- Einkaufsinformationen, einschlie\u00dflich der Artikel, die Sie ansehen, in den Warenkorb legen oder auf Ihre Wunschliste setzen.<br \/>\n- Informationen zum Kundensupport, einschlie\u00dflich der Informationen, die Sie in der Kommunikation mit uns angeben, z.B. wenn Sie eine Nachricht senden<br \/>\n\u00fcber die Dienste.<br \/>\n\u00fcber die Dienste.<br \/>\nEinige Funktionen der Dienste k\u00f6nnen es erforderlich machen, dass Sie uns bestimmte Informationen \u00fcber sich selbst direkt zur Verf\u00fcgung stellen. Sie k\u00f6nnen sich daf\u00fcr entscheiden, diese Informationen nicht anzugeben<br \/>\nInformationen, aber dies kann Sie daran hindern, diese Funktionen zu nutzen oder darauf zuzugreifen.<br \/>\nInformationen, die wir durch Cookies sammeln<br \/>\nWir sammeln auch automatisch bestimmte Informationen \u00fcber Ihre Interaktion mit den Diensten (\u201cNutzungsdaten\u201d). Zu diesem Zweck verwenden wir m\u00f6glicherweise Cookies, Pixel und<br \/>\n\u00e4hnliche Technologien (\u201cCookies\u201d). Nutzungsdaten k\u00f6nnen Informationen dar\u00fcber enthalten, wie Sie auf unsere Website und Ihr Konto zugreifen und diese nutzen, einschlie\u00dflich Ger\u00e4te<br \/>\nInformationen, Browserinformationen, Informationen \u00fcber Ihre Netzwerkverbindung, Ihre IP-Adresse und andere Informationen \u00fcber Ihre Interaktion mit<br \/>\ndie Dienste.<br \/>\nInformationen, die wir von Drittparteien erhalten<br \/>\nSchlie\u00dflich k\u00f6nnen wir Informationen \u00fcber Sie von Dritten erhalten, einschlie\u00dflich von Verk\u00e4ufern und Dienstleistern, die Informationen \u00fcber unsere<br \/>\nwie zum Beispiel:<br \/>\n- Unternehmen, die unsere Website und Dienstleistungen unterst\u00fctzen, wie z.B. Shopify.<br \/>\n- Unsere Zahlungsabwickler, die Zahlungsinformationen sammeln (z.B. Bankkonto, Kredit- oder Debitkarteninformationen, Rechnungsadresse), um Ihre<br \/>\nZahlungen, um Ihre Bestellungen auszuf\u00fchren und Ihnen die von Ihnen angeforderten Produkte oder Dienstleistungen zur Verf\u00fcgung zu stellen, um unseren Vertrag mit Ihnen zu erf\u00fcllen.<br \/>\n- Wenn Sie unsere Website besuchen, E-Mails \u00f6ffnen oder anklicken, die wir Ihnen senden, oder mit unseren Diensten oder Anzeigen interagieren, k\u00f6nnen wir oder Dritte, mit denen wir zusammenarbeiten, Folgendes tun<br \/>\nautomatisch bestimmte Informationen mit Hilfe von Online-Tracking-Technologien wie Pixeln, Web Beacons, Software Developer Kits und Bibliotheken von Drittanbietern sammeln,<br \/>\nund Kekse.<br \/>\nAlle Informationen, die wir von Dritten erhalten, werden in \u00dcbereinstimmung mit dieser Datenschutzrichtlinie behandelt. Wir sind nicht verantwortlich oder haftbar f\u00fcr die Richtigkeit von<br \/>\ndie Informationen, die uns von Dritten zur Verf\u00fcgung gestellt werden, und sind nicht verantwortlich f\u00fcr die Richtlinien oder Praktiken von Drittparteien. Weitere Informationen finden Sie im Abschnitt<br \/>\nunten, Websites von Dritten und Links.<br \/>\nWie wir Ihre pers\u00f6nlichen Daten verwenden<br \/>\n- Bereitstellung von Produkten und Dienstleistungen. Wir verwenden Ihre pers\u00f6nlichen Daten, um Ihnen die Dienstleistungen zur Verf\u00fcgung zu stellen, damit wir unseren Vertrag mit Ihnen erf\u00fcllen k\u00f6nnen,<br \/>\neinschlie\u00dflich der Bearbeitung Ihrer Zahlungen, der Ausf\u00fchrung Ihrer Bestellungen, der Zusendung von Benachrichtigungen in Bezug auf Ihr Konto, Ihre Eink\u00e4ufe, R\u00fccksendungen, Umtausch oder andere<br \/>\nTransaktionen, um Ihr Konto einzurichten, zu pflegen und anderweitig zu verwalten, um den Versand zu organisieren, R\u00fccksendungen und Umtausch zu erleichtern und um Ihnen zu erm\u00f6glichen<br \/>\nRezensionen schreiben.<br \/>\n- Marketing und Werbung. Wir verwenden Ihre pers\u00f6nlichen Daten f\u00fcr Marketing- und Werbezwecke, z.B. um Marketing, Werbung und<br \/>\nWerbemitteilungen per E-Mail, Textnachricht oder Post und um Ihnen Werbung f\u00fcr Produkte oder Dienstleistungen zu zeigen. Dies kann die Verwendung von<br \/>\nIhre pers\u00f6nlichen Daten, um die Dienste und die Werbung auf unserer Website und anderen Websites besser auf Sie zuzuschneiden.<br \/>\n- Sicherheit und Betrugsbek\u00e4mpfung. Wir verwenden Ihre pers\u00f6nlichen Daten, um m\u00f6gliche betr\u00fcgerische, illegale oder unzul\u00e4ssige Handlungen aufzudecken, zu untersuchen oder Ma\u00dfnahmen zu ergreifen.<br \/>\nb\u00f6swillige Aktivit\u00e4ten. Wenn Sie sich entscheiden, die Dienste zu nutzen und ein Konto zu registrieren, sind Sie daf\u00fcr verantwortlich, Ihre Kontodaten sicher aufzubewahren. Wir sind sehr<br \/>\nempfehlen wir Ihnen, Ihren Benutzernamen, Ihr Passwort oder andere Zugangsdaten nicht an andere Personen weiterzugeben. Wenn Sie glauben, dass Ihr Konto missbraucht wurde<br \/>\nkompromittiert sind, kontaktieren Sie uns bitte sofort.<br \/>\n- Mit Ihnen kommunizieren. Wir verwenden Ihre pers\u00f6nlichen Daten, um Sie zu unterst\u00fctzen und unsere Dienste zu verbessern. Dies geschieht in unserem legitimen<br \/>\nInteressen, um auf Sie eingehen zu k\u00f6nnen, um Ihnen effektive Dienstleistungen anbieten zu k\u00f6nnen und um unsere Gesch\u00e4ftsbeziehung mit Ihnen zu pflegen.<br \/>\nCookies<br \/>\nWie viele andere Websites auch, verwenden wir Cookies auf unserer Website. Spezifische Informationen \u00fcber die Cookies, die wir im Zusammenhang mit dem Betrieb unseres Shops mit Shopify verwenden, finden Sie unter<br \/>\nhttps:\/\/www.shopify.com\/legal\/cookies. Wir verwenden Cookies, um unsere Website und unsere Dienste zu betreiben und zu verbessern (einschlie\u00dflich der Erinnerung an Ihre Aktionen und<br \/>\nPr\u00e4ferenzen), um Analysen durchzuf\u00fchren und die Interaktion der Nutzer mit den Diensten besser zu verstehen (in unserem legitimen Interesse, die Dienste zu verwalten, zu verbessern und zu optimieren)<br \/>\ndie Dienste). Wir k\u00f6nnen auch Dritten und Dienstleistern erlauben, Cookies auf unserer Website zu verwenden, um die Dienste, Produkte und Werbung besser auf Sie abzustimmen.<br \/>\nauf unserer Website und anderen Websites.<br \/>\nDie meisten Browser akzeptieren Cookies standardm\u00e4\u00dfig, aber Sie k\u00f6nnen Ihren Browser so einstellen, dass er Cookies entfernt oder ablehnt<br \/>\nKontrollen. Bitte bedenken Sie, dass das Entfernen oder Blockieren von Cookies Ihre Benutzererfahrung beeintr\u00e4chtigen und dazu f\u00fchren kann, dass einige der Dienste nicht mehr funktionieren,<br \/>\neinschlie\u00dflich bestimmter Features und allgemeiner Funktionen, fehlerhaft arbeiten oder nicht mehr verf\u00fcgbar sein. Au\u00dferdem kann das Blockieren von Cookies nicht vollst\u00e4ndig<br \/>\nzu verhindern, dass wir Informationen mit Dritten, wie z.B. unseren Werbepartnern, teilen.<br \/>\nWie wir pers\u00f6nliche Informationen offenlegen<br \/>\nUnter bestimmten Umst\u00e4nden k\u00f6nnen wir Ihre pers\u00f6nlichen Daten zu legitimen Zwecken, die dieser Datenschutzrichtlinie unterliegen, an Dritte weitergeben. Solche<br \/>\nUmst\u00e4nde k\u00f6nnen sein:<br \/>\nUmst\u00e4nde k\u00f6nnen sein:<br \/>\n- Mit Anbietern oder anderen Dritten, die in unserem Auftrag Dienstleistungen erbringen (z.B. IT-Management, Zahlungsverarbeitung, Datenanalyse, Kundensupport),<br \/>\nCloud-Speicher, Fulfillment und Versand).<br \/>\n- Mit Gesch\u00e4fts- und Marketingpartnern, einschlie\u00dflich Shopify, um Ihnen Dienstleistungen anzubieten und Werbung zu machen. [HINWEIS F\u00dcR H\u00c4NDLER: F\u00dcGEN SIE DAS FOLGENDE EIN<br \/>\nSATZ, WENN SIE DIE ANZEIGENSERVICES VON SHOPIFY NUTZEN, WIE Z. B. SHOPIFY AUDIENCES]] [Wir verwenden Shopify zum Beispiel zur Unterst\u00fctzung personalisierter Werbung mit<br \/>\nDienstleistungen Dritter]. Unsere Gesch\u00e4fts- und Marketingpartner verwenden Ihre Daten in \u00dcbereinstimmung mit ihren eigenen Datenschutzhinweisen.<br \/>\n- Wenn Sie uns anweisen, darum bitten oder anderweitig zustimmen, dass wir bestimmte Informationen an Dritte weitergeben, z. B. um Ihnen Produkte zu liefern oder \u00fcber Ihre<br \/>\nVerwendung von Social Media Widgets oder Login-Integrationen, mit Ihrer Zustimmung.<br \/>\n- Mit unseren Tochtergesellschaften oder innerhalb unserer Unternehmensgruppe, in unserem legitimen Interesse, ein erfolgreiches Gesch\u00e4ft zu f\u00fchren.<br \/>\n- In Verbindung mit einer Gesch\u00e4ftstransaktion wie einer Fusion oder einem Konkurs, um geltenden rechtlichen Verpflichtungen nachzukommen (einschlie\u00dflich der Beantwortung von<br \/>\nVorladungen, Durchsuchungsbefehle und \u00e4hnliche Anfragen), zur Durchsetzung der geltenden Nutzungsbedingungen und zum Schutz oder zur Verteidigung der Dienste, unserer Rechte und der<br \/>\ndie Rechte unserer Nutzer oder anderer.<br \/>\nWir haben in den vergangenen 12 Monaten die folgenden Kategorien personenbezogener Daten und sensibler pers\u00f6nlicher Daten (mit * gekennzeichnet) \u00fcber folgende Personen offengelegt<br \/>\nNutzer zu den oben unter \u201cWie wir Ihre pers\u00f6nlichen Daten sammeln und verwenden\u201d und \u201cWie wir pers\u00f6nliche Daten offenlegen\u201d genannten Zwecken:<br \/>\nKategorie:<br \/>\n- Identifikatoren wie grundlegende Kontaktdaten und bestimmte Bestell- und Kontoinformationen<br \/>\n- Kommerzielle Informationen wie Bestellinformationen, Einkaufsinformationen und Informationen zum Kundensupport<br \/>\n- Internet- oder andere \u00e4hnliche Netzwerkaktivit\u00e4ten, wie z.B. Nutzungsdaten<br \/>\nKategorien von Empf\u00e4ngern:<br \/>\n- Anbieter und Dritte, die in unserem Auftrag Dienstleistungen erbringen (z. B. Internetdienstleister, Zahlungsabwickler, Fulfillment-Partner, Kunden<br \/>\nSupport-Partner und Anbieter von Datenanalysen)<br \/>\n- Gesch\u00e4fts- und Marketingpartner<br \/>\n- Verbundene Unternehmen<br \/>\nWir verwenden oder offenbaren keine sensiblen pers\u00f6nlichen Daten, um R\u00fcckschl\u00fcsse auf Ihre Person zu ziehen.<br \/>\n[HINWEIS F\u00dcR H\u00c4NDLER: F\u00dcGEN SIE DEN FOLGENDEN ABSATZ UND DIE LISTEN EIN, WENN SIE DIE ANZEIGENSERVICES VON SHOPIFY WIE SHOPIFY AUDIENCES ODER ENGAGING VERWENDEN.<br \/>\nBEI JEDER ANDEREN AKTIVIT\u00c4T, DIE ALS \u201cVERKAUF\u201d ODER \u201cWEITERGABE\u201d VON PERS\u00d6NLICHEN DATEN ODER ALS VERARBEITUNG VON PERS\u00d6NLICHEN DATEN ANGESEHEN WERDEN KANN<br \/>\nF\u00dcR \u201cGEZIELTE WERBUNG\u201d]]\nWir haben in den vorangegangenen 12 Monaten personenbezogene Daten \u201cverkauft\u201d und \u201cweitergegeben\u201d (wie diese Begriffe im geltenden Recht definiert sind), und zwar zum Zweck von<br \/>\nWerbung und Marketing zu betreiben, wie folgt.<br \/>\nKategorie der pers\u00f6nlichen Informationen<br \/>\n- Identifikatoren wie grundlegende Kontaktdaten und bestimmte Bestell- und Kontoinformationen<br \/>\n- Kommerzielle Informationen wie Aufzeichnungen \u00fcber gekaufte Produkte oder Dienstleistungen und Einkaufsinformationen<br \/>\n- Internet- oder andere \u00e4hnliche Netzwerkaktivit\u00e4ten, wie z.B. Nutzungsdaten<br \/>\nKategorien von Empf\u00e4ngern<br \/>\n- Gesch\u00e4fts- und Marketingpartner<br \/>\nBenutzergenerierte Inhalte<br \/>\nDie Dienste erm\u00f6glichen es Ihnen m\u00f6glicherweise, Produktbewertungen und andere nutzergenerierte Inhalte zu ver\u00f6ffentlichen. Wenn Sie sich entscheiden, nutzergenerierte Inhalte an eine \u00f6ffentliche<br \/>\nBereich der Dienste, sind diese Inhalte \u00f6ffentlich und f\u00fcr jedermann zug\u00e4nglich.<br \/>\nWir k\u00f6nnen nicht kontrollieren, wer Zugang zu den Informationen hat, die Sie anderen zur Verf\u00fcgung stellen, und wir k\u00f6nnen nicht sicherstellen, dass die Parteien, die Zugang zu den Informationen haben<br \/>\nzu solchen Informationen Ihre Privatsph\u00e4re respektieren oder sie sicher aufbewahren werden. Wir sind nicht verantwortlich f\u00fcr den Datenschutz oder die Sicherheit von Informationen, die Sie uns zur Verf\u00fcgung stellen.<br \/>\n\u00f6ffentlich zug\u00e4nglich sind, oder f\u00fcr die Richtigkeit, die Verwendung oder den Missbrauch von Informationen, die Sie offenlegen oder von Dritten erhalten.<br \/>\nWebsites und Links von Dritten<br \/>\nUnsere Website kann Links zu Websites oder anderen Online-Plattformen enthalten, die von Dritten betrieben werden. Wenn Sie Links zu Websites folgen, die nicht mit uns verbunden sind oder von uns kontrolliert werden,<br \/>\nAngetrieben von Shopify<br \/>\nwww.shopify.com<br \/>\nUnsere Website kann Links zu Websites oder anderen Online-Plattformen enthalten, die von Dritten betrieben werden. Wenn Sie Links zu Websites folgen, die nicht mit uns verbunden sind oder von uns kontrolliert werden,<br \/>\nsollten Sie deren Datenschutz- und Sicherheitsrichtlinien sowie andere Bedingungen und Konditionen \u00fcberpr\u00fcfen. Wir garantieren nicht und sind nicht verantwortlich f\u00fcr den Datenschutz oder die<br \/>\nSicherheit dieser Websites, einschlie\u00dflich der Genauigkeit, Vollst\u00e4ndigkeit oder Zuverl\u00e4ssigkeit der auf diesen Websites gefundenen Informationen. Informationen, die Sie auf \u00f6ffentlichen oder halb-\u00f6ffentlichen<br \/>\nOrte, einschlie\u00dflich Informationen, die Sie auf sozialen Netzwerkplattformen Dritter teilen, k\u00f6nnen auch von anderen Nutzern der Dienste eingesehen werden und\/oder<br \/>\nNutzer dieser Drittplattformen ohne Einschr\u00e4nkung hinsichtlich ihrer Nutzung durch uns oder einen Dritten. Die Aufnahme solcher Links durch uns impliziert nicht per se irgendeine<br \/>\ndie Inhalte auf diesen Plattformen oder deren Eigent\u00fcmer oder Betreiber zu billigen, es sei denn, dies ist in den Diensten angegeben.<br \/>\nDaten f\u00fcr Kinder<br \/>\nDie Dienste sind nicht f\u00fcr die Nutzung durch Kinder gedacht, und wir sammeln wissentlich keine pers\u00f6nlichen Daten von Kindern. Wenn Sie der Elternteil sind oder<br \/>\nErziehungsberechtigten eines Kindes, das uns seine pers\u00f6nlichen Daten zur Verf\u00fcgung gestellt hat, k\u00f6nnen Sie sich \u00fcber die unten angegebenen Kontaktdaten an uns wenden und verlangen, dass diese Daten<br \/>\ngel\u00f6scht.<br \/>\nZum Zeitpunkt des Inkrafttretens dieser Datenschutzrichtlinie haben wir keine Kenntnis davon, dass wir \u201cteilen\u201d oder \u201cverkaufen\u201d (wie diese Begriffe im geltenden Recht definiert sind)<br \/>\npers\u00f6nliche Informationen von Personen unter 16 Jahren.<br \/>\n[HINWEIS F\u00dcR H\u00c4NDLER: BITTE KONSULTIEREN SIE EINEN RECHTSBEISTAND, WENN IHRE WEBSITE AUF KINDER AUSGERICHTET IST, DA SPEZIFISCHERE ANGABEN GEMACHT WERDEN K\u00d6NNEN.<br \/>\nERFORDERLICH]]\nSicherheit und Aufbewahrung Ihrer Informationen<br \/>\nBitte beachten Sie, dass keine Sicherheitsma\u00dfnahmen perfekt oder undurchdringlich sind, und wir k\u00f6nnen keine \u201cperfekte Sicherheit\u201d garantieren. Dar\u00fcber hinaus werden alle Informationen, die Sie<br \/>\ndie Sie an uns senden, sind w\u00e4hrend der \u00dcbertragung m\u00f6glicherweise nicht sicher. Wir empfehlen Ihnen, keine unsicheren Kan\u00e4le zu verwenden, um sensible oder vertrauliche Informationen zu \u00fcbermitteln.<br \/>\nInformationen an uns weiter.<\/p>\n<\/header>\n<\/header>","protected":false},"excerpt":{"rendered":"<p>Ecommerce Professionals Group LLC Privacy Policy. This Privacy Policy describes how Ecommerce Professionals Group LLC (the &#8220;Site&#8221;, &#8220;we&#8221;, &#8220;us&#8221;, or &#8220;our&#8221;) collects, uses, and discloses your personal information when you visit, use our services, or make a purchase from oraculums.com (the &#8220;Site&#8221;) or otherwise communicate with us (collectively, the &#8220;Services&#8221;). For purposes of this Privacy [&#8230;]","protected":false},"author":1,"featured_media":0,"parent":0,"menu_order":0,"comment_status":"closed","ping_status":"closed","template":"","meta":{"footnotes":""},"class_list":["post-5733","page","type-page","status-publish","hentry"],"_links":{"self":[{"href":"https:\/\/oraculums.com\/de\/wp-json\/wp\/v2\/pages\/5733","targetHints":{"allow":["GET"]}}],"collection":[{"href":"https:\/\/oraculums.com\/de\/wp-json\/wp\/v2\/pages"}],"about":[{"href":"https:\/\/oraculums.com\/de\/wp-json\/wp\/v2\/types\/page"}],"author":[{"embeddable":true,"href":"https:\/\/oraculums.com\/de\/wp-json\/wp\/v2\/users\/1"}],"replies":[{"embeddable":true,"href":"https:\/\/oraculums.com\/de\/wp-json\/wp\/v2\/comments?post=5733"}],"version-history":[{"count":0,"href":"https:\/\/oraculums.com\/de\/wp-json\/wp\/v2\/pages\/5733\/revisions"}],"wp:attachment":[{"href":"https:\/\/oraculums.com\/de\/wp-json\/wp\/v2\/media?parent=5733"}],"curies":[{"name":"wp","href":"https:\/\/api.w.org\/{rel}","templated":true}]}}